{"id":2893,"date":"2019-06-12T12:28:50","date_gmt":"2019-06-12T12:28:50","guid":{"rendered":"https:\/\/www.mettler1929.ch\/product\/stc-anti-aging-serum\/"},"modified":"2026-03-24T06:15:27","modified_gmt":"2026-03-24T06:15:27","slug":"stc-anti-aging-serum","status":"publish","type":"product","link":"https:\/\/www.mettler1929.ch\/de\/produkt\/stc-anti-aging-serum\/","title":{"rendered":"STC Anti-Aging Serum"},"content":{"rendered":"","protected":false},"excerpt":{"rendered":"<p> Stimuliert die nat\u00fcrliche Zellerneuerung. Tiefenwirksame Pflege, die feine Linien und F\u00e4ltchen reduziert und die Festigkeit verbessert. Pflegt und st\u00e4rkt die Schutzbarriere.<\/p>\n<p> 90% nat\u00fcrliche Inhaltsstoffe<br \/>\n0 % Parabene \u2013 0 % Paraffin \u2013 0 % Alkohol<br \/>\nph-neutral<\/p>\n<p><strong>ERGEBNISSE*<\/strong><br \/>\n-7% reduzierte Faltentiefe bereits nach 28 Tagen Anwendung<br \/>\n-5% weniger transepidermaler Wasserverlust bereits nach 24 Stunden<\/p>\n<p>90 % empfinden ihre Haut direkt nach der Anwendung als weich, geschmeidig und angenehm.<\/p>\n<p><em>*Klinischer Test in 28 Tagen an 20 Frauen zwischen 40 und 70 Jahren mit sichtbaren Falten <\/em><\/p>\n<hr \/>\n<p><strong>HAUTTYP<\/strong><br \/>\nAlle, besonders um proaktiv gegen Vorzeitiger Hautalterung anzugehen.<\/p>\n<hr \/>\n<p><strong>EMPFOHLENE ANWENDUNG<\/strong><br \/>\nSCHRITT 1: Morgens und abends auf das Gesicht, Hals und Dekollet\u00e9 auftragen<br \/>\nSCHRITT 2: Tragen Sie danach die STC Creme 24h auf<\/p>\n<hr \/>\n<p><strong>INHALTSSTOFFE<\/strong><br \/>\nApfelstammzellen \u2013 PhytoCellTec \u2122 Malus Domestica Komplex, Holunderbl\u00fcten Extrakt, Peptide, Hafer Extrakt, Vitamin E, Hyalurons\u00e4ure<\/p>\n","protected":false},"featured_media":2894,"comment_status":"open","ping_status":"closed","template":"","meta":[],"use":[114],"ingredients":[430,398,408,428,427,417],"product_cat":[98],"product_tag":[],"acf":{"complex_text":"<strong> PhytoCellTec \u2122 Malus Domestica:<\/strong> patentiertes liposomales Pr\u00e4parat von Apfelstammzellen der Sorte \"Uttwiler Sp\u00e4tlauber\". Dieser Komplex sch\u00fctzt die Zellvitalit\u00e4t- und lebensdauer der Haut und verz\u00f6gert den Alterungsprozess.<hr \/><strong> Holunderbl\u00fcten Extrakt:<\/strong> beruhigt und pflegt die Haut samtig weich. Es enth\u00e4lt nat\u00fcrliche Antioxidantien.<hr \/><strong> Peptide:<\/strong> stimulieren die Kollagenproduktion und helfen bei der allgemeinen Regeneration der Haut, wodurch ihre Elastizit\u00e4t verbessert wird.<hr \/><strong> Hafer Extrakt:<\/strong> spendet Feuchtigkeit.<hr \/><strong> Hyalurons\u00e4ure:<\/strong> sch\u00fctzt vor Austrocknung, spendet Feuchtigkeit und versorgt die Haut mit Wasser. Sie wirkt wie ein Schwamm, der bis zu 1000 Mal sein eigenes Gewicht in Wasser halten kann.","complex_cover":4514,"complex_background_color":"stc-color"},"_links":{"self":[{"href":"https:\/\/www.mettler1929.ch\/de\/wp-json\/wp\/v2\/product\/2893"}],"collection":[{"href":"https:\/\/www.mettler1929.ch\/de\/wp-json\/wp\/v2\/product"}],"about":[{"href":"https:\/\/www.mettler1929.ch\/de\/wp-json\/wp\/v2\/types\/product"}],"replies":[{"embeddable":true,"href":"https:\/\/www.mettler1929.ch\/de\/wp-json\/wp\/v2\/comments?post=2893"}],"wp:featuredmedia":[{"embeddable":true,"href":"https:\/\/www.mettler1929.ch\/de\/wp-json\/wp\/v2\/media\/2894"}],"wp:attachment":[{"href":"https:\/\/www.mettler1929.ch\/de\/wp-json\/wp\/v2\/media?parent=2893"}],"wp:term":[{"taxonomy":"use","embeddable":true,"href":"https:\/\/www.mettler1929.ch\/de\/wp-json\/wp\/v2\/use?post=2893"},{"taxonomy":"ingredients","embeddable":true,"href":"https:\/\/www.mettler1929.ch\/de\/wp-json\/wp\/v2\/ingredients?post=2893"},{"taxonomy":"product_cat","embeddable":true,"href":"https:\/\/www.mettler1929.ch\/de\/wp-json\/wp\/v2\/product_cat?post=2893"},{"taxonomy":"product_tag","embeddable":true,"href":"https:\/\/www.mettler1929.ch\/de\/wp-json\/wp\/v2\/product_tag?post=2893"}],"curies":[{"name":"wp","href":"https:\/\/api.w.org\/{rel}","templated":true}]}}