{"id":2891,"date":"2019-06-12T12:28:51","date_gmt":"2019-06-12T12:28:51","guid":{"rendered":"https:\/\/www.mettler1929.ch\/product\/stc-anti-aging-24h-creme\/"},"modified":"2024-05-05T17:48:11","modified_gmt":"2024-05-05T17:48:11","slug":"stc-anti-aging-24h-creme","status":"publish","type":"product","link":"https:\/\/www.mettler1929.ch\/de\/produkt\/stc-anti-aging-24h-creme\/","title":{"rendered":"STC Anti-Aging 24H Creme"},"content":{"rendered":"","protected":false},"excerpt":{"rendered":"<p>Die exklusive Kombination aus Schweizer Inhaltsstoffen und modernster Technologie vereint in einer Pflegecreme, um die Zellerneuerung anzuregen und die Elastizit\u00e4t Ihrer Haut zu verbessern. Reduziert effektiv feine Linien und F\u00e4ltchen.<\/p>\n<p>Unser Bestseller in der Apotheke <\/p>\n<p>Die biomimetische Textur (Fl\u00fcssigkristalle) f\u00f6rdert die effektive Aufnahme und Leistung der Wirkstoffe: f\u00fcr EINZIGARTIGE, SOFORTIGE und LANGANHALTENDE WIRKUNG<\/p>\n<p>85 % nat\u00fcrliche Inhaltsstoffe<br \/>\n0 % Parabene \u2013 0 % Paraffin \u2013  0 % Alkohol<br \/>\npH-neutral<\/p>\n<hr \/>\n<p><strong>HAUTTYP<\/strong><br \/>\nAlle, besonders um proaktiv gegen Vorzeitiger Hautalterung anzugehen<\/p>\n<hr \/>\n<p><strong>EMPFOHLENE ANWENDUNG<\/strong><br \/>\nSCHRITT 1: Morgens und abends das STC Serum auf das Gesicht, Hals und Dekollet\u00e9 auftragen.<br \/>\nSCHRITT 2: Tragen Sie danach die STC Creme 24h auf.<\/p>\n<p><strong>INHALTSSTOFFE<\/strong><br \/>\nApfelstammzellen-Komplex PhytoCellTec \u2122 Malus Domestica, Peptide, Vitamin E, Vitamin C, Panthenol, Saccharid Isomerate, Fucose Concentrate<\/p>\n","protected":false},"featured_media":2892,"comment_status":"open","ping_status":"closed","template":"","meta":[],"use":[114],"ingredients":[415,429,428,427,424,418,417],"product_cat":[98],"product_tag":[],"acf":{"complex_text":"<strong> PhytoCellTec \u2122 Malus Domestica:<\/strong> patentiertes liposomales Pr\u00e4parat mit Schweizer Apfelstammzellen. Dieser Komplex sch\u00fctzt die Zellvitalit\u00e4t und Lebensdauer der Haut und verz\u00f6gert den Alterungsprozess.<hr \/><strong>Peptide:<\/strong> stimulieren die Kollagenproduktion und helfen bei der allgemeinen Regeneration der Haut, wodurch ihre Elastizit\u00e4t verbessert wird.<hr \/><strong> Vitamin E:<\/strong> sch\u00fctzt vor freien Radikalen und beruhigt die Haut.<hr \/><strong> Vitamin C:<\/strong> wirkt verfeinernd und hat antioxidative Eigenschaften.<hr \/><strong> Panthenol:<\/strong> regeneriert, spendet Feuchtigkeit und wirkt beruhigend.<hr \/><strong>Saccharid Isomerate<\/strong> - innovativer Wirkstoff aus Weizen: beruhigt und verbessert das Feuchtigkeitsverm\u00f6gen der Haut.<hr \/><strong> Fucose Konzentrat:<\/strong> st\u00e4rkt die Hautbarriere und stimuliert die Keratinozyten der Epidermis.","complex_cover":1982,"complex_background_color":"stc-color"},"_links":{"self":[{"href":"https:\/\/www.mettler1929.ch\/de\/wp-json\/wp\/v2\/product\/2891"}],"collection":[{"href":"https:\/\/www.mettler1929.ch\/de\/wp-json\/wp\/v2\/product"}],"about":[{"href":"https:\/\/www.mettler1929.ch\/de\/wp-json\/wp\/v2\/types\/product"}],"replies":[{"embeddable":true,"href":"https:\/\/www.mettler1929.ch\/de\/wp-json\/wp\/v2\/comments?post=2891"}],"wp:featuredmedia":[{"embeddable":true,"href":"https:\/\/www.mettler1929.ch\/de\/wp-json\/wp\/v2\/media\/2892"}],"wp:attachment":[{"href":"https:\/\/www.mettler1929.ch\/de\/wp-json\/wp\/v2\/media?parent=2891"}],"wp:term":[{"taxonomy":"use","embeddable":true,"href":"https:\/\/www.mettler1929.ch\/de\/wp-json\/wp\/v2\/use?post=2891"},{"taxonomy":"ingredients","embeddable":true,"href":"https:\/\/www.mettler1929.ch\/de\/wp-json\/wp\/v2\/ingredients?post=2891"},{"taxonomy":"product_cat","embeddable":true,"href":"https:\/\/www.mettler1929.ch\/de\/wp-json\/wp\/v2\/product_cat?post=2891"},{"taxonomy":"product_tag","embeddable":true,"href":"https:\/\/www.mettler1929.ch\/de\/wp-json\/wp\/v2\/product_tag?post=2891"}],"curies":[{"name":"wp","href":"https:\/\/api.w.org\/{rel}","templated":true}]}}