{"id":2887,"date":"2019-06-12T12:28:58","date_gmt":"2019-06-12T12:28:58","guid":{"rendered":"https:\/\/www.mettler1929.ch\/product\/stc-anti-aging-maske\/"},"modified":"2022-07-20T09:01:00","modified_gmt":"2022-07-20T09:01:00","slug":"stc-anti-aging-maske","status":"publish","type":"product","link":"https:\/\/www.mettler1929.ch\/de\/produkt\/stc-anti-aging-maske\/","title":{"rendered":"STC Anti-Aging Maske"},"content":{"rendered":"","protected":false},"excerpt":{"rendered":"<p>Die mit modernster Technologie formulierte Maske bietet ein sofortiges Ergebnis gegen feine Linien und F\u00e4ltchen. Es beseitigt Anzeichen von M\u00fcdigkeit, bringt den Teint zum Strahlen und verbessert die nat\u00fcrliche Festigkeit Ihrer Haut. <\/p>\n<p>Die biomimetische Textur (Fl\u00fcssigkristalle) f\u00f6rdert die effektive Aufnahme und Leistung der Wirkstoffe: f\u00fcr EINZIGARTIGE, SOFORTIGE und LANGANHALTENDE WIRKUNG.<\/p>\n<p>90% nat\u00fcrliche Inhaltsstoffe<br \/>\n0 % Parabene \u2013 0 % Paraffin \u2013 0% Alkohol<br \/>\npH-neutral<\/p>\n<hr \/>\n<p><strong>HAUTTYP<\/strong><br \/>\nAlle, besonders um proaktiv gegen Vorzeitiger Hautalterung anzugehen.<\/p>\n<hr \/>\n<p><strong>EMPFOHLENE ANWENDUNG<\/strong><br \/>\n1-2 Mal pro Woche f\u00fcr mindestens 20 Minuten auf Gesicht und Hals auftragen. Entfernen Sie den \u00dcberschuss mit warmem Wasser und einem Wattepad. F\u00fcr mehr Regeneration kann die Maske nach der Einwirkzeit verteilt werden und \u00fcber Nacht auf der Haut gelassen werden.<\/p>\n<hr \/>\n<p><strong>INHALTSSTOFFE<\/strong><br \/>\nApfelstammzellen, Hyalurons\u00e4ure, Vitamin C, Panthenol, Saccharid Isomerate, Fucose L\u00f6sung, Jojoba\u00f6l<\/p>\n","protected":false},"featured_media":2888,"comment_status":"open","ping_status":"closed","template":"","meta":[],"use":[114],"ingredients":[415,408,406,429,427,425,418],"product_cat":[98],"product_tag":[],"acf":{"complex_text":"<strong> PhytoCellTec \u2122 Malus Domestica:<\/strong> patentiertes liposomales Pr\u00e4parat von Apfelstammzellen der Sorte \"Uttwiler Sp\u00e4tlauber\". Dieser Komplex sch\u00fctzt die Zellvitalit\u00e4t- und lebensdauer der Haut und verz\u00f6gert den Alterungsprozess.<hr \/><strong> Vitamin C:<\/strong> wirkt verfeinernd und hat antioxidative Eigenschaften.<hr \/><strong> Hyalurons\u00e4ure:<\/strong> sch\u00fctzt vor Austrocknung, spendet Feuchtigkeit und versorgt die Haut mit Wasser. Sie wirkt wie ein Schwamm, der bis zu 1000 Mal sein eigenes Gewicht in Wasser halten kann.<hr \/><strong> Panthenol:<\/strong> regeneriert, spendet Feuchtigkeit und wirkt beruhigend.<hr \/><strong>Saccharid Isomerate<\/strong> - innovativer Wirkstoff aus Weizen: beruhigt und verbessert das Feuchtigkeitsverm\u00f6gen der Haut.<hr \/><strong> Fucose Konzentrat:<\/strong> st\u00e4rkt die Hautbarriere und stimuliert die Keratinozyten der Epidermis.<hr \/><strong> Jojoba \u00d6l:<\/strong> konserviert die Feuchtigkeit in der Haut und regeneriert.","complex_cover":1982,"complex_background_color":"stc-color"},"_links":{"self":[{"href":"https:\/\/www.mettler1929.ch\/de\/wp-json\/wp\/v2\/product\/2887"}],"collection":[{"href":"https:\/\/www.mettler1929.ch\/de\/wp-json\/wp\/v2\/product"}],"about":[{"href":"https:\/\/www.mettler1929.ch\/de\/wp-json\/wp\/v2\/types\/product"}],"replies":[{"embeddable":true,"href":"https:\/\/www.mettler1929.ch\/de\/wp-json\/wp\/v2\/comments?post=2887"}],"wp:featuredmedia":[{"embeddable":true,"href":"https:\/\/www.mettler1929.ch\/de\/wp-json\/wp\/v2\/media\/2888"}],"wp:attachment":[{"href":"https:\/\/www.mettler1929.ch\/de\/wp-json\/wp\/v2\/media?parent=2887"}],"wp:term":[{"taxonomy":"use","embeddable":true,"href":"https:\/\/www.mettler1929.ch\/de\/wp-json\/wp\/v2\/use?post=2887"},{"taxonomy":"ingredients","embeddable":true,"href":"https:\/\/www.mettler1929.ch\/de\/wp-json\/wp\/v2\/ingredients?post=2887"},{"taxonomy":"product_cat","embeddable":true,"href":"https:\/\/www.mettler1929.ch\/de\/wp-json\/wp\/v2\/product_cat?post=2887"},{"taxonomy":"product_tag","embeddable":true,"href":"https:\/\/www.mettler1929.ch\/de\/wp-json\/wp\/v2\/product_tag?post=2887"}],"curies":[{"name":"wp","href":"https:\/\/api.w.org\/{rel}","templated":true}]}}