{"id":2879,"date":"2019-06-12T12:28:57","date_gmt":"2019-06-12T12:28:57","guid":{"rendered":"https:\/\/www.mettler1929.ch\/product\/anti-aging-augenkonturcreme\/"},"modified":"2024-05-05T17:49:00","modified_gmt":"2024-05-05T17:49:00","slug":"anti-aging-augenkonturcreme","status":"publish","type":"product","link":"https:\/\/www.mettler1929.ch\/de\/produkt\/anti-aging-augenkonturcreme\/","title":{"rendered":"Anti-Aging Augenkonturcreme"},"content":{"rendered":"","protected":false},"excerpt":{"rendered":"<p>Nat\u00fcrliche Kraft die Linien und Falten sichtbar reduziert und aufpolstert. Reichhaltige Textur die dunkle Schatten und Schwellungen unter den Augen reduziert und einen zarten Schutzfilm hinterl\u00e4sst.<\/p>\n<p>Die biomimetische Textur (Fl\u00fcssigkristalle) f\u00f6rdert die effektive Aufnahme und Leistung der Wirkstoffe: f\u00fcr EINZIGARTIGE, SOFORTIGE und LANGANHALTENDE WIRKUNG.<\/p>\n<p>86% nat\u00fcrliche Inhaltsstoffe<br \/>\n0 % Parabene \u2013 0 % Paraffin \u2013 0 % Parf\u00fcm \u2013 0 % Ethanol \u2013 0% Alkohol<br \/>\npH-neutral<\/p>\n<hr \/>\n<p><strong>HAUTTYP<\/strong><br \/>\nReife bis sehr reife Haut<\/p>\n<hr \/>\n<p><strong>EMPFOHLENE ANWENDUNG<\/strong><br \/>\nMorgens und abends in kreisenden Bewegungen auftragen und leicht einklopfen. Direkten Kontakt mit den Augen vermeiden.<\/p>\n<hr \/>\n<p><strong>INHALTSSTOFFE<\/strong><br \/>\nHibiskus Extrakt,Hyaluron,Peptide, Vitamin E, Vitamin C, Mica, Gr\u00fcne Mikroalge Extrakt \u00abChlorella\u00bb, Hafer Extrakt, Koffein<\/p>\n","protected":false},"featured_media":2880,"comment_status":"open","ping_status":"closed","template":"","meta":[],"use":[112],"ingredients":[430,409,408,392,402,401,428,418,417],"product_cat":[84],"product_tag":[],"acf":{"complex_text":"<hr \/><strong> Hibiskus Extrakt:<\/strong> vitalisiert die Haut und sch\u00fctzt vor freien Radikalen.<hr \/><strong> Hyalurons\u00e4ure:<\/strong> Sch\u00fctzt vor Austrocknung und versorgt die Haut mit ausreichend Feuchtigkeit.Sie wirkt wie ein Schwamm, der bis zu 1000 Mal sein eigenes Gewicht in Wasser halten kann.Hat einen aufpolsternden Effekt, der hilft, Falten und feine Linien zu mindern<hr \/><strong> Peptide:<\/strong> stimulieren die Kollagenproduktion und strafft die Haut mit einem aufpolsternden Effekt.<hr \/><strong> Mica:<\/strong> reflektiert das Licht und bring die Augenpartie zum strahlen. <hr \/><strong> Gr\u00fcne Mikroalge Extrakt \u00abChlorella\u00bb:<\/strong> aktiv gegen dunkle Augenschatten.<hr \/><strong> Hafer Extrakt:<\/strong> spendet Feuchtigkeit und verfeinert das Hautbild.<hr \/><strong> Koffein:<\/strong> strafft die zarte Augenpartie und wirkt abschwellend.","complex_cover":1982,"complex_background_color":"antiage-color"},"_links":{"self":[{"href":"https:\/\/www.mettler1929.ch\/de\/wp-json\/wp\/v2\/product\/2879"}],"collection":[{"href":"https:\/\/www.mettler1929.ch\/de\/wp-json\/wp\/v2\/product"}],"about":[{"href":"https:\/\/www.mettler1929.ch\/de\/wp-json\/wp\/v2\/types\/product"}],"replies":[{"embeddable":true,"href":"https:\/\/www.mettler1929.ch\/de\/wp-json\/wp\/v2\/comments?post=2879"}],"wp:featuredmedia":[{"embeddable":true,"href":"https:\/\/www.mettler1929.ch\/de\/wp-json\/wp\/v2\/media\/2880"}],"wp:attachment":[{"href":"https:\/\/www.mettler1929.ch\/de\/wp-json\/wp\/v2\/media?parent=2879"}],"wp:term":[{"taxonomy":"use","embeddable":true,"href":"https:\/\/www.mettler1929.ch\/de\/wp-json\/wp\/v2\/use?post=2879"},{"taxonomy":"ingredients","embeddable":true,"href":"https:\/\/www.mettler1929.ch\/de\/wp-json\/wp\/v2\/ingredients?post=2879"},{"taxonomy":"product_cat","embeddable":true,"href":"https:\/\/www.mettler1929.ch\/de\/wp-json\/wp\/v2\/product_cat?post=2879"},{"taxonomy":"product_tag","embeddable":true,"href":"https:\/\/www.mettler1929.ch\/de\/wp-json\/wp\/v2\/product_tag?post=2879"}],"curies":[{"name":"wp","href":"https:\/\/api.w.org\/{rel}","templated":true}]}}