{"id":2875,"date":"2019-06-12T12:28:59","date_gmt":"2019-06-12T12:28:59","guid":{"rendered":"https:\/\/www.mettler1929.ch\/product\/anti-aging-nachtcreme\/"},"modified":"2022-09-12T13:12:50","modified_gmt":"2022-09-12T13:12:50","slug":"anti-aging-nachtcreme","status":"publish","type":"product","link":"https:\/\/www.mettler1929.ch\/de\/produkt\/anti-aging-nachtcreme\/","title":{"rendered":"Anti-Aging Nachtcreme"},"content":{"rendered":"","protected":false},"excerpt":{"rendered":"<p>Unterst\u00fctzt die Hautregeneration und die Kollagenproduktion w\u00e4hrend der Nacht.Verbessert die Hautfestigkeit und Die Behandlung f\u00f6rdert die Kollagenproduktion und Zellregeneration w\u00e4hrend der Nacht und schenkt Ihnen einen strahlenden Teint. Die reichhaltige Textur n\u00e4hrt tief, verbessert die Festigkeit Ihrer Haut und gl\u00e4ttet das Erscheinungsbild von Falten.<\/p>\n<p>Die biomimetische Textur (Fl\u00fcssigkristalle) f\u00f6rdert die effektive Aufnahme und Leistung der Wirkstoffe: f\u00fcr EINZIGARTIGE, SOFORTIGE und LANGANHALTENDE WIRKUNG.<\/p>\n<p>0% Parabene &#8211; 0% Parraffin &#8211; 0% Alkohol<br \/>\npH-neutral<\/p>\n<p><strong>ERGEBNISSE<\/strong>*<br \/>\n4% mehr Festigkeit der Haut nach 28 Tagen Anwendung<br \/>\n8% weniger Faltentiefe nach 28 Tagen Anwendung<\/p>\n<p><strong>95%<\/strong> haben eine allgemeine Verbesserung ihrer Hautqualit\u00e4t festgestellt.<br \/>\n<strong>95%<\/strong> empfinden ihre Haut nach der Anwendung als weich, geschmeidig und angenehm.<br \/>\n<strong>95%<\/strong> berichten, dass ihre Haut vor dem Austrocknen gesch\u00fctzt ist.<\/p>\n<p><em>* Klinischer Test in 28 Tagen an 20 Frauen zwischen 40 und 70 Jahren mit sichtbaren Falten<\/em><\/p>\n<hr \/>\n<p><strong>HAUTTYP<\/strong><br \/>\nReife, bis sehr reife Haut<\/p>\n<hr \/>\n<p><strong>EMPFOHLENE ANWENDUNG<\/strong><br \/>\nAbends auf Gesicht, Hals und Dekollet\u00e9 auftragen. F\u00fcr ein ideales Ergebnis vorher das STC Anti-Aging Serum auftragen.<\/p>\n<hr \/>\n<p><strong>INHALTSSTOFFE<\/strong><br \/>\nHibiskus Extrakt,Hyaluron,Peptide, Vitamin E, Vitamin C, Hafer Extrakt, Nat\u00fcrliches Squalan aus dem Olivenbaum<\/p>\n","protected":false},"featured_media":2876,"comment_status":"open","ping_status":"closed","template":"","meta":[],"use":[114],"ingredients":[430,409,408,431,428,418,417],"product_cat":[84],"product_tag":[],"acf":{"complex_text":"<hr \/><strong> Hibiskus Extrakt:<\/strong> vitalisiert die Haut und sch\u00fctzt vor freien Radikalen.<hr \/><strong> Hyalurons\u00e4ure:<\/strong> Sch\u00fctzt vor Austrocknung und versorgt die Haut mit ausreichend Feuchtigkeit.Sie wirkt wie ein Schwamm, der bis zu 1000 Mal sein eigenes Gewicht in Wasser halten kann.Hat einen aufpolsternden Effekt, der hilft, Falten und feine Linien zu mindern<hr\/><strong> Peptide:<\/strong> stimulieren die Kollagenproduktion und strafft die Haut mit einem aufpolsternden Effekt.<hr \/><strong> Vitamin E:<\/strong> sch\u00fctzt vor freien Radikalen und beruhigt die Haut.<hr \/><strong> Vitamin C:<\/strong> verfeinert das Hautbild und hat antioxidative Eigenschaften.<hr \/><strong> Hafer Extrakt:<\/strong> spendet Feuchtigkeit und verfeinert das Hautbild.<hr \/><strong> Nat\u00fcrliches Squalan:<\/strong> wird aus dem Olivenbaum gewonnen und bewahrt die Haut vor dem Feuchtigkeitsverlust.","complex_cover":1982,"complex_background_color":"antiage-color"},"_links":{"self":[{"href":"https:\/\/www.mettler1929.ch\/de\/wp-json\/wp\/v2\/product\/2875"}],"collection":[{"href":"https:\/\/www.mettler1929.ch\/de\/wp-json\/wp\/v2\/product"}],"about":[{"href":"https:\/\/www.mettler1929.ch\/de\/wp-json\/wp\/v2\/types\/product"}],"replies":[{"embeddable":true,"href":"https:\/\/www.mettler1929.ch\/de\/wp-json\/wp\/v2\/comments?post=2875"}],"wp:featuredmedia":[{"embeddable":true,"href":"https:\/\/www.mettler1929.ch\/de\/wp-json\/wp\/v2\/media\/2876"}],"wp:attachment":[{"href":"https:\/\/www.mettler1929.ch\/de\/wp-json\/wp\/v2\/media?parent=2875"}],"wp:term":[{"taxonomy":"use","embeddable":true,"href":"https:\/\/www.mettler1929.ch\/de\/wp-json\/wp\/v2\/use?post=2875"},{"taxonomy":"ingredients","embeddable":true,"href":"https:\/\/www.mettler1929.ch\/de\/wp-json\/wp\/v2\/ingredients?post=2875"},{"taxonomy":"product_cat","embeddable":true,"href":"https:\/\/www.mettler1929.ch\/de\/wp-json\/wp\/v2\/product_cat?post=2875"},{"taxonomy":"product_tag","embeddable":true,"href":"https:\/\/www.mettler1929.ch\/de\/wp-json\/wp\/v2\/product_tag?post=2875"}],"curies":[{"name":"wp","href":"https:\/\/api.w.org\/{rel}","templated":true}]}}