{"id":2871,"date":"2019-06-12T12:28:51","date_gmt":"2019-06-12T12:28:51","guid":{"rendered":"https:\/\/www.mettler1929.ch\/product\/antibakterielles-schutzgel-fur-die-hande-2\/"},"modified":"2024-05-05T17:48:11","modified_gmt":"2024-05-05T17:48:11","slug":"schutzendes-desinfektionsgel-fur-die-hande","status":"publish","type":"product","link":"https:\/\/www.mettler1929.ch\/de\/produkt\/schutzendes-desinfektionsgel-fur-die-hande\/","title":{"rendered":"Sch\u00fctzendes Desinfektionsgel f\u00fcr die H\u00e4nde"},"content":{"rendered":"","protected":false},"excerpt":{"rendered":"<p><span title=\"\">Desinfiziert die H\u00e4nde mit einem hohen Ethanolgehalt: 75,2%.<\/span> <span class=\"\" title=\"\">Glycerin und Aloe Vera sorgen f\u00fcr eine sanfte Pflege f\u00fcr die H\u00e4nde und hinterl\u00e4sst die Haut gepflegt weich. <\/span>Praktische Pumpe f\u00fcr zu Hause oder im B\u00fcro.<\/p>\n<p>Getestet gegen beh\u00fcllte Viren (einschliesslich Corona- und Grippeviren) EN14476, Bakterien EN1500 und Hefe EN1650.<\/p>\n<hr \/>\n<p><strong>Hauttyp<\/strong><br \/>\nAlle<\/p>\n<hr \/>\n<p><strong>Empfohlene Anwendung<\/strong><br \/>\nMehrmals t\u00e4gliche Anwendung m\u00f6glich. Auf den trockenen H\u00e4nde eine kleine Menge verteilen und trocknen lassen. Zieht schnell ein.<\/p>\n<hr \/>\n<p><strong>Inhaltsstoffe<\/strong><br \/>\nHamamelis Extrakt, Glycerin, Aloe Vera, Panthenol, Alkohol<\/p>\n","protected":false},"featured_media":13901,"comment_status":"open","ping_status":"closed","template":"","meta":[],"use":[107],"ingredients":[376,379,410,429,420],"product_cat":[90,85,102],"product_tag":[],"acf":{"complex_text":"<hr \/><strong> Hamamelis Extrakt:<\/strong> kl\u00e4rt, tonisiert und beruhigt.<hr \/><strong> Glycerin:<\/strong> unterst\u00fctzt das Hauteigene Feuchthaltesystem, gl\u00e4ttet, erh\u00f6ht die Schutzbarriere und verbessert die Elastizit\u00e4t der Haut.<hr \/><strong> Aloe Vera:<\/strong> enth\u00e4lt wertvolle Mineralstoffe, Vitamine und Aminos\u00e4uren, spendet Feuchtigkeit und beruhigt die Haut.<hr \/><strong> Panthenol:<\/strong> regeneriert, spendet Feuchtigkeit und wirkt beruhigend.","complex_cover":4429,"complex_background_color":"detox-color"},"_links":{"self":[{"href":"https:\/\/www.mettler1929.ch\/de\/wp-json\/wp\/v2\/product\/2871"}],"collection":[{"href":"https:\/\/www.mettler1929.ch\/de\/wp-json\/wp\/v2\/product"}],"about":[{"href":"https:\/\/www.mettler1929.ch\/de\/wp-json\/wp\/v2\/types\/product"}],"replies":[{"embeddable":true,"href":"https:\/\/www.mettler1929.ch\/de\/wp-json\/wp\/v2\/comments?post=2871"}],"wp:featuredmedia":[{"embeddable":true,"href":"https:\/\/www.mettler1929.ch\/de\/wp-json\/wp\/v2\/media\/13901"}],"wp:attachment":[{"href":"https:\/\/www.mettler1929.ch\/de\/wp-json\/wp\/v2\/media?parent=2871"}],"wp:term":[{"taxonomy":"use","embeddable":true,"href":"https:\/\/www.mettler1929.ch\/de\/wp-json\/wp\/v2\/use?post=2871"},{"taxonomy":"ingredients","embeddable":true,"href":"https:\/\/www.mettler1929.ch\/de\/wp-json\/wp\/v2\/ingredients?post=2871"},{"taxonomy":"product_cat","embeddable":true,"href":"https:\/\/www.mettler1929.ch\/de\/wp-json\/wp\/v2\/product_cat?post=2871"},{"taxonomy":"product_tag","embeddable":true,"href":"https:\/\/www.mettler1929.ch\/de\/wp-json\/wp\/v2\/product_tag?post=2871"}],"curies":[{"name":"wp","href":"https:\/\/api.w.org\/{rel}","templated":true}]}}