{"id":2863,"date":"2019-06-12T12:29:05","date_gmt":"2019-06-12T12:29:05","guid":{"rendered":"https:\/\/www.mettler1929.ch\/product\/seife-gegen-unreinheiten-fur-hande-und-gesicht\/"},"modified":"2025-04-24T18:36:09","modified_gmt":"2025-04-24T18:36:09","slug":"seife-gegen-unreinheiten-fur-hande-und-gesicht","status":"publish","type":"product","link":"https:\/\/www.mettler1929.ch\/de\/produkt\/seife-gegen-unreinheiten-fur-hande-und-gesicht\/","title":{"rendered":"Seife gegen Unreinheiten f\u00fcr H\u00e4nde und Gesicht"},"content":{"rendered":"","protected":false},"excerpt":{"rendered":"<p>Seifenfreie Formel zur Erhaltung des nat\u00fcrlichen sch\u00fctzenden Hydrolipidfilms der Haut. Reinigt, beruhigt und macht die Haut weich, w\u00e4hrend Irritationen gelindert werden, mit einem \u00e4hnlichen pH-Wert der Haut. <\/p>\n<p>pH-neutral f\u00fcr ein ausgeglichenes Hautbild<\/p>\n<p>100% biologisch abbaubar<br \/>\n0% SLS &#8211; 0% Parabene\u2013 0% Alkohol denat.      <\/p>\n<hr \/>\n<p><strong>HAUTTYP<\/strong><br \/>\nAlle, besonders geeignet f\u00fcr Mischhaut und \u00f6lige Haut<\/p>\n<hr \/>\n<p><strong>EMPFOHLENE ANWENDUNG<\/strong><br \/>\nT\u00e4gliche Anwendung und je nach Bedarf f\u00fcr Gesicht, H\u00e4nde und K\u00f6rper.<\/p>\n<hr \/>\n<p><strong>INHALTSSTOFFE<\/strong><br \/>\nHamamelis Extrakt, Panthenol<\/p>\n","protected":false},"featured_media":2864,"comment_status":"open","ping_status":"closed","template":"","meta":[],"use":[114,107,110],"ingredients":[410,429],"product_cat":[87],"product_tag":[],"acf":{"complex_text":"<hr \/><strong> Hamamelis Extrakt:<\/strong> verfeinert Poren, kl\u00e4rt, tonisiert und beruhigt.<hr \/><strong> Panthenol:<\/strong> regeneriert, spendet Feuchtigkeit und wirkt beruhigend.<hr \/><strong> pH-Wert 6<\/strong>","complex_cover":"","complex_background_color":"detox-color"},"_links":{"self":[{"href":"https:\/\/www.mettler1929.ch\/de\/wp-json\/wp\/v2\/product\/2863"}],"collection":[{"href":"https:\/\/www.mettler1929.ch\/de\/wp-json\/wp\/v2\/product"}],"about":[{"href":"https:\/\/www.mettler1929.ch\/de\/wp-json\/wp\/v2\/types\/product"}],"replies":[{"embeddable":true,"href":"https:\/\/www.mettler1929.ch\/de\/wp-json\/wp\/v2\/comments?post=2863"}],"wp:featuredmedia":[{"embeddable":true,"href":"https:\/\/www.mettler1929.ch\/de\/wp-json\/wp\/v2\/media\/2864"}],"wp:attachment":[{"href":"https:\/\/www.mettler1929.ch\/de\/wp-json\/wp\/v2\/media?parent=2863"}],"wp:term":[{"taxonomy":"use","embeddable":true,"href":"https:\/\/www.mettler1929.ch\/de\/wp-json\/wp\/v2\/use?post=2863"},{"taxonomy":"ingredients","embeddable":true,"href":"https:\/\/www.mettler1929.ch\/de\/wp-json\/wp\/v2\/ingredients?post=2863"},{"taxonomy":"product_cat","embeddable":true,"href":"https:\/\/www.mettler1929.ch\/de\/wp-json\/wp\/v2\/product_cat?post=2863"},{"taxonomy":"product_tag","embeddable":true,"href":"https:\/\/www.mettler1929.ch\/de\/wp-json\/wp\/v2\/product_tag?post=2863"}],"curies":[{"name":"wp","href":"https:\/\/api.w.org\/{rel}","templated":true}]}}