{"id":2839,"date":"2019-06-12T12:29:01","date_gmt":"2019-06-12T12:29:01","guid":{"rendered":"https:\/\/www.mettler1929.ch\/product\/feuchtigkeitsspendende-seife-fur-hande-und-gesicht\/"},"modified":"2023-03-08T10:17:37","modified_gmt":"2023-03-08T10:17:37","slug":"feuchtigkeitsspendende-seife-fur-hande-und-gesicht","status":"publish","type":"product","link":"https:\/\/www.mettler1929.ch\/de\/produkt\/feuchtigkeitsspendende-seife-fur-hande-und-gesicht\/","title":{"rendered":"Feuchtigkeitsspendende  Seife f\u00fcr H\u00e4nde und Gesicht"},"content":{"rendered":"","protected":false},"excerpt":{"rendered":"<p>Angereichert mit Mandel\u00f6l, reinigt und verhindert gleichzeitig das Austrocknen der Haut. Hinterl\u00e4sst Ihre Haut weich und zart parf\u00fcmiert.<\/p>\n<p>96% nat\u00fcrliche Inhaltsstoffe<br \/>\n100% biologisch abbaubau<br \/>\n0% SLS &#8211; 0 % Parabene\u2013 0% Paraffine &#8211; 0 % Alkohol denat.<\/p>\n<hr \/>\n<p><strong>HAUTTYP<\/strong><br \/>\nAlle, besonders empfohlen f\u00fcr trockene und\/oder dehydrierte Haut <\/p>\n<hr \/>\n<p><strong>EMPFOHLENE ANWENDUNG <\/strong><br \/>\nT\u00e4gliche Anwendung f\u00fcr Gesicht, K\u00f6rper und H\u00e4nde.<\/p>\n<p><strong>INHALTSSTOFFE<\/strong><br \/>\nIris Extrakt, Panthenol,Mandel \u00d6l<\/p>\n","protected":false},"featured_media":2840,"comment_status":"open","ping_status":"closed","template":"","meta":[],"use":[114,107,110],"ingredients":[381,378,429],"product_cat":[93],"product_tag":[],"acf":{"complex_text":"<strong>Iris Extrakt:<\/strong> versorgt die Haut mit Feuchtigkeit, st\u00e4rkt und repariert.<hr \/><strong>Panthenol:<\/strong> regeneriert, spendet Feuchtigkeit und wirkt beruhigend.<hr \/><strong>Mandel \u00d6l:<\/strong>beruhigt und pflegt die Haut. Hat weichmachende Eigenschaften, die helfen, Wasserverlust und Austrocknung zu verhindern.","complex_cover":"","complex_background_color":"moisturizing-color"},"_links":{"self":[{"href":"https:\/\/www.mettler1929.ch\/de\/wp-json\/wp\/v2\/product\/2839"}],"collection":[{"href":"https:\/\/www.mettler1929.ch\/de\/wp-json\/wp\/v2\/product"}],"about":[{"href":"https:\/\/www.mettler1929.ch\/de\/wp-json\/wp\/v2\/types\/product"}],"replies":[{"embeddable":true,"href":"https:\/\/www.mettler1929.ch\/de\/wp-json\/wp\/v2\/comments?post=2839"}],"wp:featuredmedia":[{"embeddable":true,"href":"https:\/\/www.mettler1929.ch\/de\/wp-json\/wp\/v2\/media\/2840"}],"wp:attachment":[{"href":"https:\/\/www.mettler1929.ch\/de\/wp-json\/wp\/v2\/media?parent=2839"}],"wp:term":[{"taxonomy":"use","embeddable":true,"href":"https:\/\/www.mettler1929.ch\/de\/wp-json\/wp\/v2\/use?post=2839"},{"taxonomy":"ingredients","embeddable":true,"href":"https:\/\/www.mettler1929.ch\/de\/wp-json\/wp\/v2\/ingredients?post=2839"},{"taxonomy":"product_cat","embeddable":true,"href":"https:\/\/www.mettler1929.ch\/de\/wp-json\/wp\/v2\/product_cat?post=2839"},{"taxonomy":"product_tag","embeddable":true,"href":"https:\/\/www.mettler1929.ch\/de\/wp-json\/wp\/v2\/product_tag?post=2839"}],"curies":[{"name":"wp","href":"https:\/\/api.w.org\/{rel}","templated":true}]}}