{"id":2835,"date":"2019-06-12T12:29:05","date_gmt":"2019-06-12T12:29:05","guid":{"rendered":"https:\/\/www.mettler1929.ch\/product\/feuchtigkeitsspendendes-schaumbad\/"},"modified":"2023-03-08T10:21:12","modified_gmt":"2023-03-08T10:21:12","slug":"feuchtigkeitsspendendes-schaumbad","status":"publish","type":"product","link":"https:\/\/www.mettler1929.ch\/de\/produkt\/feuchtigkeitsspendendes-schaumbad\/","title":{"rendered":"Feuchtigkeitsspendendes Schaumbad"},"content":{"rendered":"","protected":false},"excerpt":{"rendered":"<p> Entspannungsmoment mit einem leicht duftenden Schaum, angereichert mit Irisextrakt, der Ihrer Haut ein seidiges und pflegendes Gef\u00fchl hinterl\u00e4sst. F\u00fcr eine ausgeglichene Haut.<\/p>\n<p>0% Parabene\u2013 0% Paraffine &#8211; 0% Alkohol denat.<br \/>\npH-neutral<\/p>\n<hr \/>\n<p><strong>HAUTTYP<\/strong><br \/>\nAlle, besonders empfohlen f\u00fcr trockene und\/oder dehydrierte Haut <\/p>\n<hr \/>\n<p><strong>EMPFOHLENE ANWENDUNG <\/strong><br \/>\nEine kleine Menge f\u00fcr eine grossz\u00fcgige Menge Schaum. Optimal bei einer Temperatur zwischen 32 und 38 Grad.<\/p>\n<p><strong>INHALTSSTOFFE<\/strong><br \/>\nIris Extrakt, Betaine, Glycerin<\/p>\n","protected":false},"featured_media":2836,"comment_status":"open","ping_status":"closed","template":"","meta":[],"use":[110],"ingredients":[388,381,420],"product_cat":[93],"product_tag":[],"acf":{"complex_text":"<hr \/><strong> Iris Extrakt:<\/strong> versorgt die Haut mit Feuchtigkeit.<hr \/><strong>Betaine:<\/strong> kommt aus der Zuckerr\u00fcbe, sch\u00fctzt die Haut beim Baden vor dem Austrocknen und sorgt f\u00fcr ein tolles Schaum Erlebnis.<hr\/><strong>Glycerin:<\/strong> hat starke feuchtigkeitsspendende Eigenschaften.","complex_cover":4433,"complex_background_color":"moisturizing-color"},"_links":{"self":[{"href":"https:\/\/www.mettler1929.ch\/de\/wp-json\/wp\/v2\/product\/2835"}],"collection":[{"href":"https:\/\/www.mettler1929.ch\/de\/wp-json\/wp\/v2\/product"}],"about":[{"href":"https:\/\/www.mettler1929.ch\/de\/wp-json\/wp\/v2\/types\/product"}],"replies":[{"embeddable":true,"href":"https:\/\/www.mettler1929.ch\/de\/wp-json\/wp\/v2\/comments?post=2835"}],"wp:featuredmedia":[{"embeddable":true,"href":"https:\/\/www.mettler1929.ch\/de\/wp-json\/wp\/v2\/media\/2836"}],"wp:attachment":[{"href":"https:\/\/www.mettler1929.ch\/de\/wp-json\/wp\/v2\/media?parent=2835"}],"wp:term":[{"taxonomy":"use","embeddable":true,"href":"https:\/\/www.mettler1929.ch\/de\/wp-json\/wp\/v2\/use?post=2835"},{"taxonomy":"ingredients","embeddable":true,"href":"https:\/\/www.mettler1929.ch\/de\/wp-json\/wp\/v2\/ingredients?post=2835"},{"taxonomy":"product_cat","embeddable":true,"href":"https:\/\/www.mettler1929.ch\/de\/wp-json\/wp\/v2\/product_cat?post=2835"},{"taxonomy":"product_tag","embeddable":true,"href":"https:\/\/www.mettler1929.ch\/de\/wp-json\/wp\/v2\/product_tag?post=2835"}],"curies":[{"name":"wp","href":"https:\/\/api.w.org\/{rel}","templated":true}]}}