{"id":2833,"date":"2019-06-12T12:28:51","date_gmt":"2019-06-12T12:28:51","guid":{"rendered":"https:\/\/www.mettler1929.ch\/product\/milde-flussigseife-fur-die-hande\/"},"modified":"2024-05-05T17:48:35","modified_gmt":"2024-05-05T17:48:35","slug":"milde-flussigseife-fur-die-hande","status":"publish","type":"product","link":"https:\/\/www.mettler1929.ch\/de\/produkt\/milde-flussigseife-fur-die-hande\/","title":{"rendered":"Milde Fl\u00fcssigseife f\u00fcr die H\u00e4nde"},"content":{"rendered":"","protected":false},"excerpt":{"rendered":"<p> Die Kraft der Schweizer Natur vereint in einer Fl\u00fcssigseife, die Ihre H\u00e4nde sanft pflegt und reinigt. <\/p>\n<p>85% nat\u00fcrliche Inhaltsstoffe<br \/>\n0 % Parabene \u2013 0 % Paraffin &#8211; 0% Alkohol<br \/>\npH-neutral<\/p>\n<hr \/>\n<p><strong>HAUTTYP<\/strong><br \/>\nAlle, besonders f\u00fcr Sensible Haut<\/p>\n<hr \/>\n<p><strong>EMPFOHLENE ANWENDUNG<\/strong><br \/>\nT\u00e4glicher Gebrauch, auch f\u00fcr das h\u00e4ufige H\u00e4ndewaschen. Ideal f\u00fcr K\u00fcche &amp; Bad.<\/p>\n<hr \/>\n<p><strong>INHALTSSTOFFE<\/strong><br \/>\nMimosa Extrakt, Aloe Vera Extrakt, Gingko Extrakt, Glycerin, Panthenol<\/p>\n","protected":false},"featured_media":2834,"comment_status":"open","ping_status":"closed","template":"","meta":[],"use":[107],"ingredients":[379,414,400,429,420],"product_cat":[100],"product_tag":[],"acf":{"complex_text":"<hr \/><strong>Aloe Vera:<\/strong> enth\u00e4lt wertvolle Mineralstoffe, Vitamine und Aminos\u00e4uren, spendet Feuchtigkeit und beruhigt die Haut.<hr \/><strong>Mimosa Extrakt:<\/strong> extrem beruhigend f\u00fcr die Haut und st\u00e4rkt das hauteigene Schutzsystem.<hr \/><strong>Ginkgo Extrakt:<\/strong> wirkt vitalisierend, besonders bei anspruchsvoller Haut.<hr \/><strong>Glycerin:<\/strong> hat starke feuchtigkeitsspendende Eigenschaften.<hr \/><strong>Panthenol:<\/strong> regeneriert, spendet Feuchtigkeit und wirkt beruhigend.","complex_cover":4417,"complex_background_color":"sensitive-color"},"_links":{"self":[{"href":"https:\/\/www.mettler1929.ch\/de\/wp-json\/wp\/v2\/product\/2833"}],"collection":[{"href":"https:\/\/www.mettler1929.ch\/de\/wp-json\/wp\/v2\/product"}],"about":[{"href":"https:\/\/www.mettler1929.ch\/de\/wp-json\/wp\/v2\/types\/product"}],"replies":[{"embeddable":true,"href":"https:\/\/www.mettler1929.ch\/de\/wp-json\/wp\/v2\/comments?post=2833"}],"wp:featuredmedia":[{"embeddable":true,"href":"https:\/\/www.mettler1929.ch\/de\/wp-json\/wp\/v2\/media\/2834"}],"wp:attachment":[{"href":"https:\/\/www.mettler1929.ch\/de\/wp-json\/wp\/v2\/media?parent=2833"}],"wp:term":[{"taxonomy":"use","embeddable":true,"href":"https:\/\/www.mettler1929.ch\/de\/wp-json\/wp\/v2\/use?post=2833"},{"taxonomy":"ingredients","embeddable":true,"href":"https:\/\/www.mettler1929.ch\/de\/wp-json\/wp\/v2\/ingredients?post=2833"},{"taxonomy":"product_cat","embeddable":true,"href":"https:\/\/www.mettler1929.ch\/de\/wp-json\/wp\/v2\/product_cat?post=2833"},{"taxonomy":"product_tag","embeddable":true,"href":"https:\/\/www.mettler1929.ch\/de\/wp-json\/wp\/v2\/product_tag?post=2833"}],"curies":[{"name":"wp","href":"https:\/\/api.w.org\/{rel}","templated":true}]}}