{"id":2831,"date":"2019-06-12T12:28:52","date_gmt":"2019-06-12T12:28:52","guid":{"rendered":"https:\/\/www.mettler1929.ch\/product\/schutzende-und-beruhigende-maske-fur-empfindliches-haar-und-kopfhaut\/"},"modified":"2025-04-10T00:45:46","modified_gmt":"2025-04-10T00:45:46","slug":"schutzende-und-beruhigende-maske-fur-empfindliches-haar-und-kopfhaut","status":"publish","type":"product","link":"https:\/\/www.mettler1929.ch\/de\/produkt\/schutzende-und-beruhigende-maske-fur-empfindliches-haar-und-kopfhaut\/","title":{"rendered":"Sch\u00fctzende und beruhigende Maske f\u00fcr empfindliches Haar und Kopfhaut"},"content":{"rendered":"","protected":false},"excerpt":{"rendered":"<p>Formuliert, um empfindliche Kopfhaut zu pflegen. Diese feuchtigkeitsspendende Maske beruhigt Ihre Kopfhaut und schenkt Ihrem Haar vollen Glanz. <\/p>\n<p>88% nat\u00fcrliche Inhaltsstoffe<br \/>\n0 % Parabene \u2013 0 % Paraffin \u2013 0 % Ethanol<br \/>\npH-neutral<\/p>\n<hr \/>\n<p><strong>HAAR TYP<\/strong><br \/>\nAlle, besonders trockenes und\/oder gesch\u00e4digtes Haar mit sensibler Kopfhaut. Auch f\u00fcr normales Haar<\/p>\n<hr \/>\n<p><strong>EMPFOHLENE ANWENDUNG<\/strong><br \/>\n1-2 mal w\u00f6chentlich 3 bis 5 Minuten lang auf das nasse Haar auftragen, danach gr\u00fcndlich aussp\u00fclen. Vorher das Haar mit dem N\u00e4hrshampoo reinigen und danach den Reparierenden &amp; Beruhigenden Conditioner auftragen damit sich Ihre Schuppenschicht wieder schliesst.<\/p>\n<hr \/>\n<p><strong>INHALTSSTOFFE<\/strong><br \/>\nMimosa Extrakt, Panthenol, pflanzliche Proteine, Vitamin E, Avocado\u00f6l, Kupfer, Zink, Magnesium<\/p>\n","protected":false},"featured_media":2832,"comment_status":"open","ping_status":"closed","template":"","meta":[],"use":[117],"ingredients":[380,400,429,419,421,417],"product_cat":[100],"product_tag":[],"acf":{"complex_text":"<hr \/><strong> Mimosa Extrakt:<\/strong> extrem beruhigend f\u00fcr die Kopfhaut und st\u00e4rkt das hauteigene Schutzsystem.<hr \/><strong> Panthenol:<\/strong> regeneriert, spendet Feuchtigkeit und wirkt beruhigend. <hr \/><strong> Pflanzliche Proteine:<\/strong> regeneriert, bek\u00e4mpft Spliss und verst\u00e4rkt die Haarfaser.<hr \/><strong> Vitamin E:<\/strong> sch\u00fctzt vor freien Radikalen und beruhigt die Haut. <hr \/><strong> Avocado\u00f6l:<\/strong> spendet Feuchtigkeit und pflegt das Haar seidig glatt.<hr \/><strong> Spurenelement L\u00f6sung<\/strong> - Kupfer, Zink, Magnesium: wirken revitalisierend.","complex_cover":4461,"complex_background_color":"sensitive-color"},"_links":{"self":[{"href":"https:\/\/www.mettler1929.ch\/de\/wp-json\/wp\/v2\/product\/2831"}],"collection":[{"href":"https:\/\/www.mettler1929.ch\/de\/wp-json\/wp\/v2\/product"}],"about":[{"href":"https:\/\/www.mettler1929.ch\/de\/wp-json\/wp\/v2\/types\/product"}],"replies":[{"embeddable":true,"href":"https:\/\/www.mettler1929.ch\/de\/wp-json\/wp\/v2\/comments?post=2831"}],"wp:featuredmedia":[{"embeddable":true,"href":"https:\/\/www.mettler1929.ch\/de\/wp-json\/wp\/v2\/media\/2832"}],"wp:attachment":[{"href":"https:\/\/www.mettler1929.ch\/de\/wp-json\/wp\/v2\/media?parent=2831"}],"wp:term":[{"taxonomy":"use","embeddable":true,"href":"https:\/\/www.mettler1929.ch\/de\/wp-json\/wp\/v2\/use?post=2831"},{"taxonomy":"ingredients","embeddable":true,"href":"https:\/\/www.mettler1929.ch\/de\/wp-json\/wp\/v2\/ingredients?post=2831"},{"taxonomy":"product_cat","embeddable":true,"href":"https:\/\/www.mettler1929.ch\/de\/wp-json\/wp\/v2\/product_cat?post=2831"},{"taxonomy":"product_tag","embeddable":true,"href":"https:\/\/www.mettler1929.ch\/de\/wp-json\/wp\/v2\/product_tag?post=2831"}],"curies":[{"name":"wp","href":"https:\/\/api.w.org\/{rel}","templated":true}]}}