{"id":2829,"date":"2019-06-12T12:28:53","date_gmt":"2019-06-12T12:28:53","guid":{"rendered":"https:\/\/www.mettler1929.ch\/product\/nahrshampoo-fur-trockenes-haar-und-empfindliche-kopfhaut\/"},"modified":"2025-04-26T23:09:43","modified_gmt":"2025-04-26T23:09:43","slug":"nahrshampoo-fur-trockenes-haar-und-empfindliche-kopfhaut","status":"publish","type":"product","link":"https:\/\/www.mettler1929.ch\/de\/produkt\/nahrshampoo-fur-trockenes-haar-und-empfindliche-kopfhaut\/","title":{"rendered":"N\u00e4hrshampoo f\u00fcr trockenes Haar und empfindliche Kopfhaut"},"content":{"rendered":"","protected":false},"excerpt":{"rendered":"<p>Ultra-n\u00e4hrende Formel, die reich an N\u00e4hrstoffen ist, um Ihre Kopfhaut zu beruhigen. Ihr Haar erh\u00e4lt seine volle Vitalit\u00e4t und Glanz zur\u00fcck.<\/p>\n<p>0% SLS &#8211; 0 % Parabene \u2013 0 % Paraffin\u2013 0 % Ethanol<br \/>\npH-neutral<\/p>\n<hr \/>\n<p><strong>HAARTYP<\/strong><br \/>\nBesonders empfohlen f\u00fcr trockenes und\/oder gesch\u00e4digtes Haar mit empfindliche Kopfhaut. Auch f\u00fcr normales Haar geeignet <\/p>\n<hr \/>\n<p><strong>EMPFOHLENE ANWENDUNG<\/strong><br \/>\nAuf das nasse Haar auftragen, sorgf\u00e4ltig aussp\u00fclen. Danach eine kleine Menge des Reparierenden &amp; Beruhigenden Conditioner auftragen, kurz einwirken lassen und aussp\u00fclen. F\u00fcr die extra Portion Pflege f\u00fcr Ihr Haar, 1-2 mal w\u00f6chentlich die Sch\u00fctzende &amp; Beruhigende Maske anwenden.<\/p>\n<hr \/>\n<p><strong>INHALTSSTOFFE<\/strong><br \/>\nMimosa Extrakt, Panthenol, pflanzliche Proteine, Mandel\u00f6l<\/p>\n","protected":false},"featured_media":8388,"comment_status":"open","ping_status":"closed","template":"","meta":[],"use":[117],"ingredients":[378,400,429,419],"product_cat":[100],"product_tag":[],"acf":{"complex_text":"<hr \/><strong> Mimosa Extrakt:<\/strong> extrem beruhigend f\u00fcr die Kopfhaut und st\u00e4rkt das hauteigene Schutzsystem.<hr \/><strong> Panthenol:<\/strong> regeneriert, spendet Feuchtigkeit und wirkt beruhigend. <hr \/><strong> Pflanzliche Proteine:<\/strong> regeneriert, bek\u00e4mpft Spliss, verst\u00e4rkt die Haarfaser.<hr \/><strong>Mandel\u00f6l:<\/strong> pflegt, beruhigt und beugt dem Feuchtigkeitsverlust der Haare und Kopfhaut vor.","complex_cover":6253,"complex_background_color":"sensitive-color"},"_links":{"self":[{"href":"https:\/\/www.mettler1929.ch\/de\/wp-json\/wp\/v2\/product\/2829"}],"collection":[{"href":"https:\/\/www.mettler1929.ch\/de\/wp-json\/wp\/v2\/product"}],"about":[{"href":"https:\/\/www.mettler1929.ch\/de\/wp-json\/wp\/v2\/types\/product"}],"replies":[{"embeddable":true,"href":"https:\/\/www.mettler1929.ch\/de\/wp-json\/wp\/v2\/comments?post=2829"}],"wp:featuredmedia":[{"embeddable":true,"href":"https:\/\/www.mettler1929.ch\/de\/wp-json\/wp\/v2\/media\/8388"}],"wp:attachment":[{"href":"https:\/\/www.mettler1929.ch\/de\/wp-json\/wp\/v2\/media?parent=2829"}],"wp:term":[{"taxonomy":"use","embeddable":true,"href":"https:\/\/www.mettler1929.ch\/de\/wp-json\/wp\/v2\/use?post=2829"},{"taxonomy":"ingredients","embeddable":true,"href":"https:\/\/www.mettler1929.ch\/de\/wp-json\/wp\/v2\/ingredients?post=2829"},{"taxonomy":"product_cat","embeddable":true,"href":"https:\/\/www.mettler1929.ch\/de\/wp-json\/wp\/v2\/product_cat?post=2829"},{"taxonomy":"product_tag","embeddable":true,"href":"https:\/\/www.mettler1929.ch\/de\/wp-json\/wp\/v2\/product_tag?post=2829"}],"curies":[{"name":"wp","href":"https:\/\/api.w.org\/{rel}","templated":true}]}}