{"id":2823,"date":"2019-06-12T12:29:00","date_gmt":"2019-06-12T12:29:00","guid":{"rendered":"https:\/\/www.mettler1929.ch\/product\/seidige-seife-fur-empfindliche-haut-fur-hande-und-gesicht\/"},"modified":"2022-07-15T12:17:24","modified_gmt":"2022-07-15T12:17:24","slug":"seidige-seife-fur-empfindliche-haut-fur-hande-und-gesicht","status":"publish","type":"product","link":"https:\/\/www.mettler1929.ch\/de\/produkt\/seidige-seife-fur-empfindliche-haut-fur-hande-und-gesicht\/","title":{"rendered":"Seidige Seife f\u00fcr empfindliche Haut f\u00fcr H\u00e4nde und Gesicht"},"content":{"rendered":"","protected":false},"excerpt":{"rendered":"<p>Angereichert mit pflegendem Oliven\u00f6l, reinigt sanft , beruhigt die Haut und beugt Austrocknung vor. Hinterl\u00e4sst einen zarten Duft.<\/p>\n<p>97% nat\u00fcrliche Inhaltsstoffe<br \/>\n100% biologisch abbaubar<br \/>\n0% SLS &#8211; 0 % Parabene \u2013 0 % Paraffin \u2013 0 % Ethanol <\/p>\n<hr \/>\n<p><strong>HAUTTYP<\/strong><br \/>\nAlle, besonders empfohlen bei sensibler Haut<\/p>\n<hr \/>\n<p><strong>EMPFOHLENE ANWENDUNG<\/strong><br \/>\nT\u00e4glich, f\u00fcr Gesicht, K\u00f6rper und H\u00e4nde. <\/p>\n<hr \/>\n<p><strong>INHALTSSTOFFE<\/strong><br \/>\nMimosa, Allantoin, Aloe Vera, Mandel\u00f6l, Oliven\u00f6l<\/p>\n","protected":false},"featured_media":2824,"comment_status":"open","ping_status":"closed","template":"","meta":[],"use":[114,107,110],"ingredients":[377,379,400],"product_cat":[100],"product_tag":[],"acf":{"complex_text":"<strong> Mimosa Extrakt:<\/strong> extrem beruhigend f\u00fcr die Haut und st\u00e4rkt das hauteigene  Schutzsystem.<hr \/> <strong>Allantoin:<\/strong> wirkt beruhigend und hat reparierende Eigenschaften.<hr \/><strong>Aloe Vera Extrakte:<\/strong> enth\u00e4lt wertvolle Mineralstoffe, Vitamine und Aminos\u00e4uren, spendet Feuchtigkeit und beruhigt die Haut.<hr \/><strong>Oliven\u00f6l:<\/strong> n\u00e4hrt die Haut und wirkt r\u00fcckfettend.<hr \/><strong>Mandel\u00f6l:<\/strong> pflegt, beruhigt und beugt dem Wasserverlust der Haut vor.","complex_cover":"","complex_background_color":"sensitive-color"},"_links":{"self":[{"href":"https:\/\/www.mettler1929.ch\/de\/wp-json\/wp\/v2\/product\/2823"}],"collection":[{"href":"https:\/\/www.mettler1929.ch\/de\/wp-json\/wp\/v2\/product"}],"about":[{"href":"https:\/\/www.mettler1929.ch\/de\/wp-json\/wp\/v2\/types\/product"}],"replies":[{"embeddable":true,"href":"https:\/\/www.mettler1929.ch\/de\/wp-json\/wp\/v2\/comments?post=2823"}],"wp:featuredmedia":[{"embeddable":true,"href":"https:\/\/www.mettler1929.ch\/de\/wp-json\/wp\/v2\/media\/2824"}],"wp:attachment":[{"href":"https:\/\/www.mettler1929.ch\/de\/wp-json\/wp\/v2\/media?parent=2823"}],"wp:term":[{"taxonomy":"use","embeddable":true,"href":"https:\/\/www.mettler1929.ch\/de\/wp-json\/wp\/v2\/use?post=2823"},{"taxonomy":"ingredients","embeddable":true,"href":"https:\/\/www.mettler1929.ch\/de\/wp-json\/wp\/v2\/ingredients?post=2823"},{"taxonomy":"product_cat","embeddable":true,"href":"https:\/\/www.mettler1929.ch\/de\/wp-json\/wp\/v2\/product_cat?post=2823"},{"taxonomy":"product_tag","embeddable":true,"href":"https:\/\/www.mettler1929.ch\/de\/wp-json\/wp\/v2\/product_tag?post=2823"}],"curies":[{"name":"wp","href":"https:\/\/api.w.org\/{rel}","templated":true}]}}