{"id":2821,"date":"2019-06-12T12:29:00","date_gmt":"2019-06-12T12:29:00","guid":{"rendered":"https:\/\/www.mettler1929.ch\/product\/milde-und-frische-intimpflege\/"},"modified":"2022-09-12T12:41:44","modified_gmt":"2022-09-12T12:41:44","slug":"frische-und-milde-intimpflege","status":"publish","type":"product","link":"https:\/\/www.mettler1929.ch\/de\/produkt\/frische-und-milde-intimpflege\/","title":{"rendered":"Frische &amp; milde Intimpflege"},"content":{"rendered":"","protected":false},"excerpt":{"rendered":"<p>Speziell entwickelt, um den Intimbereich mild und sanft zu reinigen. Bewahrt das Gleichgewicht der Vulva- und Vaginalflora durch pH-neutrale Formulierung mit optimaler Vetr\u00e4glichkeit <\/p>\n<p>0 % Parabene \u2013 0 % Paraffin \u2013 0 % Parf\u00fcm \u2013 0 % Ethanol <br \/>\npH-neutral<\/p>\n<hr \/>\n<p><strong>HAUTTYP<\/strong><br \/>\nAlle, besonders bei sensibler Haut<\/p>\n<hr \/>\n<p><strong>EMPFOHLENE ANWENDUNG<\/strong><br \/>\nF\u00fcr die t\u00e4gliche Anwendung geeignet oder nach Bedarf.<\/p>\n<hr \/>\n<p><strong>INHALTSSTOFFE<\/strong><br \/>\nMimosa Extrakt, Panthenol, Aloe Vera Extrakt, Milchs\u00e4ure<\/p>\n","protected":false},"featured_media":2822,"comment_status":"open","ping_status":"closed","template":"","meta":[],"use":[110],"ingredients":[379,405,400,429],"product_cat":[100],"product_tag":[],"acf":{"complex_text":"<hr \/><strong>Milchs\u00e4ure:<\/strong> sorgt f\u00fcr einen hautfreundlichen pH-Wert. So wird der nat\u00fcrliche S\u00e4ureschutzmantel geschont und zugleich die Erhaltung der nat\u00fcrlichen Vulva- und Vaginalflora unterst\u00fctzt.<hr \/><strong> Mimosa Extrakt:<\/strong> extrem beruhigend f\u00fcr die Haut und st\u00e4rkt das hauteigene Schutzsystem.<hr \/><strong> Panthenol:<\/strong> regeneriert, spendet Feuchtigkeit und wirkt beruhigend.<hr \/><strong> Aloe Vera Extrakte:<\/strong> enth\u00e4lt wertvolle Mineralstoffe, Vitamine und Aminos\u00e4uren, spendet Feuchtigkeit und beruhigt die Haut. ","complex_cover":4417,"complex_background_color":"sensitive-color"},"_links":{"self":[{"href":"https:\/\/www.mettler1929.ch\/de\/wp-json\/wp\/v2\/product\/2821"}],"collection":[{"href":"https:\/\/www.mettler1929.ch\/de\/wp-json\/wp\/v2\/product"}],"about":[{"href":"https:\/\/www.mettler1929.ch\/de\/wp-json\/wp\/v2\/types\/product"}],"replies":[{"embeddable":true,"href":"https:\/\/www.mettler1929.ch\/de\/wp-json\/wp\/v2\/comments?post=2821"}],"wp:featuredmedia":[{"embeddable":true,"href":"https:\/\/www.mettler1929.ch\/de\/wp-json\/wp\/v2\/media\/2822"}],"wp:attachment":[{"href":"https:\/\/www.mettler1929.ch\/de\/wp-json\/wp\/v2\/media?parent=2821"}],"wp:term":[{"taxonomy":"use","embeddable":true,"href":"https:\/\/www.mettler1929.ch\/de\/wp-json\/wp\/v2\/use?post=2821"},{"taxonomy":"ingredients","embeddable":true,"href":"https:\/\/www.mettler1929.ch\/de\/wp-json\/wp\/v2\/ingredients?post=2821"},{"taxonomy":"product_cat","embeddable":true,"href":"https:\/\/www.mettler1929.ch\/de\/wp-json\/wp\/v2\/product_cat?post=2821"},{"taxonomy":"product_tag","embeddable":true,"href":"https:\/\/www.mettler1929.ch\/de\/wp-json\/wp\/v2\/product_tag?post=2821"}],"curies":[{"name":"wp","href":"https:\/\/api.w.org\/{rel}","templated":true}]}}