{"id":2813,"date":"2019-06-12T12:28:57","date_gmt":"2019-06-12T12:28:57","guid":{"rendered":"https:\/\/www.mettler1929.ch\/product\/intensiv-zarte-korperlotion\/"},"modified":"2024-05-05T17:49:00","modified_gmt":"2024-05-05T17:49:00","slug":"intensiv-zarte-korperlotion","status":"publish","type":"product","link":"https:\/\/www.mettler1929.ch\/de\/produkt\/intensiv-zarte-korperlotion\/","title":{"rendered":"Intensiv zarte K\u00f6rperlotion"},"content":{"rendered":"","protected":false},"excerpt":{"rendered":"<p>Die Lotion spendet Feuchtigkeit und weckt Ihre Sinne und verleiht ein seidig-samtiges Gef\u00fchl. Ihre Haut erh\u00e4lt ihren Komfort und Elastizit\u00e4t zur\u00fcck.<\/p>\n<p>Die biomimetische Textur (Fl\u00fcssigkristalle) f\u00f6rdert die effektive Aufnahme und Leistung der Wirkstoffe: f\u00fcr EINZIGARTIGE, SOFORTIGE und LANGANHALTENDE WIRKUNG.<\/p>\n<p>Unsere meistverkaufte Lotion in Apotheken und Drogerien*<\/p>\n<p>90% nat\u00fcrliche Inhaltsstoffe<br \/>\n0 % Parabene \u2013 0 % Paraffin\u2013 0 % Ethanol<br \/>\npH-neutral<\/p>\n<p><em>* basierend auf den Verk\u00e4ufen von 2021<\/em><\/p>\n<hr \/>\n<p><strong>HAUTTYP<\/strong><br \/>\nAlle, besonders empfehlenswert f\u00fcr sensible Haut<\/p>\n<hr \/>\n<p><strong>EMPFOHLENE ANWENDUNG<\/strong><br \/>\nT\u00e4gliche Anwendung, optimal nach der Dusche\/dem Baden f\u00fcr ein samtig, seidig glattes Hautgef\u00fchl.<\/p>\n<hr \/>\n<p><strong>INHALTSSTOFFE<\/strong><br \/>\nMimosa Extrakt, Allantoin, Gr\u00fcne Mikroalge, Panthenol, Vitamin C, Fucose L\u00f6sung<\/p>\n","protected":false},"featured_media":2814,"comment_status":"open","ping_status":"closed","template":"","meta":[],"use":[110],"ingredients":[377,415,411,400,429,425,418],"product_cat":[100],"product_tag":[],"acf":{"complex_text":"<hr \/><strong> Mimosa Extrakt:<\/strong> extrem beruhigend f\u00fcr die Haut und st\u00e4rkt das hauteigene Schutzsystem.<hr \/><strong>Allantoin:<\/strong> wirkt beruhigend und hat reparierende Eigenschaften.<hr \/><strong> Saccharid Isomerate<\/strong> - innovativer Wirkstoff aus Weizen: beruhigt und verbessert das Feuchtigkeitsverm\u00f6gen der Haut.<hr \/><strong> Panthenol:<\/strong> regeneriert, spendet Feuchtigkeit und wirkt beruhigend.<hr \/><strong>Fucose Konzentrat:<\/strong> st\u00e4rkt die Hautbarriere und stimuliert die Keratinozyten der Epidermis. <hr \/><strong> Vitamin C:<\/strong> verfeinert das Hautbild und hat antioxidative Eigenschaften.","complex_cover":4457,"complex_background_color":"sensitive-color"},"_links":{"self":[{"href":"https:\/\/www.mettler1929.ch\/de\/wp-json\/wp\/v2\/product\/2813"}],"collection":[{"href":"https:\/\/www.mettler1929.ch\/de\/wp-json\/wp\/v2\/product"}],"about":[{"href":"https:\/\/www.mettler1929.ch\/de\/wp-json\/wp\/v2\/types\/product"}],"replies":[{"embeddable":true,"href":"https:\/\/www.mettler1929.ch\/de\/wp-json\/wp\/v2\/comments?post=2813"}],"wp:featuredmedia":[{"embeddable":true,"href":"https:\/\/www.mettler1929.ch\/de\/wp-json\/wp\/v2\/media\/2814"}],"wp:attachment":[{"href":"https:\/\/www.mettler1929.ch\/de\/wp-json\/wp\/v2\/media?parent=2813"}],"wp:term":[{"taxonomy":"use","embeddable":true,"href":"https:\/\/www.mettler1929.ch\/de\/wp-json\/wp\/v2\/use?post=2813"},{"taxonomy":"ingredients","embeddable":true,"href":"https:\/\/www.mettler1929.ch\/de\/wp-json\/wp\/v2\/ingredients?post=2813"},{"taxonomy":"product_cat","embeddable":true,"href":"https:\/\/www.mettler1929.ch\/de\/wp-json\/wp\/v2\/product_cat?post=2813"},{"taxonomy":"product_tag","embeddable":true,"href":"https:\/\/www.mettler1929.ch\/de\/wp-json\/wp\/v2\/product_tag?post=2813"}],"curies":[{"name":"wp","href":"https:\/\/api.w.org\/{rel}","templated":true}]}}