{"id":2740,"date":"2019-06-12T12:29:06","date_gmt":"2019-06-12T12:29:06","guid":{"rendered":"https:\/\/www.mettler1929.ch\/product\/die-seife-fur-den-arzt\/"},"modified":"2024-05-05T17:48:11","modified_gmt":"2024-05-05T17:48:11","slug":"die-seife-fur-den-arzt","status":"publish","type":"product","link":"https:\/\/www.mettler1929.ch\/de\/produkt\/die-seife-fur-den-arzt\/","title":{"rendered":"Die Seife f\u00fcr den Arzt"},"content":{"rendered":"","protected":false},"excerpt":{"rendered":"<p> HANDGEMACHTE NAT\u00dcRLICHE SEIFE f\u00fcr eine sanfte Reinigung der Haut f\u00fcr ein seidiges und weiches Hautgef\u00fchl. <\/p>\n<p>Experte seit 1929. <\/p>\n<p>92% nat\u00fcrliche Inhaltsstoffe<br \/>\n0% SLS &#8211; 0% Parabene &#8211; 0% Paraffin<br \/>\n100% biologisch abbaubar<\/p>\n<hr \/>\n<p><strong>HAUTTYP<\/strong><br \/>\nAlle<\/p>\n<hr \/>\n<p><strong>EMPFOHLENE ANWENDUNG<\/strong><br \/>\nT\u00e4gliche Anwendung und je nach Bedarf f\u00fcr Gesicht, H\u00e4nde und K\u00f6rper. <\/p>\n<hr \/>\n<p><strong>INHALTSSTOFFE<\/strong><br \/> Glycerin, Kokos\u00f6l<\/p>\n","protected":false},"featured_media":2741,"comment_status":"open","ping_status":"closed","template":"","meta":[],"use":[114,107,110],"ingredients":[376,395,420],"product_cat":[90],"product_tag":[],"acf":{"complex_text":"<hr \/><strong>Glycerin:<\/strong> unterst\u00fctzt das Hauteigene Feuchthaltesystem, gl\u00e4ttet die Haut, erh\u00f6ht die Schutzbarriere und verbessert die Elastizit\u00e4t der Haut.<hr \/><strong>Kokosnuss\u00f6l:<\/strong> Grundlage f\u00fcr die Verseifung.","complex_cover":"","complex_background_color":"glycerin-color"},"_links":{"self":[{"href":"https:\/\/www.mettler1929.ch\/de\/wp-json\/wp\/v2\/product\/2740"}],"collection":[{"href":"https:\/\/www.mettler1929.ch\/de\/wp-json\/wp\/v2\/product"}],"about":[{"href":"https:\/\/www.mettler1929.ch\/de\/wp-json\/wp\/v2\/types\/product"}],"replies":[{"embeddable":true,"href":"https:\/\/www.mettler1929.ch\/de\/wp-json\/wp\/v2\/comments?post=2740"}],"wp:featuredmedia":[{"embeddable":true,"href":"https:\/\/www.mettler1929.ch\/de\/wp-json\/wp\/v2\/media\/2741"}],"wp:attachment":[{"href":"https:\/\/www.mettler1929.ch\/de\/wp-json\/wp\/v2\/media?parent=2740"}],"wp:term":[{"taxonomy":"use","embeddable":true,"href":"https:\/\/www.mettler1929.ch\/de\/wp-json\/wp\/v2\/use?post=2740"},{"taxonomy":"ingredients","embeddable":true,"href":"https:\/\/www.mettler1929.ch\/de\/wp-json\/wp\/v2\/ingredients?post=2740"},{"taxonomy":"product_cat","embeddable":true,"href":"https:\/\/www.mettler1929.ch\/de\/wp-json\/wp\/v2\/product_cat?post=2740"},{"taxonomy":"product_tag","embeddable":true,"href":"https:\/\/www.mettler1929.ch\/de\/wp-json\/wp\/v2\/product_tag?post=2740"}],"curies":[{"name":"wp","href":"https:\/\/api.w.org\/{rel}","templated":true}]}}