{"id":2696,"date":"2019-06-12T12:28:57","date_gmt":"2019-06-12T12:28:57","guid":{"rendered":"https:\/\/www.mettler1929.ch\/product\/2in1-shampoo-mit-pflaumen-extrakt\/"},"modified":"2022-07-27T10:54:19","modified_gmt":"2022-07-27T10:54:19","slug":"2in1-shampoo-mit-pflaumen-extrakt","status":"publish","type":"product","link":"https:\/\/www.mettler1929.ch\/de\/produkt\/2in1-shampoo-mit-pflaumen-extrakt\/","title":{"rendered":"2in1 Shampoo mit Pflaumen Extrakt"},"content":{"rendered":"","protected":false},"excerpt":{"rendered":"<p>Stimulierendes 2 in1 Shampoo mit nat\u00fcrlichen fruchtigem Duft<\/p>\n<p>0 % Parabene \u2013 0 % Paraffin\u2013 0 % Ethanol<br \/>\npH-neutral<\/p>\n<hr \/>\n<p><strong>HAARTYP<\/strong><br \/>\nNormal<\/p>\n<hr \/>\n<p><strong>EMPFOHLENE ANWENDUNG<\/strong><br \/>\nT\u00e4gliche Anwendung m\u00f6glich und je nach Bedarf. Die Benutzung eines Conditioners ist nicht n\u00f6tig durch die zus\u00e4tzliche enthaltene Pflege. Ideal zum Sport, f\u00fcr den Urlaub und die ganze Familie. Als Pflegeerg\u00e4nzung ein- bis zweimal in der Woche die Feuchtigkeitsspendende n\u00e4hrende Maske f\u00fcr trockenes Haar anwenden.<\/p>\n<hr \/>\n<p><strong>INHALTSSTOFFE<\/strong><br \/>\nPflaumen Extrakt, Panthenol, Glycerin<\/p>\n","protected":false},"featured_media":2697,"comment_status":"open","ping_status":"closed","template":"","meta":[],"use":[117],"ingredients":[429,420,426],"product_cat":[96],"product_tag":[],"acf":{"complex_text":"<hr \/><strong> Pflaumen Extrakt:<\/strong> ist ber\u00fchmt f\u00fcr seine antioxidativen und feuchtigkeitsspendenden Eigenschaften. Es stimuliert und verbessert die Ausstrahlung der Haare und Kopfhaut.<hr \/><strong> Panthenol:<\/strong> regeneriert, spendet Feuchtigkeit und wirkt beruhigend.Verst\u00e4rkt die Haarfaser.<hr \/><strong> Glycerin:<\/strong> spendet Feuchtigkeit.","complex_cover":4433,"complex_background_color":"fruit-color"},"_links":{"self":[{"href":"https:\/\/www.mettler1929.ch\/de\/wp-json\/wp\/v2\/product\/2696"}],"collection":[{"href":"https:\/\/www.mettler1929.ch\/de\/wp-json\/wp\/v2\/product"}],"about":[{"href":"https:\/\/www.mettler1929.ch\/de\/wp-json\/wp\/v2\/types\/product"}],"replies":[{"embeddable":true,"href":"https:\/\/www.mettler1929.ch\/de\/wp-json\/wp\/v2\/comments?post=2696"}],"wp:featuredmedia":[{"embeddable":true,"href":"https:\/\/www.mettler1929.ch\/de\/wp-json\/wp\/v2\/media\/2697"}],"wp:attachment":[{"href":"https:\/\/www.mettler1929.ch\/de\/wp-json\/wp\/v2\/media?parent=2696"}],"wp:term":[{"taxonomy":"use","embeddable":true,"href":"https:\/\/www.mettler1929.ch\/de\/wp-json\/wp\/v2\/use?post=2696"},{"taxonomy":"ingredients","embeddable":true,"href":"https:\/\/www.mettler1929.ch\/de\/wp-json\/wp\/v2\/ingredients?post=2696"},{"taxonomy":"product_cat","embeddable":true,"href":"https:\/\/www.mettler1929.ch\/de\/wp-json\/wp\/v2\/product_cat?post=2696"},{"taxonomy":"product_tag","embeddable":true,"href":"https:\/\/www.mettler1929.ch\/de\/wp-json\/wp\/v2\/product_tag?post=2696"}],"curies":[{"name":"wp","href":"https:\/\/api.w.org\/{rel}","templated":true}]}}