{"id":2694,"date":"2019-06-12T12:28:58","date_gmt":"2019-06-12T12:28:58","guid":{"rendered":"https:\/\/www.mettler1929.ch\/product\/energetisierendes-duschgel-mit-aprikosen-extrakt\/"},"modified":"2025-05-10T07:50:56","modified_gmt":"2025-05-10T07:50:56","slug":"energetisierendes-duschgel-mit-aprikosen-extrakt","status":"publish","type":"product","link":"https:\/\/www.mettler1929.ch\/de\/produkt\/energetisierendes-duschgel-mit-aprikosen-extrakt\/","title":{"rendered":"Energetisierendes Duschgel mit Aprikosen Extrakt"},"content":{"rendered":"","protected":false},"excerpt":{"rendered":"<p>Energetisierendes Duschgel mit nat\u00fcrlichen fruchtigem Duft. Reinigt sanft die Haut.<\/p>\n<p>0 % Parabene \u2013 0 % Paraffin\u2013 0 % Ethanol<br \/>\npH-neutral<\/p>\n<hr \/>\n<p><strong>HAUTTYP<\/strong><br \/>\nAlle<\/p>\n<hr \/>\n<p><strong>EMPFOHLENE ANWENDUNG<\/strong><br \/>\nT\u00e4gliche Anwendung m\u00f6glich und je nach Bedarf<\/p>\n<hr \/>\n<p><strong>INHALTSSTOFFE<\/strong><br \/>\nAprikosen Extrakt, Panthenol, Glycerin<\/p>\n","protected":false},"featured_media":2695,"comment_status":"open","ping_status":"closed","template":"","meta":[],"use":[110],"ingredients":[385,429,420],"product_cat":[96],"product_tag":[],"acf":{"complex_text":"<hr \/><strong> Aprikosen Extrakt:<\/strong> hat feuchtigkeitsspendende Eigenschaften, wodurch sich die Haut weicher und geschmeidiger anf\u00fchlt und eine ges\u00fcndere Hautoberfl\u00e4che entsteht.<hr \/><strong> Panthenol:<\/strong> regeneriert, spendet Feuchtigkeit und wirkt beruhigend.<hr \/><strong> Glycerin:<\/strong> spendet Feuchtigkeit.","complex_cover":4433,"complex_background_color":"fruit-color"},"_links":{"self":[{"href":"https:\/\/www.mettler1929.ch\/de\/wp-json\/wp\/v2\/product\/2694"}],"collection":[{"href":"https:\/\/www.mettler1929.ch\/de\/wp-json\/wp\/v2\/product"}],"about":[{"href":"https:\/\/www.mettler1929.ch\/de\/wp-json\/wp\/v2\/types\/product"}],"replies":[{"embeddable":true,"href":"https:\/\/www.mettler1929.ch\/de\/wp-json\/wp\/v2\/comments?post=2694"}],"wp:featuredmedia":[{"embeddable":true,"href":"https:\/\/www.mettler1929.ch\/de\/wp-json\/wp\/v2\/media\/2695"}],"wp:attachment":[{"href":"https:\/\/www.mettler1929.ch\/de\/wp-json\/wp\/v2\/media?parent=2694"}],"wp:term":[{"taxonomy":"use","embeddable":true,"href":"https:\/\/www.mettler1929.ch\/de\/wp-json\/wp\/v2\/use?post=2694"},{"taxonomy":"ingredients","embeddable":true,"href":"https:\/\/www.mettler1929.ch\/de\/wp-json\/wp\/v2\/ingredients?post=2694"},{"taxonomy":"product_cat","embeddable":true,"href":"https:\/\/www.mettler1929.ch\/de\/wp-json\/wp\/v2\/product_cat?post=2694"},{"taxonomy":"product_tag","embeddable":true,"href":"https:\/\/www.mettler1929.ch\/de\/wp-json\/wp\/v2\/product_tag?post=2694"}],"curies":[{"name":"wp","href":"https:\/\/api.w.org\/{rel}","templated":true}]}}