{"id":2692,"date":"2019-06-12T12:28:59","date_gmt":"2019-06-12T12:28:59","guid":{"rendered":"https:\/\/www.mettler1929.ch\/product\/2in1-shampoo-mit-grunapfel-extrakt\/"},"modified":"2022-07-27T09:24:05","modified_gmt":"2022-07-27T09:24:05","slug":"2in1-shampoo-mit-grunapfel-extrakt","status":"publish","type":"product","link":"https:\/\/www.mettler1929.ch\/de\/produkt\/2in1-shampoo-mit-grunapfel-extrakt\/","title":{"rendered":"2in1 Shampoo mit Gr\u00fcnapfel Extrakt"},"content":{"rendered":"","protected":false},"excerpt":{"rendered":"<p>Reinigendes, tonisierendes 2 in1 Shampoo mit nat\u00fcrlichen fruchtigem Duft<\/p>\n<p>0 % Parabene \u2013 0 % Paraffin\u2013 0 % Ethanol<br \/>\npH-neutral<\/p>\n<hr \/>\n<p><strong>HAARTYP<br \/>\n<\/strong>Normal<\/p>\n<hr \/>\n<p><strong>EMPFOHLENE ANWENDUNG<\/strong><br \/>\nT\u00e4gliche Anwendung und je nach Bedarf. Die Benutzung eines Conditioners ist nicht n\u00f6tig durch die zus\u00e4tzliche enthaltene Pflege. Ideal zum Sport, f\u00fcr den Urlaub und die ganze Familie. Als Pflegeerg\u00e4nzung ein- bis zweimal in der Woche die Feuchtigkeitsspendende n\u00e4hrende Maske f\u00fcr trockenes Haar anwenden.<\/p>\n<hr \/>\n<p><strong>INHALTSSTOFFE<\/strong><br \/>\nGr\u00fcner Apfel Extrakt, Panthenol, Glycerin<\/p>\n","protected":false},"featured_media":2693,"comment_status":"open","ping_status":"closed","template":"","meta":[],"use":[117],"ingredients":[413,429,420],"product_cat":[96],"product_tag":[],"acf":{"complex_text":"<hr \/><strong> Gr\u00fcner Apfel Extrakt:<\/strong> hat beruhigende und adstringierende Eigenschaften, die sowohl die Harre als auch die Kopfhaut tonisieren.<hr \/><strong> Panthenol:<\/strong> regeneriert, spendet Feuchtigkeit und wirkt beruhigend.Verst\u00e4rkt die Haarfaser.<hr \/><strong> Glycerin:<\/strong> spendet Feuchtigkeit.","complex_cover":4433,"complex_background_color":"fruit-color"},"_links":{"self":[{"href":"https:\/\/www.mettler1929.ch\/de\/wp-json\/wp\/v2\/product\/2692"}],"collection":[{"href":"https:\/\/www.mettler1929.ch\/de\/wp-json\/wp\/v2\/product"}],"about":[{"href":"https:\/\/www.mettler1929.ch\/de\/wp-json\/wp\/v2\/types\/product"}],"replies":[{"embeddable":true,"href":"https:\/\/www.mettler1929.ch\/de\/wp-json\/wp\/v2\/comments?post=2692"}],"wp:featuredmedia":[{"embeddable":true,"href":"https:\/\/www.mettler1929.ch\/de\/wp-json\/wp\/v2\/media\/2693"}],"wp:attachment":[{"href":"https:\/\/www.mettler1929.ch\/de\/wp-json\/wp\/v2\/media?parent=2692"}],"wp:term":[{"taxonomy":"use","embeddable":true,"href":"https:\/\/www.mettler1929.ch\/de\/wp-json\/wp\/v2\/use?post=2692"},{"taxonomy":"ingredients","embeddable":true,"href":"https:\/\/www.mettler1929.ch\/de\/wp-json\/wp\/v2\/ingredients?post=2692"},{"taxonomy":"product_cat","embeddable":true,"href":"https:\/\/www.mettler1929.ch\/de\/wp-json\/wp\/v2\/product_cat?post=2692"},{"taxonomy":"product_tag","embeddable":true,"href":"https:\/\/www.mettler1929.ch\/de\/wp-json\/wp\/v2\/product_tag?post=2692"}],"curies":[{"name":"wp","href":"https:\/\/api.w.org\/{rel}","templated":true}]}}