{"id":2688,"date":"2019-06-12T12:29:00","date_gmt":"2019-06-12T12:29:00","guid":{"rendered":"https:\/\/www.mettler1929.ch\/product\/2in1-shampoo-mit-cassis-extrakt\/"},"modified":"2024-05-05T17:48:35","modified_gmt":"2024-05-05T17:48:35","slug":"2in1-shampoo-mit-schwarzer-johannisbeere-extrakt","status":"publish","type":"product","link":"https:\/\/www.mettler1929.ch\/de\/produkt\/2in1-shampoo-mit-schwarzer-johannisbeere-extrakt\/","title":{"rendered":"2in1 Shampoo mit Schwarzer Johannisbeere Extrakt"},"content":{"rendered":"","protected":false},"excerpt":{"rendered":"<p>Revitalisierendes 2 in1 Shampoo mit nat\u00fcrlichen fruchtigem Duft<\/p>\n<p>0 % Parabene \u2013 0 % Paraffin\u2013 0 % Ethanol<br \/>\npH-neutral<\/p>\n<hr \/>\n<p><strong>HAARTYP<\/strong><br \/>\nNormal<\/p>\n<hr \/>\n<p><strong>EMPFOHLENE ANWENDUNG<\/strong><br \/>\nT\u00e4gliche Anwendung und je nach Bedarf. Die Benutzung eines Conditioners ist nicht n\u00f6tig durch die zus\u00e4tzliche enthaltene Pflege. Ideal zum Sport, f\u00fcr den Urlaub und die ganze Familie. Als Pflegeerg\u00e4nzung ein- bis zweimal in der Woche die Feuchtigkeitsspendende n\u00e4hrende Maske f\u00fcr trockenes Haar anwenden.<\/p>\n<hr \/>\n<p><strong>INHALTSSTOFFE<\/strong><br \/>\nSchwarze Johannisbeere Extrakt, Panthenol, Glycerin<\/p>\n","protected":false},"featured_media":2689,"comment_status":"open","ping_status":"closed","template":"","meta":[],"use":[117],"ingredients":[429,420,389],"product_cat":[96],"product_tag":[],"acf":{"complex_text":"<hr \/><strong> Schwarze Johannisbeere Extrakt:<\/strong> reich an Fetts\u00e4uren, die Haut und Haare mit Feuchtigkeit versorgen. Es enth\u00e4lt  Antioxidantien, um trockenes und gesch\u00e4digtes Haar zu sch\u00fctzen, zu pflegen, sie weich zu machen und dem Haar einen nat\u00fcrlichen Glanz zu verleihen.<hr \/><strong> Panthenol:<\/strong> regeneriert, spendet Feuchtigkeit und wirkt beruhigend.Verst\u00e4rkt die Haarfaser.<hr \/><strong> Glycerin:<\/strong> spendet Feuchtigkeit.","complex_cover":4433,"complex_background_color":"fruit-color"},"_links":{"self":[{"href":"https:\/\/www.mettler1929.ch\/de\/wp-json\/wp\/v2\/product\/2688"}],"collection":[{"href":"https:\/\/www.mettler1929.ch\/de\/wp-json\/wp\/v2\/product"}],"about":[{"href":"https:\/\/www.mettler1929.ch\/de\/wp-json\/wp\/v2\/types\/product"}],"replies":[{"embeddable":true,"href":"https:\/\/www.mettler1929.ch\/de\/wp-json\/wp\/v2\/comments?post=2688"}],"wp:featuredmedia":[{"embeddable":true,"href":"https:\/\/www.mettler1929.ch\/de\/wp-json\/wp\/v2\/media\/2689"}],"wp:attachment":[{"href":"https:\/\/www.mettler1929.ch\/de\/wp-json\/wp\/v2\/media?parent=2688"}],"wp:term":[{"taxonomy":"use","embeddable":true,"href":"https:\/\/www.mettler1929.ch\/de\/wp-json\/wp\/v2\/use?post=2688"},{"taxonomy":"ingredients","embeddable":true,"href":"https:\/\/www.mettler1929.ch\/de\/wp-json\/wp\/v2\/ingredients?post=2688"},{"taxonomy":"product_cat","embeddable":true,"href":"https:\/\/www.mettler1929.ch\/de\/wp-json\/wp\/v2\/product_cat?post=2688"},{"taxonomy":"product_tag","embeddable":true,"href":"https:\/\/www.mettler1929.ch\/de\/wp-json\/wp\/v2\/product_tag?post=2688"}],"curies":[{"name":"wp","href":"https:\/\/api.w.org\/{rel}","templated":true}]}}