{"id":2686,"date":"2019-06-12T12:29:05","date_gmt":"2019-06-12T12:29:05","guid":{"rendered":"https:\/\/www.mettler1929.ch\/product\/set-mit-4-seifen-cassis-aprikose-gruner-apfel-pflaume\/"},"modified":"2026-03-24T08:53:29","modified_gmt":"2026-03-24T08:53:29","slug":"set-mit-4-seifen","status":"publish","type":"product","link":"https:\/\/www.mettler1929.ch\/de\/produkt\/set-mit-4-seifen\/","title":{"rendered":"Set mit 4 Seifen"},"content":{"rendered":"","protected":false},"excerpt":{"rendered":"<p>Reinigt sanft mit einem nat\u00fcrlichen fruchtig frischen Duft: schwarze Johannisbeere, Aprikose, gr\u00fcner Apfel, Pflaume.<br \/>\n0 % Parabene \u2013 0 % Paraffin\u2013 0 % Ethanol<\/p>\n<hr \/>\n<p><strong>HAUTTYP<\/strong><br \/>\nAlle<\/p>\n<hr \/>\n<p><strong>EMPFOHLENE ANWENDUNG <\/strong><br \/>\nT\u00e4gliche Anwendung m\u00f6glich und je nach Bedarf<\/p>\n<hr \/>\n<p><strong>INHALTSSTOFFE<\/strong><br \/>\nGlycerin, nat\u00fcrliche Frucht Extrakte &#8211; schwarze Johannisbeere, Aprikose, gr\u00fcner Apfel, Pflaume<\/p>\n","protected":false},"featured_media":8638,"comment_status":"open","ping_status":"closed","template":"","meta":[],"use":[107],"ingredients":[385,413,420,426,389],"product_cat":[96,179],"product_tag":[],"acf":{"complex_text":"<strong>Aprikosen Extrakt:<\/strong> \u00fcberzeugt mit seinen feuchtigkeitsspendenden Eigenschaften, wodurch sich die Haut weicher und geschmeidiger anf\u00fchlt und eine ges\u00fcndere Hautoberfl\u00e4che entsteht.<hr \/><strong>Gr\u00fcner Apfel Extrakt:<\/strong> beruhigende und adstringierende Eigenschaften, die die Haut tonisiert.<hr \/><strong>Pflaumen Extrakt:<\/strong> ist ber\u00fchmt f\u00fcr seine antioxidativen und feuchtigkeitsspendenden Eigenschaften. Es stimuliert und verbessert die Ausstrahlung der Haut.<hr \/><strong>Schwarze Johannisbeeren Extrakt:<\/strong> enth\u00e4lt Antioxidantien ist reich an Fetts\u00e4uren, die die Haut mit Feuchtigkeit versorgen und straffen.<hr \/><strong>Glycerin:<\/strong> spendet der Haut Feuchtigkeit.","complex_cover":"","complex_background_color":"fruit-color"},"_links":{"self":[{"href":"https:\/\/www.mettler1929.ch\/de\/wp-json\/wp\/v2\/product\/2686"}],"collection":[{"href":"https:\/\/www.mettler1929.ch\/de\/wp-json\/wp\/v2\/product"}],"about":[{"href":"https:\/\/www.mettler1929.ch\/de\/wp-json\/wp\/v2\/types\/product"}],"replies":[{"embeddable":true,"href":"https:\/\/www.mettler1929.ch\/de\/wp-json\/wp\/v2\/comments?post=2686"}],"wp:featuredmedia":[{"embeddable":true,"href":"https:\/\/www.mettler1929.ch\/de\/wp-json\/wp\/v2\/media\/8638"}],"wp:attachment":[{"href":"https:\/\/www.mettler1929.ch\/de\/wp-json\/wp\/v2\/media?parent=2686"}],"wp:term":[{"taxonomy":"use","embeddable":true,"href":"https:\/\/www.mettler1929.ch\/de\/wp-json\/wp\/v2\/use?post=2686"},{"taxonomy":"ingredients","embeddable":true,"href":"https:\/\/www.mettler1929.ch\/de\/wp-json\/wp\/v2\/ingredients?post=2686"},{"taxonomy":"product_cat","embeddable":true,"href":"https:\/\/www.mettler1929.ch\/de\/wp-json\/wp\/v2\/product_cat?post=2686"},{"taxonomy":"product_tag","embeddable":true,"href":"https:\/\/www.mettler1929.ch\/de\/wp-json\/wp\/v2\/product_tag?post=2686"}],"curies":[{"name":"wp","href":"https:\/\/api.w.org\/{rel}","templated":true}]}}