{"id":2680,"date":"2019-06-12T12:29:05","date_gmt":"2019-06-12T12:29:05","guid":{"rendered":"https:\/\/www.mettler1929.ch\/product\/leuchtkraft-augenkonturcreme\/"},"modified":"2024-05-05T17:48:11","modified_gmt":"2024-05-05T17:48:11","slug":"leuchtkraft-augenkonturcreme","status":"publish","type":"product","link":"https:\/\/www.mettler1929.ch\/de\/produkt\/leuchtkraft-augenkonturcreme\/","title":{"rendered":"Leuchtkraft Augenkonturcreme"},"content":{"rendered":"","protected":false},"excerpt":{"rendered":"<p>Kraftvolle Mischung aus Kr\u00e4utern aus den Schweizer Alpen, vereint in einer Behandlung, die Augenringe sichtbar reduziert und gleichzeitig die Augenpartie zu einem strahlenden Teint verhilft. <\/p>\n<p>Die biomimetische Textur (Fl\u00fcssigkristalle) f\u00f6rdert die effektive Aufnahme und Leistung der Wirkstoffe: f\u00fcr EINZIGARTIGE, SOFORTIGE und LANGANHALTENDE WIRKUNG.<\/p>\n<p>85% nat\u00fcrliche Inhaltsstoffe<br \/>\n0 % Parabene \u2013 0 % Paraffin \u2013 0 % Parf\u00fcm &#8211; 0% Alkohol<br \/>\npH-neutral<\/p>\n<hr \/>\n<p><strong>HAUTTYP<\/strong><br \/>\ndehydrierte Augenkontur, dunkle Schatten<\/p>\n<hr \/>\n<p><strong>EMPFOHLENE ANWENDUNG<\/strong><br \/>\nMorgens und abends durch leichtes Klopfen auftragen. Kontakt mit den Augen vermeiden.<\/p>\n<hr \/>\n<p><strong>INHALTSSTOFFE<\/strong><br \/>\nAlpenkr\u00e4uter, G\u00e4nsebl\u00fcmchen, Hafer Extrakt, Eschenrindenextrakt, Vitamin C, Nat\u00fcrliches Squalan aus dem Olivenbaum, Saccharid Isomerate<\/p>\n","protected":false},"featured_media":2681,"comment_status":"open","ping_status":"closed","template":"","meta":[],"use":[112],"ingredients":[386,397,430,390,431,425,418],"product_cat":[91],"product_tag":[],"acf":{"complex_text":"<hr \/><strong> 7 Alpenkr\u00e4uter - Schl\u00fcsselblume, Schafgarbe, Malve, Zitronenmelisse, Pfefferminze, Frauenmantel und Ehrenpreis:<\/strong> verhelfen zu einem ebenm\u00e4ssigen Teint, verringern nachhaltig Pigmentst\u00f6rungen und l\u00e4sst die Haut strahlen.<hr \/><strong> G\u00e4nsebl\u00fcmchen:<\/strong> reduziert Pigmentst\u00f6rungen, hellt Flecken auf und hilft die Melanin Produktion zu reduzieren.<hr \/><strong>Eschenrindenextrak:<\/strong> reduziert Schwellungen.<hr \/><strong> Hafer Extrakt:<\/strong> spendet Feuchtigkeit, wirkt beruhigend und aufpolsternd.<hr \/><strong> Vitamin C:<\/strong> verfeinert das Hautbild und hat antioxidative Eigenschaften.<hr \/><strong> Nat\u00fcrliches Squalan:<\/strong> wird aus dem Olivenbaum gewonnen und bewahrt die Haut vor Feuchtigkeitsverlust.<hr \/><strong> Saccharid-Isomerat:<\/strong> beruhigt, verbessert das Feuchthalteverm\u00f6gen der Haut und spendet Feuchtigkeit.","complex_cover":4401,"complex_background_color":"lightening-color"},"_links":{"self":[{"href":"https:\/\/www.mettler1929.ch\/de\/wp-json\/wp\/v2\/product\/2680"}],"collection":[{"href":"https:\/\/www.mettler1929.ch\/de\/wp-json\/wp\/v2\/product"}],"about":[{"href":"https:\/\/www.mettler1929.ch\/de\/wp-json\/wp\/v2\/types\/product"}],"replies":[{"embeddable":true,"href":"https:\/\/www.mettler1929.ch\/de\/wp-json\/wp\/v2\/comments?post=2680"}],"wp:featuredmedia":[{"embeddable":true,"href":"https:\/\/www.mettler1929.ch\/de\/wp-json\/wp\/v2\/media\/2681"}],"wp:attachment":[{"href":"https:\/\/www.mettler1929.ch\/de\/wp-json\/wp\/v2\/media?parent=2680"}],"wp:term":[{"taxonomy":"use","embeddable":true,"href":"https:\/\/www.mettler1929.ch\/de\/wp-json\/wp\/v2\/use?post=2680"},{"taxonomy":"ingredients","embeddable":true,"href":"https:\/\/www.mettler1929.ch\/de\/wp-json\/wp\/v2\/ingredients?post=2680"},{"taxonomy":"product_cat","embeddable":true,"href":"https:\/\/www.mettler1929.ch\/de\/wp-json\/wp\/v2\/product_cat?post=2680"},{"taxonomy":"product_tag","embeddable":true,"href":"https:\/\/www.mettler1929.ch\/de\/wp-json\/wp\/v2\/product_tag?post=2680"}],"curies":[{"name":"wp","href":"https:\/\/api.w.org\/{rel}","templated":true}]}}