{"id":2620,"date":"2019-06-12T12:28:51","date_gmt":"2019-06-12T12:28:51","guid":{"rendered":"https:\/\/www.mettler1929.ch\/product\/leuchtkraft-perfektionierendes-serum\/"},"modified":"2024-05-05T17:48:34","modified_gmt":"2024-05-05T17:48:34","slug":"leuchtkraft-perfektionierendes-serum","status":"publish","type":"product","link":"https:\/\/www.mettler1929.ch\/de\/produkt\/leuchtkraft-perfektionierendes-serum\/","title":{"rendered":"Leuchtkraft perfektionierendes Serum"},"content":{"rendered":"<p><br data-mce-bogus=\"1\"><\/p>\n","protected":false},"excerpt":{"rendered":"<p>Zart schmelzendes regenerierendes Serum, das Ihren Teint ausgleicht und vereinheitlicht, um Ihnen eine glatte, strahlende Haut zu verleihen.<\/p>\n<p>Die biomimetische Textur (Fl\u00fcssigkristalle) f\u00f6rdert die effektive Aufnahme und Leistung der Wirkstoffe: f\u00fcr EINZIGARTIGE, SOFORTIGE und LANGANHALTENDE WIRKUNG.<\/p>\n<p>90% nat\u00fcrliche Inhaltsstoffe<br \/>\n0 % Parabene \u2013 0 % Paraffin<br \/>\npH-neutral<\/p>\n<hr>\n<p><strong>HAUTTYP<\/strong><br \/>\nStumpfe &#8211; m\u00fcde &#8211; zu Altersflecken neigende Haut<\/p>\n<hr>\n<p><strong>EMPFOHLENE ANWENDUNG<\/strong><br \/>\nSCHRITT 1: Tragen Sie das Serum morgens und abends auf<br \/>\nSCHRITT 2: Setzen Sie Ihre Pflege mit der 24h Lightening Creme fort<\/p>\n<p>Ideal auch als Makeup Basis geeignet<\/p>\n<hr \/>\n<p><strong>INHALTSSTOFFE<\/strong><br \/>\nAlpenkr\u00e4uter, G\u00e4nsebl\u00fcmchen, Vitamin E, Vitamin C, Mica, S\u00fcssholzextrakt<\/p>\n","protected":false},"featured_media":2621,"comment_status":"open","ping_status":"closed","template":"","meta":[],"use":[114],"ingredients":[397,402,390,404,418,417],"product_cat":[91],"product_tag":[],"acf":{"complex_text":"<hr \/><strong> 7 Alpenkr\u00e4uter - Schl\u00fcsselblume, Schafgarbe, Malve, Zitronenmelisse, Pfefferminze, Frauenmantel und Ehrenpreis:<\/strong> verhelfen zu einem ebenm\u00e4ssigen Teint, verringern nachhaltig Pigmentst\u00f6rungen und l\u00e4sst die Haut strahlen.<hr \/><strong> G\u00e4nsebl\u00fcmchen:<\/strong> reduziert Pigmentst\u00f6rungen, hellt Flecken auf und hilft die Melanin Produktion zu reduzieren.<hr \/><strong>Mica:<\/strong> reflektiert das Licht und bringt die Haut zum strahlen.<hr \/><strong> Vitamin C:<\/strong> verfeinert das Hautbild und hat antioxidative Eigenschaften. <hr \/><strong> Vitamin E:<\/strong> sch\u00fctzt vor freien Radikalen und beruhigt die Haut.<hr \/><strong> S\u00fcssholzextrakt:<\/strong> beruhigt und bek\u00e4mpft \u00dcberpigmentierung, spendet Feuchtigkeit und beruhigt.","complex_cover":4514,"complex_background_color":"lightening-color"},"_links":{"self":[{"href":"https:\/\/www.mettler1929.ch\/de\/wp-json\/wp\/v2\/product\/2620"}],"collection":[{"href":"https:\/\/www.mettler1929.ch\/de\/wp-json\/wp\/v2\/product"}],"about":[{"href":"https:\/\/www.mettler1929.ch\/de\/wp-json\/wp\/v2\/types\/product"}],"replies":[{"embeddable":true,"href":"https:\/\/www.mettler1929.ch\/de\/wp-json\/wp\/v2\/comments?post=2620"}],"wp:featuredmedia":[{"embeddable":true,"href":"https:\/\/www.mettler1929.ch\/de\/wp-json\/wp\/v2\/media\/2621"}],"wp:attachment":[{"href":"https:\/\/www.mettler1929.ch\/de\/wp-json\/wp\/v2\/media?parent=2620"}],"wp:term":[{"taxonomy":"use","embeddable":true,"href":"https:\/\/www.mettler1929.ch\/de\/wp-json\/wp\/v2\/use?post=2620"},{"taxonomy":"ingredients","embeddable":true,"href":"https:\/\/www.mettler1929.ch\/de\/wp-json\/wp\/v2\/ingredients?post=2620"},{"taxonomy":"product_cat","embeddable":true,"href":"https:\/\/www.mettler1929.ch\/de\/wp-json\/wp\/v2\/product_cat?post=2620"},{"taxonomy":"product_tag","embeddable":true,"href":"https:\/\/www.mettler1929.ch\/de\/wp-json\/wp\/v2\/product_tag?post=2620"}],"curies":[{"name":"wp","href":"https:\/\/api.w.org\/{rel}","templated":true}]}}