{"id":2618,"date":"2019-06-12T12:29:00","date_gmt":"2019-06-12T12:29:00","guid":{"rendered":"https:\/\/www.mettler1929.ch\/product\/24h-leuchtkraftspendende-creme\/"},"modified":"2022-09-12T11:33:10","modified_gmt":"2022-09-12T11:33:10","slug":"24h-leuchtkraftspendende-creme","status":"publish","type":"product","link":"https:\/\/www.mettler1929.ch\/de\/produkt\/24h-leuchtkraftspendende-creme\/","title":{"rendered":"24H Leuchtkraftspendende Creme"},"content":{"rendered":"","protected":false},"excerpt":{"rendered":"<p>Diese Creme n\u00e4hrt, gleicht aus und hellt Pigmentflecken auf um Ihnen einen strahlenden und ausgeglichenen Teint zu verleihen.<\/p>\n<p>Die biomimetische Textur (Fl\u00fcssigkristalle) f\u00f6rdert die effektive Aufnahme und Leistung der Wirkstoffe: f\u00fcr EINZIGARTIGE, SOFORTIGE und LANGANHALTENDE WIRKUNG.<\/p>\n<p>0 % Parabene \u2013 0 % Paraffin <br \/>\npH-neutral<\/p>\n<hr \/>\n<p><strong>HAUTTYP<\/strong><br \/>\nStumpfe \u2013 m\u00fcde \u2013 zu Altersflecken neigende Haut<\/p>\n<hr \/>\n<p><strong>EMPFOHLENE ANWENDUNG <\/strong><br \/>\nSCHRITT 1: Tragen Sie das Complexion Illuminator Elixir auf<br \/>\nSCHRITT 2: Verwenden Sie das Perfection Lightening Serum<br \/>\nSCHRITT 3: Abschliessend die 24h Cream auf das Gesicht auftragen.<\/p>\n<p>Die Produkte morgens und abends anwenden.<\/p>\n<hr \/>\n<p><strong>INHALTSSTOFFE<\/strong><br \/>\nAlpenkr\u00e4uter, G\u00e4nsebl\u00fcmchen, Vitamin C, Vitamin E, S\u00fcssholzextrakt<\/p>\n","protected":false},"featured_media":2619,"comment_status":"open","ping_status":"closed","template":"","meta":[],"use":[114],"ingredients":[397,390,404,418,417],"product_cat":[91],"product_tag":[],"acf":{"complex_text":"<hr \/><strong> 7Alpenkr\u00e4uter - Schl\u00fcsselblume, Schafgarbe, Malve, Zitronenmelisse, Pfefferminze, Frauenmantel und Ehrenpreis:<\/strong> verhelfen zu einem ebenm\u00e4ssigen Teint, verringern nachhaltig Pigmentst\u00f6rungen und l\u00e4sst die Haut strahlen.<hr \/><strong> G\u00e4nsebl\u00fcmchen:<\/strong> reduziert Pigmentst\u00f6rungen, hellt Flecken auf und hilft die Melanin Produktion zu reduzieren.<hr \/><strong> Vitamin C:<\/strong> verfeinert das Hautbild und hat antioxidative Eigenschaften. <hr \/><strong> Vitamin E:<\/strong> sch\u00fctzt vor freien Radikalen und beruhigt die Haut.<hr \/><strong> S\u00fcssholzextrakt:<\/strong> beruhigt und bek\u00e4mpft \u00dcberpigmentierung.","complex_cover":4401,"complex_background_color":"lightening-color"},"_links":{"self":[{"href":"https:\/\/www.mettler1929.ch\/de\/wp-json\/wp\/v2\/product\/2618"}],"collection":[{"href":"https:\/\/www.mettler1929.ch\/de\/wp-json\/wp\/v2\/product"}],"about":[{"href":"https:\/\/www.mettler1929.ch\/de\/wp-json\/wp\/v2\/types\/product"}],"replies":[{"embeddable":true,"href":"https:\/\/www.mettler1929.ch\/de\/wp-json\/wp\/v2\/comments?post=2618"}],"wp:featuredmedia":[{"embeddable":true,"href":"https:\/\/www.mettler1929.ch\/de\/wp-json\/wp\/v2\/media\/2619"}],"wp:attachment":[{"href":"https:\/\/www.mettler1929.ch\/de\/wp-json\/wp\/v2\/media?parent=2618"}],"wp:term":[{"taxonomy":"use","embeddable":true,"href":"https:\/\/www.mettler1929.ch\/de\/wp-json\/wp\/v2\/use?post=2618"},{"taxonomy":"ingredients","embeddable":true,"href":"https:\/\/www.mettler1929.ch\/de\/wp-json\/wp\/v2\/ingredients?post=2618"},{"taxonomy":"product_cat","embeddable":true,"href":"https:\/\/www.mettler1929.ch\/de\/wp-json\/wp\/v2\/product_cat?post=2618"},{"taxonomy":"product_tag","embeddable":true,"href":"https:\/\/www.mettler1929.ch\/de\/wp-json\/wp\/v2\/product_tag?post=2618"}],"curies":[{"name":"wp","href":"https:\/\/api.w.org\/{rel}","templated":true}]}}