{"id":2612,"date":"2019-06-12T12:28:50","date_gmt":"2019-06-12T12:28:50","guid":{"rendered":"https:\/\/www.mettler1929.ch\/product\/detox-klarende-maske-mit-gruner-tonerde\/"},"modified":"2023-04-13T09:59:22","modified_gmt":"2023-04-13T09:59:22","slug":"detox-klarende-maske-mit-gruner-tonerde","status":"publish","type":"product","link":"https:\/\/www.mettler1929.ch\/de\/produkt\/detox-klarende-maske-mit-gruner-tonerde\/","title":{"rendered":"Detox kl\u00e4rende Maske mit gr\u00fcner Tonerde"},"content":{"rendered":"","protected":false},"excerpt":{"rendered":"<p>Formuliert, um Unreinheiten zu reduzieren und \u00fcbersch\u00fcssigen Talg zu entfernen. Die Maske mit gr\u00fcner Tonerde beh\u00e4lt ihre Flexibilit\u00e4t w\u00e4hrend der Anwendung f\u00fcr optimale Feuchtigkeitsversorgung und Komfort.<\/p>\n<p>Die biomimetische Textur (Fl\u00fcssigkristalle) f\u00f6rdert die effektive Aufnahme und Leistung der Wirkstoffe: f\u00fcr EINZIGARTIGE, SOFORTIGE und LANGANHALTENDE WIRKUNG.<\/p>\n<p>97% nat\u00fcrliche Inhaltsstoffe<br \/>\n0% Parabene \u2013 0% Paraffin\u2013 0% Alkohol denat.<br \/>\npH-neutral<\/p>\n<hr \/>\n<p><strong>HAUTTYP<\/strong><br \/>\nMischaut und \u00f6lige Haut<\/p>\n<hr \/>\n<p><strong>EMPFOHLENE ANWENDUNG <\/strong><br \/>\nKann ein- bis zweimal pro Woche oder je nach Hautzustand f\u00fcr 20-25 Minuten auf das Gesicht aufgetragen und mit lauwarmen Wasser abgesp\u00fclt werden. F\u00fcr ein ideales Ergebnis vor der Maske das Detox kl\u00e4rende Peeling anwenden. Kann auch \u00fcber Nacht lokal auf Pickel angewendet werden um den Heilungsprozess zu beschleunigen.<\/p>\n<hr \/>\n<p><strong>INHALTSSTOFFE<\/strong><br \/>\nHamamelis Extrakt, Zimt Extrakt, Spitzwegerich, gr\u00fcne Tonerde, Salicyls\u00e4ure, Vitamin C<\/p>\n","protected":false},"featured_media":2613,"comment_status":"open","ping_status":"closed","template":"","meta":[],"use":[114],"ingredients":[412,410,424,391,418,394],"product_cat":[87],"product_tag":[],"acf":{"complex_text":"<hr \/><strong> Hamamelis Extrakt:<\/strong> verfeinert Poren, kl\u00e4rt, tonisiert und beruhigt. <hr \/><strong> Zimt Extrakt:<\/strong>entspannt und kl\u00e4rt die Haut.<hr \/><strong> Spitzwegerich:<\/strong> wirkt reizmildernd, adstringierend und kl\u00e4rend.<hr \/><strong> Gr\u00fcne Tonerde:<\/strong> hat hohe Talg absorbierende Eigenschaften, mattiert nachhaltig, reinigt und ebnet das Hautbild.<hr \/><strong> Salicyls\u00e4ure:<\/strong> kl\u00e4rt und beruhigt.<hr \/><strong> Vitamin C:<\/strong> verfeinert das Hautbild deutlich und hat antioxidative Eigenschaften.","complex_cover":4405,"complex_background_color":"detox-color"},"_links":{"self":[{"href":"https:\/\/www.mettler1929.ch\/de\/wp-json\/wp\/v2\/product\/2612"}],"collection":[{"href":"https:\/\/www.mettler1929.ch\/de\/wp-json\/wp\/v2\/product"}],"about":[{"href":"https:\/\/www.mettler1929.ch\/de\/wp-json\/wp\/v2\/types\/product"}],"replies":[{"embeddable":true,"href":"https:\/\/www.mettler1929.ch\/de\/wp-json\/wp\/v2\/comments?post=2612"}],"wp:featuredmedia":[{"embeddable":true,"href":"https:\/\/www.mettler1929.ch\/de\/wp-json\/wp\/v2\/media\/2613"}],"wp:attachment":[{"href":"https:\/\/www.mettler1929.ch\/de\/wp-json\/wp\/v2\/media?parent=2612"}],"wp:term":[{"taxonomy":"use","embeddable":true,"href":"https:\/\/www.mettler1929.ch\/de\/wp-json\/wp\/v2\/use?post=2612"},{"taxonomy":"ingredients","embeddable":true,"href":"https:\/\/www.mettler1929.ch\/de\/wp-json\/wp\/v2\/ingredients?post=2612"},{"taxonomy":"product_cat","embeddable":true,"href":"https:\/\/www.mettler1929.ch\/de\/wp-json\/wp\/v2\/product_cat?post=2612"},{"taxonomy":"product_tag","embeddable":true,"href":"https:\/\/www.mettler1929.ch\/de\/wp-json\/wp\/v2\/product_tag?post=2612"}],"curies":[{"name":"wp","href":"https:\/\/api.w.org\/{rel}","templated":true}]}}