{"id":2610,"date":"2019-06-12T12:28:59","date_gmt":"2019-06-12T12:28:59","guid":{"rendered":"https:\/\/www.mettler1929.ch\/product\/detox-klarendes-peeling\/"},"modified":"2023-04-13T09:58:24","modified_gmt":"2023-04-13T09:58:24","slug":"detox-klarendes-peeling","status":"publish","type":"product","link":"https:\/\/www.mettler1929.ch\/de\/produkt\/detox-klarendes-peeling\/","title":{"rendered":"Detox kl\u00e4rendes Peeling"},"content":{"rendered":"","protected":false},"excerpt":{"rendered":"<p>Angereichert mit nat\u00fcrlichen Sandk\u00f6rner die speziell abgerundet wurden f\u00fcr einen besonders schonenden Peeling \u2013 Effekt. Ihre Haut wird sofort erfrischt und gereinigt. <\/p>\n<p>86% nat\u00fcrliche Inhaltsstoffe<br \/>\n0% Parabene \u2013 0% Paraffin \u2013 0% Alkohol denat.<br \/>\npH-neutral<\/p>\n<hr \/>\n<p><strong>HAUTTYP<\/strong><br \/>\nAlle, besonders f\u00fcr Misch- und \u00f6lige Haut<\/p>\n<hr \/>\n<p><strong>EMPFOHLENE ANWENDUNG <\/strong><br \/>\nBei \u00f6liger- und Mischhaut 1 bis 2 mal pro Woche sanft einmassieren. Bei normaler und trockener Haut einmal pro Woche anwenden um abgestorbene Hautzellen zu entfernen.<br \/>\nDas Peeling wird auch empfohlen, um eingewachsene Barthaare vorzubeugen. F\u00fcr ein besonderes kl\u00e4rendes Ergebnis empfehlen wir nach dem Peeling die Detox Maske mit gr\u00fcner Tonerde.<\/p>\n<hr \/>\n<p><strong>INHALTSSTOFFE<\/strong><br \/>\nHamamelis, Zimt Extrakt, Spitzwegerich, nat\u00fcrlicher Sand<\/p>\n","protected":false},"featured_media":6282,"comment_status":"open","ping_status":"closed","template":"","meta":[],"use":[114],"ingredients":[410,399,391,394],"product_cat":[87],"product_tag":[],"acf":{"complex_text":"<hr \/><strong> Hamamelis:<\/strong> verfeinert Poren, kl\u00e4rt, tonisiert und beruhigt. <hr \/><strong> Zimt Extrakt:<\/strong> entspannend und kl\u00e4rt die Haut. <hr \/><strong> Spitzwegerich:<\/strong> wirkt reizmildernd, adstringierend und kl\u00e4rend.<hr \/><strong> Nat\u00fcrlicher Sand:<\/strong> erm\u00f6glicht eine sanfte Entfernung von abgestorbenen Hautzellen ohne die Haut zu reizen oder zu verletzten.","complex_cover":6249,"complex_background_color":"detox-color"},"_links":{"self":[{"href":"https:\/\/www.mettler1929.ch\/de\/wp-json\/wp\/v2\/product\/2610"}],"collection":[{"href":"https:\/\/www.mettler1929.ch\/de\/wp-json\/wp\/v2\/product"}],"about":[{"href":"https:\/\/www.mettler1929.ch\/de\/wp-json\/wp\/v2\/types\/product"}],"replies":[{"embeddable":true,"href":"https:\/\/www.mettler1929.ch\/de\/wp-json\/wp\/v2\/comments?post=2610"}],"wp:featuredmedia":[{"embeddable":true,"href":"https:\/\/www.mettler1929.ch\/de\/wp-json\/wp\/v2\/media\/6282"}],"wp:attachment":[{"href":"https:\/\/www.mettler1929.ch\/de\/wp-json\/wp\/v2\/media?parent=2610"}],"wp:term":[{"taxonomy":"use","embeddable":true,"href":"https:\/\/www.mettler1929.ch\/de\/wp-json\/wp\/v2\/use?post=2610"},{"taxonomy":"ingredients","embeddable":true,"href":"https:\/\/www.mettler1929.ch\/de\/wp-json\/wp\/v2\/ingredients?post=2610"},{"taxonomy":"product_cat","embeddable":true,"href":"https:\/\/www.mettler1929.ch\/de\/wp-json\/wp\/v2\/product_cat?post=2610"},{"taxonomy":"product_tag","embeddable":true,"href":"https:\/\/www.mettler1929.ch\/de\/wp-json\/wp\/v2\/product_tag?post=2610"}],"curies":[{"name":"wp","href":"https:\/\/api.w.org\/{rel}","templated":true}]}}