{"id":2608,"date":"2019-06-12T12:28:52","date_gmt":"2019-06-12T12:28:52","guid":{"rendered":"https:\/\/www.mettler1929.ch\/product\/detox-tiefreinigendes-serum\/"},"modified":"2024-05-05T17:48:11","modified_gmt":"2024-05-05T17:48:11","slug":"detox-tiefreinigendes-serum","status":"publish","type":"product","link":"https:\/\/www.mettler1929.ch\/de\/produkt\/detox-tiefreinigendes-serum\/","title":{"rendered":"Detox tiefreinigendes Serum"},"content":{"rendered":"","protected":false},"excerpt":{"rendered":"<p>Das Serum mattiert, gleicht aus und verfeinert Ihr Hautbild. Gleichzeitig sch\u00fctzt es vor externen Stressoren.<\/p>\n<p>Die biomimetische Textur (Fl\u00fcssigkristalle) f\u00f6rdert die effektive Aufnahme und Leistung der Wirkstoffe: f\u00fcr EINZIGARTIGE, SOFORTIGE und LANGANHALTENDE WIRKUNG.<\/p>\n<p>90% nat\u00fcrliche Inhaltsstoffe<br \/>\n0% Parabene \u2013 0% Paraffin<br \/>\n pH-neutral<\/p>\n<hr \/>\n<p><strong>HAUTTYP<\/strong><br \/>\nMischaut und \u00f6lige Haut<\/p>\n<hr \/>\n<p><strong>EMPFOHLENE ANWENDUNG <\/strong><br \/>\nMorgens und Abends nach der Reinigung auf Gesicht, Hals und Dekollet\u00e9 auftragen. F\u00fcr die alleinige Nutzung oder in Kombination mit der Detox Creme gegen Umweltbelastungen.<\/p>\n<hr \/>\n<p><strong>INHALTSSTOFFE<\/strong><br \/>\nHamamelis Extrakt, Zimt Extrakt, Spitzwegerich, Salicyls\u00e4ure, Vitamin C<\/p>\n","protected":false},"featured_media":2609,"comment_status":"open","ping_status":"closed","template":"","meta":[],"use":[114],"ingredients":[410,424,391,418,394],"product_cat":[87],"product_tag":[],"acf":{"complex_text":"<hr \/><strong> Hamamelis Extrakt:<\/strong> verfeinert Poren, kl\u00e4rt, tonisiert und beruhigt. <hr \/><strong> Zimt Extrakt:<\/strong> entspannend und kl\u00e4rt die Haut. <hr \/><strong> Spitzwegerich:<\/strong> wirkt reizmildernd, adstringierend und kl\u00e4rend.<hr \/><strong> Salicyls\u00e4ure:<\/strong> kl\u00e4rt und beruhigt.<hr \/><strong> Vitamin C:<\/strong> verfeinert das Hautbild deutlich und hat antioxidative Eigenschaften.","complex_cover":4401,"complex_background_color":"detox-color"},"_links":{"self":[{"href":"https:\/\/www.mettler1929.ch\/de\/wp-json\/wp\/v2\/product\/2608"}],"collection":[{"href":"https:\/\/www.mettler1929.ch\/de\/wp-json\/wp\/v2\/product"}],"about":[{"href":"https:\/\/www.mettler1929.ch\/de\/wp-json\/wp\/v2\/types\/product"}],"replies":[{"embeddable":true,"href":"https:\/\/www.mettler1929.ch\/de\/wp-json\/wp\/v2\/comments?post=2608"}],"wp:featuredmedia":[{"embeddable":true,"href":"https:\/\/www.mettler1929.ch\/de\/wp-json\/wp\/v2\/media\/2609"}],"wp:attachment":[{"href":"https:\/\/www.mettler1929.ch\/de\/wp-json\/wp\/v2\/media?parent=2608"}],"wp:term":[{"taxonomy":"use","embeddable":true,"href":"https:\/\/www.mettler1929.ch\/de\/wp-json\/wp\/v2\/use?post=2608"},{"taxonomy":"ingredients","embeddable":true,"href":"https:\/\/www.mettler1929.ch\/de\/wp-json\/wp\/v2\/ingredients?post=2608"},{"taxonomy":"product_cat","embeddable":true,"href":"https:\/\/www.mettler1929.ch\/de\/wp-json\/wp\/v2\/product_cat?post=2608"},{"taxonomy":"product_tag","embeddable":true,"href":"https:\/\/www.mettler1929.ch\/de\/wp-json\/wp\/v2\/product_tag?post=2608"}],"curies":[{"name":"wp","href":"https:\/\/api.w.org\/{rel}","templated":true}]}}