{"id":2605,"date":"2019-06-12T12:29:06","date_gmt":"2019-06-12T12:29:06","guid":{"rendered":"https:\/\/www.mettler1929.ch\/product\/detox-creme-gegen-umweltbelastungen\/"},"modified":"2024-09-22T13:40:15","modified_gmt":"2024-09-22T13:40:15","slug":"detox-creme-gegen-umweltbelastungen","status":"publish","type":"product","link":"https:\/\/www.mettler1929.ch\/de\/produkt\/detox-creme-gegen-umweltbelastungen\/","title":{"rendered":"Detox Creme gegen Umweltbelastungen"},"content":{"rendered":"","protected":false},"excerpt":{"rendered":"<p>Ein Komplex aus leistungsstarken nat\u00fcrlichen Inhaltsstoffen zur Kl\u00e4rung, Beruhigung und Verfeinerung Ihrer Poren. Ihre Haut wird wirksam vor \u00e4u\u00dferen Einfl\u00fcssen gesch\u00fctzt.<\/p>\n<p>Die biomimetische Textur (Fl\u00fcssigkristalle) f\u00f6rdert die effektive Aufnahme und Leistung der Wirkstoffe: f\u00fcr EINZIGARTIGE, SOFORTIGE und LANGANHALTENDE WIRKUNG.<\/p>\n<p>96% nat\u00fcrliche Inhaltsstoffe<br \/>\n0% Parabene \u2013 0% Paraffin\u2013 0% Alkohol denat.<br \/>\npH-neutral<\/p>\n<hr \/>\n<p><strong>HAUTTYP<\/strong><br \/>\nMischhaut und \u00f6lige Haut, auch f\u00fcr reifere Haut mit Mischhaut<\/p>\n<hr \/>\n<p><strong>EMPFOHLENE ANWENDUNG <\/strong><br \/>\nSCHRITT 1: Verwenden Sie das Detox Tiefenreinigendes Serum.<br \/>\nSCHRITT 2: Tragen Sie die Creme auf Gesicht, Hals und Dekollet\u00e9 auf.<\/p>\n<p>Beide Produkte morgens und abends anwenden.<\/p>\n<hr \/>\n<p><strong>INHALTSSTOFFE<\/strong><br \/>\nHamamelis Extrakt, Zimt Extrakt, Spitzwegerich, Efeu Extrakt, Hefe &#8211; candida saitoana Extrakt, Vitamin C<\/p>\n","protected":false},"featured_media":2479,"comment_status":"open","ping_status":"closed","template":"","meta":[],"use":[114],"ingredients":[393,407,410,391,418,394],"product_cat":[87],"product_tag":[],"acf":{"complex_text":"<hr \/><strong> Hamamelis Extrakt:<\/strong> verfeinert Poren, kl\u00e4rt, tonisiert und beruhigt. <hr \/><strong> Zimt Extrakt:<\/strong> entspannend und kl\u00e4rt die Haut. <hr \/><strong> Spitzwegerich:<\/strong> wirkt reizmildernd, adstringierend und kl\u00e4rend. <hr \/><strong> Efeu Extrakt:<\/strong> verfeinert die Poren und strafft.<hr \/><strong> Candida Saitoana  - Hefe Extrakt:<\/strong> verst\u00e4rkt den Detox Effekt und sch\u00fctzt die Haut vor sch\u00e4dlichen Umwelteinfl\u00fcsse. <hr \/><strong> Vitamin C:<\/strong> verfeinert das Hautbild und hat antioxidative Eigenschaften.","complex_cover":4401,"complex_background_color":"detox-color"},"_links":{"self":[{"href":"https:\/\/www.mettler1929.ch\/de\/wp-json\/wp\/v2\/product\/2605"}],"collection":[{"href":"https:\/\/www.mettler1929.ch\/de\/wp-json\/wp\/v2\/product"}],"about":[{"href":"https:\/\/www.mettler1929.ch\/de\/wp-json\/wp\/v2\/types\/product"}],"replies":[{"embeddable":true,"href":"https:\/\/www.mettler1929.ch\/de\/wp-json\/wp\/v2\/comments?post=2605"}],"wp:featuredmedia":[{"embeddable":true,"href":"https:\/\/www.mettler1929.ch\/de\/wp-json\/wp\/v2\/media\/2479"}],"wp:attachment":[{"href":"https:\/\/www.mettler1929.ch\/de\/wp-json\/wp\/v2\/media?parent=2605"}],"wp:term":[{"taxonomy":"use","embeddable":true,"href":"https:\/\/www.mettler1929.ch\/de\/wp-json\/wp\/v2\/use?post=2605"},{"taxonomy":"ingredients","embeddable":true,"href":"https:\/\/www.mettler1929.ch\/de\/wp-json\/wp\/v2\/ingredients?post=2605"},{"taxonomy":"product_cat","embeddable":true,"href":"https:\/\/www.mettler1929.ch\/de\/wp-json\/wp\/v2\/product_cat?post=2605"},{"taxonomy":"product_tag","embeddable":true,"href":"https:\/\/www.mettler1929.ch\/de\/wp-json\/wp\/v2\/product_tag?post=2605"}],"curies":[{"name":"wp","href":"https:\/\/api.w.org\/{rel}","templated":true}]}}