{"id":2601,"date":"2019-06-12T12:28:52","date_gmt":"2019-06-12T12:28:52","guid":{"rendered":"https:\/\/www.mettler1929.ch\/product\/intensives-feuchtigkeitsserum\/"},"modified":"2023-03-01T14:03:28","modified_gmt":"2023-03-01T14:03:28","slug":"intensives-feuchtigkeitsserum","status":"publish","type":"product","link":"https:\/\/www.mettler1929.ch\/de\/produkt\/intensives-feuchtigkeitsserum\/","title":{"rendered":"Intensives Feuchtigkeitsserum"},"content":{"rendered":"","protected":false},"excerpt":{"rendered":"<p>Dieses Serum spendet der Haut intensive Feuchtigkeit. Seine leichte Textur aus Irisextrakt und Hyalurons\u00e4ure zieht leicht ein und st\u00e4rkt die Hautbarriere. <\/p>\n<p>Die biomimetische Textur (Fl\u00fcssigkristalle) f\u00f6rdert die effektive Aufnahme und Leistung der Wirkstoffe: f\u00fcr EINZIGARTIGE, SOFORTIGE und LANGANHALTENDE WIRKUNG.<\/p>\n<p>96% nat\u00fcrliche Inhaltsstoffe<br \/>\n0% Parabene \u2013 0% Paraffin\u2013 0% Alkohol denat.<br \/>\npH-neutral<\/p>\n<hr \/>\n<p><strong>HAUTTYP<\/strong><br \/>\nAlle, besonders bei trockener\/dehydrierten Haut<\/p>\n<hr \/>\n<p><strong>EMPFOHLENE ANWENDUNG <\/strong><br \/>\nSCHRITT 1: Tragen Sie das Serum auf Gesicht, Hals und Dekollet\u00e9 auf.<br \/>\nSCHRITT 2: Anschliessend tragen Sie die 24h Feuchtigkeitscreme auf.<\/p>\n<p>Produkte morgens und abends anwenden<\/p>\n<p><strong>INHALTSSTOFFE<\/strong><br \/>\nIris Extrakt, Hyalurons\u00e4ure, Johannisbrotkernmehl, Fucose L\u00f6sung, Isl\u00e4ndisch Moos, Vitamin C<\/p>\n","protected":false},"featured_media":2602,"comment_status":"open","ping_status":"closed","template":"","meta":[],"use":[114],"ingredients":[415,408,381,382,403,418],"product_cat":[93],"product_tag":[],"acf":{"complex_text":"<strong> Iris Extrakt:<\/strong> versorgt die Haut mit Feuchtigkeit und st\u00e4rkt sie . <hr \/><strong> Vitamin C:<\/strong> verfeibert das Hautbild und hat antioxidative Eigenschaften.<hr \/><strong> Hyalurons\u00e4ure:<\/strong> sch\u00fctzt vor Austrocknung, spendet Feuchtigkeit und versorgt die Haut mit Wasser. Sie wirkt wie ein Schwamm, der bis zu 1000 Mal sein eigenes Gewicht in Wasser halten kann.<hr \/><strong>Johannisbrotkernmehl:<\/strong> wirkt in Synergie mit Hyalurons\u00e4ure und bildet einen sch\u00fctzenden Film auf der Haut und hilft den Feuchtigkeitsgehalt der Haut zu regulieren und stabilisieren.<hr\/><strong>Fucose Konzentrat:<\/strong> st\u00e4rkt die Hautbarriere und stimuliert die Keratinozyten der Epidermis.<hr \/><strong> Isl\u00e4ndisch Moos:<\/strong> spendet Feuchtigkeit, beruhigt und sch\u00fctzt die Haut vor dem Austrocknen.","complex_cover":4514,"complex_background_color":"moisturizing-color"},"_links":{"self":[{"href":"https:\/\/www.mettler1929.ch\/de\/wp-json\/wp\/v2\/product\/2601"}],"collection":[{"href":"https:\/\/www.mettler1929.ch\/de\/wp-json\/wp\/v2\/product"}],"about":[{"href":"https:\/\/www.mettler1929.ch\/de\/wp-json\/wp\/v2\/types\/product"}],"replies":[{"embeddable":true,"href":"https:\/\/www.mettler1929.ch\/de\/wp-json\/wp\/v2\/comments?post=2601"}],"wp:featuredmedia":[{"embeddable":true,"href":"https:\/\/www.mettler1929.ch\/de\/wp-json\/wp\/v2\/media\/2602"}],"wp:attachment":[{"href":"https:\/\/www.mettler1929.ch\/de\/wp-json\/wp\/v2\/media?parent=2601"}],"wp:term":[{"taxonomy":"use","embeddable":true,"href":"https:\/\/www.mettler1929.ch\/de\/wp-json\/wp\/v2\/use?post=2601"},{"taxonomy":"ingredients","embeddable":true,"href":"https:\/\/www.mettler1929.ch\/de\/wp-json\/wp\/v2\/ingredients?post=2601"},{"taxonomy":"product_cat","embeddable":true,"href":"https:\/\/www.mettler1929.ch\/de\/wp-json\/wp\/v2\/product_cat?post=2601"},{"taxonomy":"product_tag","embeddable":true,"href":"https:\/\/www.mettler1929.ch\/de\/wp-json\/wp\/v2\/product_tag?post=2601"}],"curies":[{"name":"wp","href":"https:\/\/api.w.org\/{rel}","templated":true}]}}