{"id":2597,"date":"2019-06-12T12:28:53","date_gmt":"2019-06-12T12:28:53","guid":{"rendered":"https:\/\/www.mettler1929.ch\/product\/feuchtigkeitsspendende-nahrende-handcreme\/"},"modified":"2024-05-05T17:48:10","modified_gmt":"2024-05-05T17:48:10","slug":"feuchtigkeitsspendende-nahrende-handcreme","status":"publish","type":"product","link":"https:\/\/www.mettler1929.ch\/de\/produkt\/feuchtigkeitsspendende-nahrende-handcreme\/","title":{"rendered":"Feuchtigkeitsspendende n\u00e4hrende Handcreme"},"content":{"rendered":"","protected":false},"excerpt":{"rendered":"<p>Die intensive Feuchtigkeitsversorgung f\u00fcr Ihrer H\u00e4nde. Die  zart schmelzende Textur sorgt f\u00fcr seidigen Tragekomfort ohne Klebeeffekt.<\/p>\n<p>Die biomimetische Textur (Fl\u00fcssigkristalle) f\u00f6rdert die effektive Aufnahme und Leistung der Wirkstoffe: f\u00fcr EINZIGARTIGE, SOFORTIGE und LANGANHALTENDE WIRKUNG.<\/p>\n<p>0% Parabene \u2013 0% Ethanol<br \/>\npH-neutral<\/p>\n<hr \/>\n<p><strong>HAUTTYP<\/strong><br \/>\nAlle, besonders empfohlen f\u00fcr trockene\/dehydrierte Haut. <\/p>\n<hr \/>\n<p><strong>EMPFOHLENE ANWENDUNG <\/strong><br \/>\nT\u00e4glich auftragen, besonders im Winter f\u00fcr sch\u00f6ne, weiche und mit Feuchtigkeit versorgte H\u00e4nde.<\/p>\n<p><strong>INHALTSSTOFFE<\/strong><br \/>\nIris Extrakt, Aloe Vera Extrakt, Shea Butter, Sesam \u00d6l, Vitamin<\/p>\n","protected":false},"featured_media":6294,"comment_status":"open","ping_status":"closed","template":"","meta":[],"use":[107],"ingredients":[379,381,423,383,417],"product_cat":[93],"product_tag":[],"acf":{"complex_text":"<hr \/><strong>Iris Extrakt:<\/strong> versorgt die Haut mit Feuchtigkeit, st\u00e4rkt und repariert.<hr\/><strong>Aloe Vera Extrakt:<\/strong> enth\u00e4lt wertvolle Mineralien, Vitamine und Aminos\u00e4uren, spendet Feuchtigkeit und beruhigt.<hr \/><strong>Shea Butter:<\/strong> n\u00e4hrt und sch\u00fctzt die Haut vor dem Austrocknen.<hr \/><strong>Sesam \u00d6l:<\/strong> versorgt die Haut mit N\u00e4hrstoffen und bildet einen Schutzfilm.<hr \/><strong> Vitamin E:<\/strong> sch\u00fctzt das Haar vor freien Radikalen.","complex_cover":4401,"complex_background_color":"moisturizing-color"},"_links":{"self":[{"href":"https:\/\/www.mettler1929.ch\/de\/wp-json\/wp\/v2\/product\/2597"}],"collection":[{"href":"https:\/\/www.mettler1929.ch\/de\/wp-json\/wp\/v2\/product"}],"about":[{"href":"https:\/\/www.mettler1929.ch\/de\/wp-json\/wp\/v2\/types\/product"}],"replies":[{"embeddable":true,"href":"https:\/\/www.mettler1929.ch\/de\/wp-json\/wp\/v2\/comments?post=2597"}],"wp:featuredmedia":[{"embeddable":true,"href":"https:\/\/www.mettler1929.ch\/de\/wp-json\/wp\/v2\/media\/6294"}],"wp:attachment":[{"href":"https:\/\/www.mettler1929.ch\/de\/wp-json\/wp\/v2\/media?parent=2597"}],"wp:term":[{"taxonomy":"use","embeddable":true,"href":"https:\/\/www.mettler1929.ch\/de\/wp-json\/wp\/v2\/use?post=2597"},{"taxonomy":"ingredients","embeddable":true,"href":"https:\/\/www.mettler1929.ch\/de\/wp-json\/wp\/v2\/ingredients?post=2597"},{"taxonomy":"product_cat","embeddable":true,"href":"https:\/\/www.mettler1929.ch\/de\/wp-json\/wp\/v2\/product_cat?post=2597"},{"taxonomy":"product_tag","embeddable":true,"href":"https:\/\/www.mettler1929.ch\/de\/wp-json\/wp\/v2\/product_tag?post=2597"}],"curies":[{"name":"wp","href":"https:\/\/api.w.org\/{rel}","templated":true}]}}