{"id":2587,"date":"2019-06-12T12:28:58","date_gmt":"2019-06-12T12:28:58","guid":{"rendered":"https:\/\/www.mettler1929.ch\/product\/erfrischende-tonisierende-gesichtslotion\/"},"modified":"2023-03-01T11:18:44","modified_gmt":"2023-03-01T11:18:44","slug":"erfrischende-tonisierende-gesichtslotion","status":"publish","type":"product","link":"https:\/\/www.mettler1929.ch\/de\/produkt\/erfrischende-tonisierende-gesichtslotion\/","title":{"rendered":"Erfrischende tonisierende Gesichtslotion"},"content":{"rendered":"","protected":false},"excerpt":{"rendered":"<p>Entfernt sanft Make-up-R\u00fcckst\u00e4nde, tonisiert und sorgt daf\u00fcr, dass die nachfolgende Pflege bestm\u00f6glich von der Haut aufgenommen werden kann. <\/p>\n<p>93% nat\u00fcrliche Inhaltsstoffe<br \/>\n0% Parabene \u2013 0% Paraffin\u2013 0% Alkohol denat.<br \/>\npH-neutral<\/p>\n<hr \/>\n<p><strong>HAUTTYP<\/strong><br \/>\nAlle<\/p>\n<hr \/>\n<p><strong>EMPFOHLENE ANWENDUNG <\/strong><br \/>\nSCHRITT 1: Reinigen Sie Ihr Gesicht mit der Abschminkmilch und\/oder dem Sch\u00e4umenden Reinigungsgel.<br \/>\nSCHRITT 2: Geben Sie etwas von der Lotion auf ein Wattepad und fahren Sie sanft \u00fcber Ihre Haut, nicht abwaschen.<\/p>\n<p>Die Produkte morgens und abends anwenden<\/p>\n<hr \/>\n<p><strong>INHALTSSTOFFE<\/strong><br \/>\nPanthenol, Pilzextrakt, Saccharid Isomerate<\/p>\n","protected":false},"featured_media":2588,"comment_status":"open","ping_status":"closed","template":"","meta":[],"use":[114],"ingredients":[416,429,425],"product_cat":[85],"product_tag":[],"acf":{"complex_text":"<strong> Panthenol:<\/strong> wirkt beruhigend, regeneriert die Haut und versorgt sie mit Feuchtigkeit.<hr \/><strong>Fomes Officinalis (Pilz Extrakt):<\/strong> reinigt, adstringiert und verfeinert die Poren.<hr \/><strong> Saccharid Isomerate:<\/strong> innovativer Wirkstoff aus Weizen, beruhigt und verbessert das Feuchtigkeitsverm\u00f6gen der Haut.","complex_cover":4564,"complex_background_color":"cleansing-color"},"_links":{"self":[{"href":"https:\/\/www.mettler1929.ch\/de\/wp-json\/wp\/v2\/product\/2587"}],"collection":[{"href":"https:\/\/www.mettler1929.ch\/de\/wp-json\/wp\/v2\/product"}],"about":[{"href":"https:\/\/www.mettler1929.ch\/de\/wp-json\/wp\/v2\/types\/product"}],"replies":[{"embeddable":true,"href":"https:\/\/www.mettler1929.ch\/de\/wp-json\/wp\/v2\/comments?post=2587"}],"wp:featuredmedia":[{"embeddable":true,"href":"https:\/\/www.mettler1929.ch\/de\/wp-json\/wp\/v2\/media\/2588"}],"wp:attachment":[{"href":"https:\/\/www.mettler1929.ch\/de\/wp-json\/wp\/v2\/media?parent=2587"}],"wp:term":[{"taxonomy":"use","embeddable":true,"href":"https:\/\/www.mettler1929.ch\/de\/wp-json\/wp\/v2\/use?post=2587"},{"taxonomy":"ingredients","embeddable":true,"href":"https:\/\/www.mettler1929.ch\/de\/wp-json\/wp\/v2\/ingredients?post=2587"},{"taxonomy":"product_cat","embeddable":true,"href":"https:\/\/www.mettler1929.ch\/de\/wp-json\/wp\/v2\/product_cat?post=2587"},{"taxonomy":"product_tag","embeddable":true,"href":"https:\/\/www.mettler1929.ch\/de\/wp-json\/wp\/v2\/product_tag?post=2587"}],"curies":[{"name":"wp","href":"https:\/\/api.w.org\/{rel}","templated":true}]}}