{"id":2582,"date":"2019-06-12T12:29:00","date_gmt":"2019-06-12T12:29:00","guid":{"rendered":"https:\/\/www.mettler1929.ch\/product\/schaumendes-reinigungsgel\/"},"modified":"2025-03-27T14:03:21","modified_gmt":"2025-03-27T14:03:21","slug":"schaumendes-reinigungsgel","status":"publish","type":"product","link":"https:\/\/www.mettler1929.ch\/de\/produkt\/schaumendes-reinigungsgel\/","title":{"rendered":"Sch\u00e4umendes Reinigungsgel"},"content":{"rendered":"","protected":false},"excerpt":{"rendered":"<p>Die REINHEIT VON SCHWEIZER GLETSCHERWASSER vereint in einem Gel. Unreinheiten und Make-up werden sanft von Ihrer Haut entfernt. Ihr t\u00e4gliches Ritual f\u00fcr frische, klare und gest\u00e4rkte Haut.<\/p>\n<p>86% nat\u00fcrliche Inhaltsstoffe<br \/>\n0% Parabene \u2013 0% Paraffin\u2013 0% Alkohol denat.<br \/>\npH-neutral<\/p>\n<hr \/>\n<p><strong>HAUTTYP<\/strong><br \/>\nAlle, besonders Mischhaut und \u00f6lige Haut<\/p>\n<hr \/>\n<p><strong>EMPFOHLENE ANWENDUNG<\/strong><br \/>\nSCHRITT 1: Reinigen Sie Ihr Gesicht mit dem Sch\u00e4umenden Reinigungsgel und\/oder der Abschminkmilch.<br \/>\nSCHRITT 2: Abschliessend geben Sie etwas von der Tonic Lotion auf ein Wattepad und fahren damit sanft \u00fcber Ihre Haut, nicht abwaschen.<\/p>\n<p>Die Produkte morgens und abends anwenden<\/p>\n<hr \/>\n<p><strong>INHALTSSTOFFE<\/strong><br \/>\n<\/strong>Panthenol, Pilzextrakt, Saccharid Isomerate<\/p>\n","protected":false},"featured_media":2584,"comment_status":"open","ping_status":"closed","template":"","meta":[],"use":[114],"ingredients":[416,429,425],"product_cat":[85],"product_tag":[],"acf":{"complex_text":"<hr \/><strong> Panthenol:<\/strong> wirkt beruhigend, regeneriert die Haut und versorgt sie mit Feuchtigkeit.<hr \/><strong>Fomes Officinalis (Pilz Extrakt):<\/strong> reinigt, adstringiert und verfeinert die Poren.<hr \/><strong> Saccharid Isomerate:<\/strong> innovativer Wirkstoff aus Weizen, beruhigt und verbessert das Feuchtigkeitsverm\u00f6gen der Haut.","complex_cover":4421,"complex_background_color":"cleansing-color"},"_links":{"self":[{"href":"https:\/\/www.mettler1929.ch\/de\/wp-json\/wp\/v2\/product\/2582"}],"collection":[{"href":"https:\/\/www.mettler1929.ch\/de\/wp-json\/wp\/v2\/product"}],"about":[{"href":"https:\/\/www.mettler1929.ch\/de\/wp-json\/wp\/v2\/types\/product"}],"replies":[{"embeddable":true,"href":"https:\/\/www.mettler1929.ch\/de\/wp-json\/wp\/v2\/comments?post=2582"}],"wp:featuredmedia":[{"embeddable":true,"href":"https:\/\/www.mettler1929.ch\/de\/wp-json\/wp\/v2\/media\/2584"}],"wp:attachment":[{"href":"https:\/\/www.mettler1929.ch\/de\/wp-json\/wp\/v2\/media?parent=2582"}],"wp:term":[{"taxonomy":"use","embeddable":true,"href":"https:\/\/www.mettler1929.ch\/de\/wp-json\/wp\/v2\/use?post=2582"},{"taxonomy":"ingredients","embeddable":true,"href":"https:\/\/www.mettler1929.ch\/de\/wp-json\/wp\/v2\/ingredients?post=2582"},{"taxonomy":"product_cat","embeddable":true,"href":"https:\/\/www.mettler1929.ch\/de\/wp-json\/wp\/v2\/product_cat?post=2582"},{"taxonomy":"product_tag","embeddable":true,"href":"https:\/\/www.mettler1929.ch\/de\/wp-json\/wp\/v2\/product_tag?post=2582"}],"curies":[{"name":"wp","href":"https:\/\/api.w.org\/{rel}","templated":true}]}}