{"id":2468,"date":"2019-08-15T12:56:06","date_gmt":"2019-08-15T12:56:06","guid":{"rendered":"https:\/\/www.mettler1929.ch\/product\/stc-anti-aging-hand-creme\/"},"modified":"2022-09-12T14:58:02","modified_gmt":"2022-09-12T14:58:02","slug":"stc-anti-aging-hand-creme","status":"publish","type":"product","link":"https:\/\/www.mettler1929.ch\/de\/produkt\/stc-anti-aging-hand-creme\/","title":{"rendered":"STC Anti-Aging Hand Creme"},"content":{"rendered":"","protected":false},"excerpt":{"rendered":"<p>Angereichert mit pflegenden nat\u00fcrlichen Wirkstoffen bietet die Creme Komfort und intensive Geschmeidigkeit, regeneriert das Hautgewebe und f\u00f6rdert die Festigkeit Ihrer Haut<\/p>\n<p>Biomimetische Textur (Fl\u00fcssigkristall) f\u00f6rdert die effektive Aufnahme und Leistung der Wirkstoffe: f\u00fcr EINZIGARTIGE, SOFORTIGE und LANGANHALTENDE WIRKUNG.<\/p>\n<p>0 % Parabene  \u2013 0 % Ethanol<br \/>\npH-neutral <\/p>\n<p><strong>ERGEBNISSE*<\/strong><\/p>\n<p>95 % geben an, dass ihre Haut bereits nach der ersten Anwendung deutlich gepflegter ist.*<\/p>\n<p><em>* Verbrauchertest mit 228 Frauen nach nur einmaliger Anwendung.<\/em><\/p>\n<hr \/>\n<p><strong>HAUTTYP<\/strong><br \/>\nAlle, besonders um proaktiv gegen Vorzeitiger Hautalterung anzugehen.<\/p>\n<hr \/>\n<p><strong>EMPFOHLENE ANWENDUNG<\/strong><br \/>\nT\u00e4glich auftragen, besonders im Winter f\u00fcr sch\u00f6ne, weiche und mit Feuchtigkeit versorgte H\u00e4nde.<\/p>\n<hr \/>\n<p><strong>INHALTSSTOFFE<\/strong><br \/>\nApfelstammzellen \u2013 Komplex PhytoCellTec \u2122 Malus Domestica ,Vitamin E, Hyalurons\u00e4ure, Shea Butter, Sesam\u00f6l, Aloe Vera Extrakt<\/p>\n","protected":false},"featured_media":6290,"comment_status":"open","ping_status":"closed","template":"","meta":[],"use":[107],"ingredients":[379,408,427,423,383,417],"product_cat":[98],"product_tag":[],"acf":{"complex_text":"<hr \/><strong> PhytoCellTec \u2122 Malus Domestica:<\/strong> patentiertes liposomales Pr\u00e4parat von Apfelstammzellen der Sorte \"Uttwiler Sp\u00e4tlauber\". Die Apfelstammzellen sind bekannt f\u00fcr ihre antioxidativen und regenerierenden Eigenschaften. Der Komplex sch\u00fctzt und verbessert die Zellvitalit\u00e4t und Langlebigkeit.<hr \/><strong>Vitamine E:<\/strong> sch\u00fctzt vor freien Radikalen und beruhigt die Haut.<hr \/><strong> Hyalurons\u00e4ure:<\/strong> Sch\u00fctzt vor Austrocknung und versorgt die Haut mit ausreichend Feuchtigkeit.Sie wirkt wie ein Schwamm, der bis zu 1000 Mal sein eigenes Gewicht in Wasser halten kann.Hat einen aufpolsternden Effekt, der hilft, Falten und feine Linien zu mindern.<hr \/><strong> Shea Butter:<\/strong> n\u00e4hrt und sch\u00fctzt die Haut vor dem Austrocknen.<hr \/><strong> Sesam \u00d6l:<\/strong> versorgt die Haut mit N\u00e4hrstoffen, bildet einen Schutzfilm.<hr \/><strong> Aloe Vera:<\/strong> enth\u00e4lt wertvolle Mineralien, Vitamine und Aminos\u00e4uren, spendet Feuchtigkeit und beruhigt.\/><strong> Koffein:<\/strong> wirkt straffend und entw\u00e4ssernd.<hr \/><strong> Vitamin C:<\/strong> wirkt verfeinernd und hat antioxidative Eigenschaften.","complex_cover":4401,"complex_background_color":"stc-color"},"_links":{"self":[{"href":"https:\/\/www.mettler1929.ch\/de\/wp-json\/wp\/v2\/product\/2468"}],"collection":[{"href":"https:\/\/www.mettler1929.ch\/de\/wp-json\/wp\/v2\/product"}],"about":[{"href":"https:\/\/www.mettler1929.ch\/de\/wp-json\/wp\/v2\/types\/product"}],"replies":[{"embeddable":true,"href":"https:\/\/www.mettler1929.ch\/de\/wp-json\/wp\/v2\/comments?post=2468"}],"wp:featuredmedia":[{"embeddable":true,"href":"https:\/\/www.mettler1929.ch\/de\/wp-json\/wp\/v2\/media\/6290"}],"wp:attachment":[{"href":"https:\/\/www.mettler1929.ch\/de\/wp-json\/wp\/v2\/media?parent=2468"}],"wp:term":[{"taxonomy":"use","embeddable":true,"href":"https:\/\/www.mettler1929.ch\/de\/wp-json\/wp\/v2\/use?post=2468"},{"taxonomy":"ingredients","embeddable":true,"href":"https:\/\/www.mettler1929.ch\/de\/wp-json\/wp\/v2\/ingredients?post=2468"},{"taxonomy":"product_cat","embeddable":true,"href":"https:\/\/www.mettler1929.ch\/de\/wp-json\/wp\/v2\/product_cat?post=2468"},{"taxonomy":"product_tag","embeddable":true,"href":"https:\/\/www.mettler1929.ch\/de\/wp-json\/wp\/v2\/product_tag?post=2468"}],"curies":[{"name":"wp","href":"https:\/\/api.w.org\/{rel}","templated":true}]}}