{"id":12131,"date":"2020-07-03T12:37:47","date_gmt":"2020-07-03T12:37:48","guid":{"rendered":"https:\/\/www.mettler1929.ch\/?post_type=product&#038;p=12131"},"modified":"2022-07-26T12:15:20","modified_gmt":"2022-07-26T12:15:20","slug":"stc-anti-aging-entdeckungsset","status":"publish","type":"product","link":"https:\/\/www.mettler1929.ch\/de\/produkt\/stc-anti-aging-entdeckungsset\/","title":{"rendered":"STC Anti-Aging Entdeckungsset"},"content":{"rendered":"","protected":false},"excerpt":{"rendered":"<p>Das Set beinhaltet 7 essentielle Produkte f\u00fcr Haut und Haar. Zusammengesetzt aus 4 Hautpflege Produkte unserer STC Cell- Tech Linie um proaktiv der Hautalterung entgegen zu wirken und 3 Produkte aus unserer Linie mit gr\u00fcnem Apfel Extrakt. Das Set bietet Freude zu jeder Gelegenheit oder einfach um sich selber zu beschenken. Das Set enth\u00e4lt:<\/p>\n<p>&#8211; STC Anti-Aging Serum 15ml<br \/>\n&#8211; STC Anti-Aging 24H Creme 20ml<br \/>\n&#8211; STC Anti-Aging Augenkonturcreme 5ml<br \/>\n&#8211; STC Anti-Aging Handcreme 30ml<br \/>\n&#8211; Belebendes Duschgel mit Gr\u00fcnapfel-Extrakt 40ml<br \/>\n&#8211; 2-in-1 Shampoo mit Gr\u00fcnapfel-Extrakt 40ml<br \/>\n&#8211; Gr\u00fcner Apfel Seife 40g<\/p>\n<hr \/>\n<p><strong>HAUTTYP<\/strong><br \/>\nAlle, besonders um proaktiv gegen Vorzeitiger Hautalterung anzugehen.<\/p>\n<hr \/>\n<p><strong>EMPFOHLENE ANWENDUNG<\/strong><br \/>\nT\u00e4glich und nach Bedarf<\/p>\n<hr \/>\n<p><strong>INHALTSSTOFFE<\/strong><br \/>\nApfelstammzellen &#8211; PhytoCellTec \u2122 Malus Domestica, Gr\u00fcner Apfel Extrakt, Glycerin, Hyalurons\u00e4ure, Panthenol, Peptide, Vitamin C<\/p>\n","protected":false},"featured_media":16027,"comment_status":"open","ping_status":"closed","template":"","meta":[],"use":[112,114,117,107,110],"ingredients":[379,415,413,430,398,408,406,392,402,429,428,420,427,425,423,383,418,417],"product_cat":[98,96,179],"product_tag":[],"acf":{"complex_text":"<strong>PhytoCellTec \u2122 Malus Domestica:<\/strong> patentiertes liposomales Pr\u00e4parat von Apfelstammzellen der Sorte \u201eUttwiler Sp\u00e4tlauber\u201c. Dieser Komplex sch\u00fctzt die Zellvitalit\u00e4t- und lebensdauer der Haut und verz\u00f6gert den Alterungsprozess.<hr \/><strong>Gr\u00fcner Apfel Extrakt:<\/strong> hat beruhigende und adstringierende Eigenschaften, die die Haut tonisieren.<hr \/><strong>Glycerin:<\/strong> spendet Feuchtigkeit.<hr \/><strong>Hyalurons\u00e4ure:<\/strong> sch\u00fctzt vor Austrocknung, spendet Feuchtigkeit und versorgt die Haut mit Wasser. Sie wirkt wie ein Schwamm, der bis zu 1000 Mal sein eigenes Gewicht in Wasser halten kann.<hr \/><strong>Panthenol:<\/strong> regeneriert, spendet Feuchtigkeit und wirkt beruhigend.<hr \/><strong>Peptides:<\/strong> stimulieren die Kollagenproduktion und helfen bei der allgemeinen Regeneration der Haut, wodurch ihre Elastizit\u00e4t verbessert wird.<hr \/><strong>Vitamine C:<\/strong> wirkt verfeinernd und hat antioxidative Eigenschaften.","complex_cover":"","complex_background_color":"stc-color"},"_links":{"self":[{"href":"https:\/\/www.mettler1929.ch\/de\/wp-json\/wp\/v2\/product\/12131"}],"collection":[{"href":"https:\/\/www.mettler1929.ch\/de\/wp-json\/wp\/v2\/product"}],"about":[{"href":"https:\/\/www.mettler1929.ch\/de\/wp-json\/wp\/v2\/types\/product"}],"replies":[{"embeddable":true,"href":"https:\/\/www.mettler1929.ch\/de\/wp-json\/wp\/v2\/comments?post=12131"}],"wp:featuredmedia":[{"embeddable":true,"href":"https:\/\/www.mettler1929.ch\/de\/wp-json\/wp\/v2\/media\/16027"}],"wp:attachment":[{"href":"https:\/\/www.mettler1929.ch\/de\/wp-json\/wp\/v2\/media?parent=12131"}],"wp:term":[{"taxonomy":"use","embeddable":true,"href":"https:\/\/www.mettler1929.ch\/de\/wp-json\/wp\/v2\/use?post=12131"},{"taxonomy":"ingredients","embeddable":true,"href":"https:\/\/www.mettler1929.ch\/de\/wp-json\/wp\/v2\/ingredients?post=12131"},{"taxonomy":"product_cat","embeddable":true,"href":"https:\/\/www.mettler1929.ch\/de\/wp-json\/wp\/v2\/product_cat?post=12131"},{"taxonomy":"product_tag","embeddable":true,"href":"https:\/\/www.mettler1929.ch\/de\/wp-json\/wp\/v2\/product_tag?post=12131"}],"curies":[{"name":"wp","href":"https:\/\/api.w.org\/{rel}","templated":true}]}}