{"id":12030,"date":"2020-06-30T14:59:17","date_gmt":"2020-06-30T14:59:18","guid":{"rendered":"https:\/\/www.mettler1929.ch\/?post_type=product&#038;p=12030"},"modified":"2022-07-26T12:12:12","modified_gmt":"2022-07-26T12:12:12","slug":"haar-und-korperpflegeset-schwarze-johannisbeere","status":"publish","type":"product","link":"https:\/\/www.mettler1929.ch\/de\/produkt\/haar-und-korperpflegeset-schwarze-johannisbeere\/","title":{"rendered":"Haar- und K\u00f6rperpflegeset schwarze Johannisbeere"},"content":{"rendered":"","protected":false},"excerpt":{"rendered":"<p>Das Duo Set reinigt und n\u00e4hrt Haut und Haare. Durch den fruchtigen Duft und der farbenfrohe Verpackung ist es ein ideales Geschenk.<br \/>\n0 % Parabene \u2013 0 % Paraffin\u2013 0 % Ethanol<br \/>\npH-neutral<\/p>\n<p>Das Set enth\u00e4lt:<br \/>\n&#8211; 2in1 Shampoo mit schwarzer Johannisbeere Extrakt<br \/>\n&#8211; Revitalisierendes Duschgel mit schwarzer Johannisbeere Extrakt<\/p>\n<hr \/>\n<p><strong>HAUT- UND HAARTYP <\/strong><br \/>\nAlle<\/p>\n<hr \/>\n<p><strong>EMPFOHLENE ANWENDUNG<\/strong><br \/>\nT\u00e4gliche Anwendung m\u00f6glich, f\u00fcr die ganze Familie geeignet<br \/>\n2 in 1: Shampoo und Conditioner in einem Produkt, ideal f\u00fcr Reisen und Sport<\/p>\n<hr \/>\n<p><strong>INHALTSSTOFFE<\/strong><br \/>\nSchwarze Johannisbeere Extrakt, Panthenol, Glycerin<\/p>\n","protected":false},"featured_media":14326,"comment_status":"open","ping_status":"closed","template":"","meta":[],"use":[117,110],"ingredients":[429,420,389],"product_cat":[96,179],"product_tag":[],"acf":{"complex_text":"<hr \/><strong>Schwarze Johannisbeere Extrakt:<\/strong> reich an Fetts\u00e4uren, die Haut und Haare mit Feuchtigkeit versorgen. Es enth\u00e4lt Antioxidantien, um trockenes und gesch\u00e4digtes Haar zu sch\u00fctzen, zu pflegen, sie weich zu machen und dem Haar einen nat\u00fcrlichen Glanz zu verleihen.<hr \/><strong>Panthenol:<\/strong> regeneriert, spendet Feuchtigkeit und wirkt beruhigend.Verst\u00e4rkt die Haarfaser.<hr \/><strong>Glycerin:<\/strong> spendet der Haut Feuchtigkeit.","complex_cover":"","complex_background_color":"fruit-color"},"_links":{"self":[{"href":"https:\/\/www.mettler1929.ch\/de\/wp-json\/wp\/v2\/product\/12030"}],"collection":[{"href":"https:\/\/www.mettler1929.ch\/de\/wp-json\/wp\/v2\/product"}],"about":[{"href":"https:\/\/www.mettler1929.ch\/de\/wp-json\/wp\/v2\/types\/product"}],"replies":[{"embeddable":true,"href":"https:\/\/www.mettler1929.ch\/de\/wp-json\/wp\/v2\/comments?post=12030"}],"wp:featuredmedia":[{"embeddable":true,"href":"https:\/\/www.mettler1929.ch\/de\/wp-json\/wp\/v2\/media\/14326"}],"wp:attachment":[{"href":"https:\/\/www.mettler1929.ch\/de\/wp-json\/wp\/v2\/media?parent=12030"}],"wp:term":[{"taxonomy":"use","embeddable":true,"href":"https:\/\/www.mettler1929.ch\/de\/wp-json\/wp\/v2\/use?post=12030"},{"taxonomy":"ingredients","embeddable":true,"href":"https:\/\/www.mettler1929.ch\/de\/wp-json\/wp\/v2\/ingredients?post=12030"},{"taxonomy":"product_cat","embeddable":true,"href":"https:\/\/www.mettler1929.ch\/de\/wp-json\/wp\/v2\/product_cat?post=12030"},{"taxonomy":"product_tag","embeddable":true,"href":"https:\/\/www.mettler1929.ch\/de\/wp-json\/wp\/v2\/product_tag?post=12030"}],"curies":[{"name":"wp","href":"https:\/\/api.w.org\/{rel}","templated":true}]}}