{"id":12026,"date":"2020-06-30T14:51:43","date_gmt":"2020-06-30T14:51:45","guid":{"rendered":"https:\/\/www.mettler1929.ch\/?post_type=product&#038;p=12026"},"modified":"2022-07-27T11:08:21","modified_gmt":"2022-07-27T11:08:21","slug":"haar-und-korperpflegeset-aprikose","status":"publish","type":"product","link":"https:\/\/www.mettler1929.ch\/de\/produkt\/haar-und-korperpflegeset-aprikose\/","title":{"rendered":"Haar- und K\u00f6rperpflegeset Aprikose"},"content":{"rendered":"","protected":false},"excerpt":{"rendered":"<p>Das Duo Set reinigt und n\u00e4hrt Haut und Haare. Durch den fruchtigen Duft und der farbenfrohe Verpackung ist es ein ideales Geschenk.<\/p>\n<p>Das Set enth\u00e4lt:<br \/>\n&#8211; 2in1 Glanzshampoo mit Aprikosen Extrakt<br \/>\n&#8211; Energetisierendes Duschgel mit Aprikosen Extrakt<\/p>\n<p>0 % Parabene \u2013 0 % Paraffin\u2013 0 % Ethanol<br \/>\npH-neutral<\/p>\n<hr \/>\n<p><strong>HAUT- UND HAARTYP<\/strong><br \/>\nAlle<\/p>\n<hr \/>\n<p><strong>EMPFOHLENE ANWENDUNG <\/strong><br \/>\nT\u00e4gliche Anwendung m\u00f6glich, f\u00fcr die ganze Familie geeignet<br \/>\n2 in 1: Shampoo und Conditioner in einem Produkt, ideal f\u00fcr Reisen und Sport<\/p>\n<hr \/>\n<p><strong>INHALTSSTOFFE<\/strong><br \/>\nAprikosen Extrakt, Panthenol, Glycerin<\/p>\n","protected":false},"featured_media":14330,"comment_status":"open","ping_status":"closed","template":"","meta":[],"use":[117,110],"ingredients":[385,429,420],"product_cat":[96,179],"product_tag":[],"acf":{"complex_text":"<strong>Aprikosen Extrakt:<\/strong> hat feuchtigkeitsspendende Eigenschaften, wodurch sich die Haut weicher und geschmeidiger anf\u00fchlt und eine ges\u00fcndere Hautoberfl\u00e4che entsteht. Verleiht dem Haar Glanz, die Haare f\u00fchlen sich weicher und geschmeidiger an und die Kopfhaut wird sanft gepflegt.<hr \/><strong>Panthenol:<\/strong> regeneriert, spendet Feuchtigkeit und wirkt beruhigend.Verst\u00e4rkt die Haarfaser.<hr \/><strong>Glycerin:<\/strong> spendet der Haut Feuchtigkeit.","complex_cover":"","complex_background_color":"fruit-color"},"_links":{"self":[{"href":"https:\/\/www.mettler1929.ch\/de\/wp-json\/wp\/v2\/product\/12026"}],"collection":[{"href":"https:\/\/www.mettler1929.ch\/de\/wp-json\/wp\/v2\/product"}],"about":[{"href":"https:\/\/www.mettler1929.ch\/de\/wp-json\/wp\/v2\/types\/product"}],"replies":[{"embeddable":true,"href":"https:\/\/www.mettler1929.ch\/de\/wp-json\/wp\/v2\/comments?post=12026"}],"wp:featuredmedia":[{"embeddable":true,"href":"https:\/\/www.mettler1929.ch\/de\/wp-json\/wp\/v2\/media\/14330"}],"wp:attachment":[{"href":"https:\/\/www.mettler1929.ch\/de\/wp-json\/wp\/v2\/media?parent=12026"}],"wp:term":[{"taxonomy":"use","embeddable":true,"href":"https:\/\/www.mettler1929.ch\/de\/wp-json\/wp\/v2\/use?post=12026"},{"taxonomy":"ingredients","embeddable":true,"href":"https:\/\/www.mettler1929.ch\/de\/wp-json\/wp\/v2\/ingredients?post=12026"},{"taxonomy":"product_cat","embeddable":true,"href":"https:\/\/www.mettler1929.ch\/de\/wp-json\/wp\/v2\/product_cat?post=12026"},{"taxonomy":"product_tag","embeddable":true,"href":"https:\/\/www.mettler1929.ch\/de\/wp-json\/wp\/v2\/product_tag?post=12026"}],"curies":[{"name":"wp","href":"https:\/\/api.w.org\/{rel}","templated":true}]}}