{"id":12021,"date":"2020-06-30T14:22:55","date_gmt":"2020-06-30T14:22:56","guid":{"rendered":"https:\/\/www.mettler1929.ch\/?post_type=product&#038;p=12021"},"modified":"2024-05-05T17:48:34","modified_gmt":"2024-05-05T17:48:34","slug":"haar-und-korperpflegeset-pflaume","status":"publish","type":"product","link":"https:\/\/www.mettler1929.ch\/de\/produkt\/haar-und-korperpflegeset-pflaume\/","title":{"rendered":"Haar- und K\u00f6rperpflegeset Pflaume"},"content":{"rendered":"","protected":false},"excerpt":{"rendered":"<p>Das Set reinigt, n\u00e4hrt und stimuliert Haut und Haare. Durch den fruchtigen Duft und der farbenfrohe Verpackung ist es ein ideales Geschenk.<\/p>\n<p>Das Set enth\u00e4lt:<br \/>\n&#8211; 2in1 Shampoo mit Pflaumen Extrakt<br \/>\n&#8211; Stimulierendes Duschgel mit Pflaumen Extrakt<\/p>\n<p>0 % Parabene \u2013 0 % Paraffin\u2013 0 % Ethanol<br \/>\npH-neutral<\/p>\n<hr \/>\n<p><strong>HAUT- UND HAARTYP <\/strong><br \/>\nAlle<\/p>\n<hr \/>\n<p><strong>EMPFOHLENE ANWENDUNG <\/strong><br \/>\nT\u00e4gliche Anwendung m\u00f6glich, f\u00fcr die ganze Familie geeignet<br \/>\n2 in 1: Shampoo und Conditioner in einem Produkt, ideal f\u00fcr Reisen und Sport<\/p>\n<hr \/>\n<p><strong>INHALTSSTOFFE<\/strong><br \/>\nPflaumen Extrakt, Panthenol, Glycerin<\/p>\n","protected":false},"featured_media":14334,"comment_status":"open","ping_status":"closed","template":"","meta":[],"use":[117,110],"ingredients":[429,420,426],"product_cat":[96,179],"product_tag":[],"acf":{"complex_text":"<hr \/><strong>Pflaumen Extrakt:<\/strong> ist ber\u00fchmt f\u00fcr seine antioxidativen und feuchtigkeitsspendenden Eigenschaften. Es stimuliert und verbessert die Ausstrahlung der Haut, Kopfhaut und Haare.<hr \/><strong>Panthenol:<\/strong> regeneriert, spendet Feuchtigkeit und wirkt beruhigend.Verst\u00e4rkt die Haarfaser.<hr \/><strong>Glycerin:<\/strong> spendet der Haut Feuchtigkeit.","complex_cover":"","complex_background_color":"fruit-color"},"_links":{"self":[{"href":"https:\/\/www.mettler1929.ch\/de\/wp-json\/wp\/v2\/product\/12021"}],"collection":[{"href":"https:\/\/www.mettler1929.ch\/de\/wp-json\/wp\/v2\/product"}],"about":[{"href":"https:\/\/www.mettler1929.ch\/de\/wp-json\/wp\/v2\/types\/product"}],"replies":[{"embeddable":true,"href":"https:\/\/www.mettler1929.ch\/de\/wp-json\/wp\/v2\/comments?post=12021"}],"wp:featuredmedia":[{"embeddable":true,"href":"https:\/\/www.mettler1929.ch\/de\/wp-json\/wp\/v2\/media\/14334"}],"wp:attachment":[{"href":"https:\/\/www.mettler1929.ch\/de\/wp-json\/wp\/v2\/media?parent=12021"}],"wp:term":[{"taxonomy":"use","embeddable":true,"href":"https:\/\/www.mettler1929.ch\/de\/wp-json\/wp\/v2\/use?post=12021"},{"taxonomy":"ingredients","embeddable":true,"href":"https:\/\/www.mettler1929.ch\/de\/wp-json\/wp\/v2\/ingredients?post=12021"},{"taxonomy":"product_cat","embeddable":true,"href":"https:\/\/www.mettler1929.ch\/de\/wp-json\/wp\/v2\/product_cat?post=12021"},{"taxonomy":"product_tag","embeddable":true,"href":"https:\/\/www.mettler1929.ch\/de\/wp-json\/wp\/v2\/product_tag?post=12021"}],"curies":[{"name":"wp","href":"https:\/\/api.w.org\/{rel}","templated":true}]}}