{"id":10245,"date":"2020-05-29T07:28:51","date_gmt":"2020-05-29T07:28:53","guid":{"rendered":"https:\/\/www.mettler1929.ch\/?post_type=product&#038;p=10245"},"modified":"2024-09-22T13:30:37","modified_gmt":"2024-09-22T13:30:37","slug":"feuchtigkeitsspendendes-set-fur-die-haare","status":"publish","type":"product","link":"https:\/\/www.mettler1929.ch\/de\/produkt\/feuchtigkeitsspendendes-set-fur-die-haare\/","title":{"rendered":"Feuchtigkeitsspendendes Set f\u00fcr die Haare"},"content":{"rendered":"","protected":false},"excerpt":{"rendered":"<p>Ein Set f\u00fcr Ihre Haarpflege-Routine:<\/p>\n<p>&#8211; Feuchtigkeitsspendendes Shampoo f\u00fcr trockenes Haar, 40 ml<br \/>\n&#8211; Feuchtigkeitsspendender gl\u00e4ttender Haarconditioner, 40 ml<br \/>\n&#8211; Feuchtigkeitsspendende n\u00e4hrende Maske f\u00fcr trockenes Haar, 200 ml<\/p>\n<p>Das Shampoo reinigt und spendet Feuchtigkeit bis in die Spitzen. Der Conditioner pflegt und verleiht dem Haar einen seidigen Glanz. Die Maske st\u00e4rkt und n\u00e4hrt tief.<br \/>\n0 % Parabene \u2013 0 % Paraffin\u2013 0 % Ethanol<br \/>\npH-neutral<\/p>\n<hr \/>\n<p><strong>HAARTYP<\/strong><br \/>\nBesonders empfohlen f\u00fcr trockenes und\/oder gesch\u00e4digtes Haar. Auch f\u00fcr normales Haar geeignet. <\/p>\n<hr \/>\n<p><strong>EMPFOHLENE ANWENDUNG <\/strong><br \/>\nShampoo und Conditioner: Sanft einmassieren und dann aussp\u00fclen<br \/>\nMaske: 1-2 Mal pro Woche f\u00fcr 5 Minuten auftragen und dann absp\u00fclen<\/p>\n<p><strong>INHALTSSTOFFE<\/strong><br \/>\nIris Extrakt, Panthenol, pflanzliche Proteine, Aloe Vera, Avocado\u00f6l, Mandel\u00f6l, Vitamin E, Spurenelement L\u00f6sung: Kupfer, Zink und Magnesium<\/p>\n","protected":false},"featured_media":10304,"comment_status":"open","ping_status":"closed","template":"","meta":[],"use":[117],"ingredients":[379,380,381,378,429,419,421,417],"product_cat":[93,179],"product_tag":[],"acf":{"complex_text":"<hr \/><strong>Iris Extrakt:<\/strong> versorgt die Haare mit Feuchtigkeit, st\u00e4rkt, repariert und verdichtet.<hr \/><strong>Panthenol:<\/strong> regeneriert, spendet Feuchtigkeit und wirkt beruhigend.<hr \/><strong>Pflanzliche Proteine:<\/strong> regeneriert, bek\u00e4mpft Spliss und verst\u00e4rkt die Haarfasern.<hr \/><strong>Aloe Vera: <\/strong> enth\u00e4lt wertvolle Mineralien, Vitamine und Aminos\u00e4uren, spendet Feuchtigkeit und beruhigt.<hr \/><strong>Avocado\u00f6l:<\/strong> spendet Feuchtigkeit und pflegt das Haar seidig glatt.<hr \/><strong> Mandel\u00f6l: <\/strong> pflegt und beugt dem Feuchtigkeitsverlust vor.<hr \/><strong>Vitamin E: <\/strong> sch\u00fctzt das Haar vor freien Radikalen.<hr \/><strong>Spurenelement L\u00f6sung - Kupfer, Zink und Magnesium: <\/strong> wirken revitalisierend.","complex_cover":"","complex_background_color":"moisturizing-color"},"_links":{"self":[{"href":"https:\/\/www.mettler1929.ch\/de\/wp-json\/wp\/v2\/product\/10245"}],"collection":[{"href":"https:\/\/www.mettler1929.ch\/de\/wp-json\/wp\/v2\/product"}],"about":[{"href":"https:\/\/www.mettler1929.ch\/de\/wp-json\/wp\/v2\/types\/product"}],"replies":[{"embeddable":true,"href":"https:\/\/www.mettler1929.ch\/de\/wp-json\/wp\/v2\/comments?post=10245"}],"wp:featuredmedia":[{"embeddable":true,"href":"https:\/\/www.mettler1929.ch\/de\/wp-json\/wp\/v2\/media\/10304"}],"wp:attachment":[{"href":"https:\/\/www.mettler1929.ch\/de\/wp-json\/wp\/v2\/media?parent=10245"}],"wp:term":[{"taxonomy":"use","embeddable":true,"href":"https:\/\/www.mettler1929.ch\/de\/wp-json\/wp\/v2\/use?post=10245"},{"taxonomy":"ingredients","embeddable":true,"href":"https:\/\/www.mettler1929.ch\/de\/wp-json\/wp\/v2\/ingredients?post=10245"},{"taxonomy":"product_cat","embeddable":true,"href":"https:\/\/www.mettler1929.ch\/de\/wp-json\/wp\/v2\/product_cat?post=10245"},{"taxonomy":"product_tag","embeddable":true,"href":"https:\/\/www.mettler1929.ch\/de\/wp-json\/wp\/v2\/product_tag?post=10245"}],"curies":[{"name":"wp","href":"https:\/\/api.w.org\/{rel}","templated":true}]}}