{"id":4349,"date":"2020-02-13T13:09:50","date_gmt":"2020-02-13T13:09:50","guid":{"rendered":"https:\/\/www.mettler1929.ch\/nutzungsbedingungen-der-website\/"},"modified":"2020-02-13T14:10:41","modified_gmt":"2020-02-13T14:10:41","slug":"nutzungsbedingungen-der-website","status":"publish","type":"page","link":"https:\/\/www.mettler1929.ch\/de\/nutzungsbedingungen-der-website\/","title":{"rendered":"NUTZUNGSBEDINGUNGEN DER WEBSITE"},"content":{"rendered":"\n<p>ALLGEMEINES<\/p>\n\n<p>Eigent\u00fcmer und Betreiber dieser Website ist Mettler-Seifen SA &#8211; Mettler 1929 International SA (nachfolgend das \u00abUnternehmen\u00bb). Das Unternehmen besitzt die Rechte an dem Domainnamen www.mettler1929.ch. Das Unternehmen beh\u00e4lt sich das Recht vor, den Inhalt dieser Website jederzeit und ohne vorherige Ank\u00fcndigung ganz oder teilweise zu \u00e4ndern, zu entfernen oder die Verbreitung vor\u00fcbergehend auszusetzen.<\/p>\n\n<p>Wenn Sie auf diese Website zugreifen, Inhalte durchsuchen oder sie in irgendeiner Weise nutzen, willigen Sie ein, die Allgemeinen Gesch\u00e4ftsbedingungen zu akzeptieren. Das Unternehmen beh\u00e4lt sich das Recht vor, den Inhalt und die Form dieser Nutzungsbedingungen der Website jederzeit zu \u00e4ndern. Wir laden Sie ein, die Allgemeinen Gesch\u00e4ftsbedingungen sorgf\u00e4ltig zu lesen und auch bei zuk\u00fcnftigen Besuche zu schauen, ob sich \u00c4nderungen ergeben haben. Durch die Nutzung der Website, erkl\u00e4ren Sie sich, bei \u00c4nderungen der Allgemeinen Gesch\u00e4ftsbedingungen, als einverstanden. <\/p>\n\n<p>Wenn Sie Fragen zu den Allgemeinen Gesch\u00e4ftsbedingungen oder zur Website haben, wenden Sie sich bitte per E-Mail an das Unternehmen unter folgender Adresse: info@mettler-seifen.ch.<\/p>\n\n\n\n<h3><strong>VERANTWORTLICH F\u00dcR DEN INHALT<\/strong><\/h3>\n\n<p>Obwohl das Unternehmen alle Anstrengungen unternommen hat, um die Richtigkeit der Inhalte zu gew\u00e4hrleisten, lehnt es jede Verantwortung f\u00fcr Fehler oder Auslassungen ab. Das Unternehmen achtet darauf, dass die fotografische Darstellung der zum Verkauf stehenden Produkte auf der E-Commerce-Website m\u00f6glichst realit\u00e4tsgetreu ist. Der Inhalt und die fotografische Darstellung der Produkte k\u00f6nnen jedoch nicht als absolut zuverl\u00e4ssig angesehen werden und das Unternehmen lehnt jede diesbez\u00fcgliche Verantwortung ab.<\/p>\n\n<p>Innerhalb der gesetzlich festgelegten Grenzen schliesst das Unternehmen jegliche Garantie, Erkl\u00e4rung oder Zusage (sowohl ausdr\u00fccklich als auch stillschweigend) in Bezug auf die Website und deren Inhalt aus, einschliesslich (aber nicht ausschliesslich) jeglicher Garantie oder Erkl\u00e4rung, dass die Website und deren Inhalte frei von Computerviren sind, Fehlern oder Auslassungen und Verletzung der Rechte von Dritte.<\/p>\n\n\n\n<h3><strong>LINKS<\/strong><\/h3>\n\n<p>Es ist wahrscheinlich, dass Sie \u00fcber Hypertext-Links oder andere Computer-Links auf andere Websites zugreifen, die nicht zum Website-Inhalt des Unternehmens geh\u00f6ren. Das Unternehmen lehnt jede Verantwortung f\u00fcr den Inhalt anderer Websites ab. Der Zugriff und die Nutzung dieser Websites erfolgen auf eigenem Risiko des Nutzers. Wir empfehlen Ihnen, die Datenschutzrichtlinien und die Nutzungsbedingungen der Webseiten von Dritten, auf die Sie zugreifen, zu beachten.<\/p>\n\n<p>F\u00fcr Ihren pers\u00f6nlichen, nichtkommerziellen Gebrauch d\u00fcrfen Sie unsere Website oder einen Teil der Inhalte verlinken, sofern Sie unseren Ruf nicht sch\u00e4digen oder ausnutzen und nicht rechtswidrig handeln. Wenn Sie auf unsere Website verlinken, d\u00fcrfen Sie keine Assoziierung, Genehmigung oder Billigung durch das Unternehmen implizieren, wenn dies nicht der Fall ist. Die Website darf nicht in eine andere Website integriert werden. Das Unternehmen beh\u00e4lt sich das Recht vor, den Link ohne vorherige Ank\u00fcndigung zu entfernen.<\/p>\n\n\n\n<h3><strong>VERWENDUNG VON PERSONENBEZOGENER DATEN<\/strong><\/h3>\n\n<p>Das Unternehmen verpflichtet sich, mit den personenbezogenen Daten die von Nutzern im Onlineshop hinterlegt wurden, vertraulich umzugehen, diese zu respektieren und im Einklang mit gesetzlichen Verpflichtungen zu handeln. Einige personenbezogene Daten werden direkt erfasst, wenn Benutzer ein pers\u00f6nliches Konto erstellen oder den Newsletter abonnieren. Weitere personenbezogene Daten werden erfasst, indem erfasst wird, wie Benutzer mit den auf der Website angebotenen Diensten interagieren, beispielsweise mithilfe von Technologien wie Cookies oder durch den Erhalt von Fehlerberichten.<\/p>\n\n<p><strong>NEWSLETTER<\/strong><\/p>\n\n<p>Benutzer k\u00f6nnen Werbemitteilungen per E-Mail erhalten, indem sie den Newsletter abonnieren. Durch dieses Abonnement stimmt der Nutzer zu, regelm\u00e4ssig Angebote zu erhalten und bestimmte Daten zu erheben. Der Benutzer kann den Newsletter jederzeit abbestellen, indem er die in der Mitteilung enthaltenen Anweisungen befolgt.<\/p>\n\n<p><strong>COOKIES<\/strong><\/p>\n\n<p>Cookies dienen insbesondere dazu, \u00fcber den Browser des Nutzers Informationen \u00fcber seine Navigation auf der Website mit dem System auszutauschen. Cookies werden verwendet, um das Online-Erlebnis zu verbessern, die Funktionalit\u00e4t der Webseiten zu gew\u00e4hrleisten und Statistiken und Verkehrsaufkommen zu erstellen.&#13;\n<\/p>\n\n<p>Die erhaltenen Daten werden von den firmeninternen Diensten verwendet:&#13;\n<\/p>\n\n<p>&#8211; zur Abwicklung von Bestellungen, Lieferungen und Rechnungen,<\/p>\n\n<p>&#8211; zur Planung, Entwicklung und Bewertung der Gesch\u00e4ftst\u00e4tigkeit,<\/p>\n\n<p>&#8211; zur Kommunikation mit Kunden und zu Marketingzwecken.&#13;\n<\/p>\n\n<p>Das Unternehmen gibt personenbezogene Daten nur an Dritte weiter, soweit dies zur ordnungsgem\u00e4ssen Ausf\u00fchrung von Bestellungen, Lieferungen und Rechnungen erforderlich ist. Es werden keine Daten zu kommerziellen Zwecken weitergegeben oder an Dritte verkauft.<\/p>\n\n<p>Benutzer haben das Recht, ihre pers\u00f6nlichen Daten zu l\u00f6schen, indem sie eine schriftliche Anfrage an das Unternehmen senden.<\/p>\n\n\n\n<h3><strong>ANWENDBARES RECHT: SCHWEIZER RECHT<\/strong><\/h3>\n\n<p>Diese Nutzungsbedingungen der Website und die \u00fcber den Onlineshop durchgef\u00fchrten Transaktionen unterliegen ausschliesslich schweizerischem materiellem Recht unter Ausschluss des \u00dcbereinkommens der Vereinten Nationen vom 11. April 1980 \u00fcber Vertr\u00e4ge \u00fcber den internationalen Warenkauf (CISG). Lausanne (Schweiz) ist, soweit gesetzlich zul\u00e4ssig, ausschliesslicher Gerichtsstand f\u00fcr beide Parteien. Der K\u00e4ufer darf die Rechte und Pflichten aus diesem Vertrag nicht auf Dritte \u00fcbertragen.<\/p>\n","protected":false},"excerpt":{"rendered":"<p>ALLGEMEINES Eigent\u00fcmer und Betreiber dieser Website ist Mettler-Seifen SA &#8211; Mettler 1929 International SA (nachfolgend das \u00abUnternehmen\u00bb). Das Unternehmen besitzt die Rechte an dem Domainnamen www.mettler1929.ch. Das Unternehmen beh\u00e4lt sich das Recht vor, den Inhalt dieser Website jederzeit und ohne vorherige Ank\u00fcndigung ganz oder teilweise zu \u00e4ndern, zu entfernen oder die Verbreitung vor\u00fcbergehend auszusetzen. Wenn [&hellip;]<\/p>\n","protected":false},"author":1,"featured_media":0,"parent":0,"menu_order":0,"comment_status":"closed","ping_status":"closed","template":"templates\/template-text-page.php","meta":[],"acf":[],"_links":{"self":[{"href":"https:\/\/www.mettler1929.ch\/de\/wp-json\/wp\/v2\/pages\/4349"}],"collection":[{"href":"https:\/\/www.mettler1929.ch\/de\/wp-json\/wp\/v2\/pages"}],"about":[{"href":"https:\/\/www.mettler1929.ch\/de\/wp-json\/wp\/v2\/types\/page"}],"author":[{"embeddable":true,"href":"https:\/\/www.mettler1929.ch\/de\/wp-json\/wp\/v2\/users\/1"}],"replies":[{"embeddable":true,"href":"https:\/\/www.mettler1929.ch\/de\/wp-json\/wp\/v2\/comments?post=4349"}],"version-history":[{"count":1,"href":"https:\/\/www.mettler1929.ch\/de\/wp-json\/wp\/v2\/pages\/4349\/revisions"}],"predecessor-version":[{"id":4367,"href":"https:\/\/www.mettler1929.ch\/de\/wp-json\/wp\/v2\/pages\/4349\/revisions\/4367"}],"wp:attachment":[{"href":"https:\/\/www.mettler1929.ch\/de\/wp-json\/wp\/v2\/media?parent=4349"}],"curies":[{"name":"wp","href":"https:\/\/api.w.org\/{rel}","templated":true}]}}