{"id":3731,"date":"2020-01-30T16:15:25","date_gmt":"2020-01-30T16:15:25","guid":{"rendered":"https:\/\/www.mettler1929.ch\/ruecknahmegarantie\/"},"modified":"2020-02-28T10:10:35","modified_gmt":"2020-02-28T10:10:35","slug":"ruecknahmegarantie","status":"publish","type":"page","link":"https:\/\/www.mettler1929.ch\/de\/ruecknahmegarantie\/","title":{"rendered":"R\u00fccknahmegarantie"},"content":{"rendered":"\n<p>Falsche Lieferung, Mengenabweichungen und erkennbare M\u00e4ngel oder Sch\u00e4den sind METTLER unverz\u00fcglich, sp\u00e4testens jedoch 5 Werktage nach Lieferung schriftlich anzuzeigen. Versteckte M\u00e4ngel k\u00f6nnen bis zu 6 Monate nach Lieferung schriftlich ger\u00fcgt werden. R\u00fccksendungen werden nur nach vorheriger Absprache mit s\u00e4mtlichem Zubeh\u00f6r und mit einer Kopie der Rechnung angenommen. Der K\u00e4ufer ist f\u00fcr den angemessenen Transport und die Versandkosten verantwortlich. Es steht METTLER frei, zu entscheiden, ob eine mangelhafte Lieferung repariert oder ganz oder teilweise ersetzt werden soll. Alle anderen Gew\u00e4hrleistungsrechte werden ausdr\u00fccklich ausgeschlossen. METTLER schlie\u00dft jegliche Haftung f\u00fcr direkte oder indirekte Sch\u00e4den aus.<\/p>\n\n\n","protected":false},"excerpt":{"rendered":"<p>Falsche Lieferung, Mengenabweichungen und erkennbare M\u00e4ngel oder Sch\u00e4den sind METTLER unverz\u00fcglich, sp\u00e4testens jedoch 5 Werktage nach Lieferung schriftlich anzuzeigen. Versteckte M\u00e4ngel k\u00f6nnen bis zu 6 Monate nach Lieferung schriftlich ger\u00fcgt werden. R\u00fccksendungen werden nur nach vorheriger Absprache mit s\u00e4mtlichem Zubeh\u00f6r und mit einer Kopie der Rechnung angenommen. Der K\u00e4ufer ist f\u00fcr den angemessenen Transport und [&hellip;]<\/p>\n","protected":false},"author":1,"featured_media":0,"parent":0,"menu_order":0,"comment_status":"closed","ping_status":"closed","template":"templates\/template-text-page.php","meta":[],"acf":[],"_links":{"self":[{"href":"https:\/\/www.mettler1929.ch\/de\/wp-json\/wp\/v2\/pages\/3731"}],"collection":[{"href":"https:\/\/www.mettler1929.ch\/de\/wp-json\/wp\/v2\/pages"}],"about":[{"href":"https:\/\/www.mettler1929.ch\/de\/wp-json\/wp\/v2\/types\/page"}],"author":[{"embeddable":true,"href":"https:\/\/www.mettler1929.ch\/de\/wp-json\/wp\/v2\/users\/1"}],"replies":[{"embeddable":true,"href":"https:\/\/www.mettler1929.ch\/de\/wp-json\/wp\/v2\/comments?post=3731"}],"version-history":[{"count":1,"href":"https:\/\/www.mettler1929.ch\/de\/wp-json\/wp\/v2\/pages\/3731\/revisions"}],"predecessor-version":[{"id":5211,"href":"https:\/\/www.mettler1929.ch\/de\/wp-json\/wp\/v2\/pages\/3731\/revisions\/5211"}],"wp:attachment":[{"href":"https:\/\/www.mettler1929.ch\/de\/wp-json\/wp\/v2\/media?parent=3731"}],"curies":[{"name":"wp","href":"https:\/\/api.w.org\/{rel}","templated":true}]}}