{"id":3729,"date":"2020-01-30T16:14:45","date_gmt":"2020-01-30T16:14:45","guid":{"rendered":"https:\/\/www.mettler1929.ch\/versandinformationen\/"},"modified":"2020-05-14T08:18:17","modified_gmt":"2020-05-14T08:18:17","slug":"versandinformationen","status":"publish","type":"page","link":"https:\/\/www.mettler1929.ch\/de\/versandinformationen\/","title":{"rendered":"VERSANDINFORMATIONEN"},"content":{"rendered":"\n<p>Mettler versendet weltweit online gekaufte Waren. Der Versand erfolgt nach Eingang der Zahlung. Bitte beachten Sie, dass der Versand auf Gefahr des Empf\u00e4ngers erfolgt.<\/p>\n\n<p><strong>LIEFERKOSTEN UND MINDESTBESTELLWERT<\/strong><\/p>\n\n<p>Schweiz: CHF 9.80.- Bei Bestellungen \u00fcber CHF 100.- fallen keine Versandkosten an<\/p>\n\n<p>Europa: CHF 34.- Bei Bestellungen \u00fcber CHF 250.- fallen keine Versandkosten an.<\/p>\n\n<p>Kanada \/ USA: CHF 44.- Bei Bestellungen \u00fcber CHF 250.- fallen keine Versandkosten an.<\/p>\n\n<p>Ozeanien: CHF 53.- Bei Bestellungen \u00fcber CHF 250.- fallen keine Versandkosten an.<\/p>\n\n<p>Asien: CHF 53.- Bei Bestellungen \u00fcber CHF 250.- fallen keine Versandkosten an.<\/p>\n\n<p>Afrika: CHF 53.- Bei Bestellungen \u00fcber CHF 250.- fallen keine Versandkosten an.<\/p>\n\n<p><strong>LIEFERZEITRAUM<\/strong><\/p>\n\n<p>LIEFERZEITRAUM  Sofern sich aus der Auftragsbest\u00e4tigung nichts anderes ergibt, erfolgt die Lieferung nach Zahlungseingang innerhalb von 5 &#8211; 20 Werktagen (je nach Land). Erreicht die Lieferung den K\u00e4ufer nicht innerhalb von 5 &#8211; 20 Werktagen, kann der K\u00e4ufer vom Vertrag zur\u00fccktreten. Der R\u00fccktritt ist g\u00fcltig mit eingeschriebenem Brief. Im \u00dcbrigen wird auf alle Anspr\u00fcche des Bestellers wegen versp\u00e4teter Lieferung oder R\u00fccknahme ausdr\u00fccklich verzichtet.<\/p>\n\n<p><strong>PREISE<\/strong><\/p>\n\n<p>Alle im offiziellen Mettler1929 Online-Shop angegebenen Preise k\u00f6nnen jederzeit ohne vorherige Ank\u00fcndigung ge\u00e4ndert werden. Sollten sich w\u00e4hrend einer Auftragsabwicklung durch erh\u00f6hte Kosten, zus\u00e4tzliche steuerliche Belastungen, erh\u00f6hte Z\u00f6lle oder starke W\u00e4hrungsschwankungen \u00c4nderungen ergeben, beh\u00e4lt sich Mettler1929 das Recht vor, die jeweiligen Preise anzupassen.<\/p>\n\n<p><strong>MwSt.<\/strong><\/p>\n\n<p>Die angegebenen Preise enthalten die gesetzliche Mehrwertsteuer in der Schweiz.<\/p>\n\n<p><strong>ZOLLGEB\u00dcHREN<\/strong><br \/><\/p>\n\n<p>F\u00fcr alle Lieferungen ausserhalb der Schweiz sind vom K\u00e4ufer Z\u00f6lle und lokale Steuern zu entrichten.<\/p>\n","protected":false},"excerpt":{"rendered":"<p>Mettler versendet weltweit online gekaufte Waren. Der Versand erfolgt nach Eingang der Zahlung. Bitte beachten Sie, dass der Versand auf Gefahr des Empf\u00e4ngers erfolgt. LIEFERKOSTEN UND MINDESTBESTELLWERT Schweiz: CHF 9.80.- Bei Bestellungen \u00fcber CHF 100.- fallen keine Versandkosten an Europa: CHF 34.- Bei Bestellungen \u00fcber CHF 250.- fallen keine Versandkosten an. Kanada \/ USA: CHF [&hellip;]<\/p>\n","protected":false},"author":1,"featured_media":0,"parent":0,"menu_order":0,"comment_status":"closed","ping_status":"closed","template":"templates\/template-text-page.php","meta":[],"acf":[],"_links":{"self":[{"href":"https:\/\/www.mettler1929.ch\/de\/wp-json\/wp\/v2\/pages\/3729"}],"collection":[{"href":"https:\/\/www.mettler1929.ch\/de\/wp-json\/wp\/v2\/pages"}],"about":[{"href":"https:\/\/www.mettler1929.ch\/de\/wp-json\/wp\/v2\/types\/page"}],"author":[{"embeddable":true,"href":"https:\/\/www.mettler1929.ch\/de\/wp-json\/wp\/v2\/users\/1"}],"replies":[{"embeddable":true,"href":"https:\/\/www.mettler1929.ch\/de\/wp-json\/wp\/v2\/comments?post=3729"}],"version-history":[{"count":1,"href":"https:\/\/www.mettler1929.ch\/de\/wp-json\/wp\/v2\/pages\/3729\/revisions"}],"predecessor-version":[{"id":9644,"href":"https:\/\/www.mettler1929.ch\/de\/wp-json\/wp\/v2\/pages\/3729\/revisions\/9644"}],"wp:attachment":[{"href":"https:\/\/www.mettler1929.ch\/de\/wp-json\/wp\/v2\/media?parent=3729"}],"curies":[{"name":"wp","href":"https:\/\/api.w.org\/{rel}","templated":true}]}}