{"id":16829,"date":"2021-12-06T10:46:13","date_gmt":"2021-12-06T10:46:13","guid":{"rendered":"https:\/\/www.mettler1929.ch\/haendler-werden\/"},"modified":"2021-12-08T13:07:35","modified_gmt":"2021-12-08T13:07:35","slug":"haendler-werden","status":"publish","type":"page","link":"https:\/\/www.mettler1929.ch\/de\/haendler-werden\/","title":{"rendered":"H\u00e4ndler werden"},"content":{"rendered":"\n<p>Sind Sie daran interessiert unsere Produkte in Ihrem Gesch\u00e4ft zu verkaufen?<\/p>\n\n\n\n<p>Unsere Kooperation mit der Handelsplattform Faire erm\u00f6glicht attraktive Konditionen f\u00fcr unsere Handelspartner. Bei Fragen kontaktieren Sie uns gerne: info@mettler1929.ch<\/p>\n\n\n\n<p>Vielen Dank f\u00fcr Ihre Interesse.<\/p>\n\n\n\n<iframe loading=\"lazy\" src=\"https:\/\/www.faire.com\/embed\/bw_u4se6c4u78\" scrolling=\"no\" style=\"margin:0 auto;border:none;display:block;max-width:100%; min-height:700px;\" width=\"500\" height=\"700\"><\/iframe>\n","protected":false},"excerpt":{"rendered":"<p>Sind Sie daran interessiert unsere Produkte in Ihrem Gesch\u00e4ft zu verkaufen? Unsere Kooperation mit der Handelsplattform Faire erm\u00f6glicht attraktive Konditionen f\u00fcr unsere Handelspartner. Bei Fragen kontaktieren Sie uns gerne: info@mettler1929.ch Vielen Dank f\u00fcr Ihre Interesse.<\/p>\n","protected":false},"author":1,"featured_media":0,"parent":0,"menu_order":0,"comment_status":"closed","ping_status":"closed","template":"templates\/template-text-page.php","meta":[],"acf":[],"_links":{"self":[{"href":"https:\/\/www.mettler1929.ch\/de\/wp-json\/wp\/v2\/pages\/16829"}],"collection":[{"href":"https:\/\/www.mettler1929.ch\/de\/wp-json\/wp\/v2\/pages"}],"about":[{"href":"https:\/\/www.mettler1929.ch\/de\/wp-json\/wp\/v2\/types\/page"}],"author":[{"embeddable":true,"href":"https:\/\/www.mettler1929.ch\/de\/wp-json\/wp\/v2\/users\/1"}],"replies":[{"embeddable":true,"href":"https:\/\/www.mettler1929.ch\/de\/wp-json\/wp\/v2\/comments?post=16829"}],"version-history":[{"count":5,"href":"https:\/\/www.mettler1929.ch\/de\/wp-json\/wp\/v2\/pages\/16829\/revisions"}],"predecessor-version":[{"id":16846,"href":"https:\/\/www.mettler1929.ch\/de\/wp-json\/wp\/v2\/pages\/16829\/revisions\/16846"}],"wp:attachment":[{"href":"https:\/\/www.mettler1929.ch\/de\/wp-json\/wp\/v2\/media?parent=16829"}],"curies":[{"name":"wp","href":"https:\/\/api.w.org\/{rel}","templated":true}]}}